{"id":83888,"date":"2021-02-21T20:32:02","date_gmt":"2021-02-21T20:32:02","guid":{"rendered":"https:\/\/www.autonvaraosahaku.fi\/?product=mapco-51241hps-koiranluu"},"modified":"2021-02-21T20:32:08","modified_gmt":"2021-02-21T20:32:08","slug":"mapco-51241hps-koiranluu","status":"publish","type":"product","link":"https:\/\/www.autonvaraosahaku.fi\/?product=mapco-51241hps-koiranluu","title":{"rendered":"MAPCO 51241HPS Koiranluu"},"content":{"rendered":"<p>Laatu: HPS standard; Tanko \/ tuki: Yhdystanko; Asennuspuoli: etuakseli molemminpuoleinen; Pituus (mm): 243; Kierremitta: M12x1,25; Tarvittava kappalem\u00e4\u00e4r\u00e4: 2; Valmistusvuosi alkaen: 12\/2008; KIA: CEE&#8217;D SW ED,CEE&#8217;D Schr\u00e4gheck ED,CEE&#8217;D JD,CEE`D Sportswagon JD,PRO CEE&#8217;D ED,CERATO II Stufenheck TD,CERATO KOUP TD,CEE&#8217;D Combi Van JD; HYUNDAI: i30 FD,i30 CW FD,ELANTRA Stufenheck MD, UD,ELANTRA Stufenheck HD; 548302H000, 548302H001, 548302H100, 548302H200, 548302H000, 548302H001, 548302H100, 548302H200; Kallistuksenvakaajan Yhdystanko,Tanko, Kallistuksenvaimennin<\/p>\n","protected":false},"excerpt":{"rendered":"<p>MAPCO Koiranluu 51241HPS Kallistuksenvakaajan Yhdystanko,Tanko, Kallistuksenvaimennin KIA,HYUNDAI,CEE&#8217;D SW ED,CEE&#8217;D Schr\u00e4gheck ED,CEE&#8217;D JD<\/p>\n","protected":false},"featured_media":0,"template":"","meta":{"site-sidebar-layout":"default","site-content-layout":"default","ast-global-header-display":"","ast-main-header-display":"","ast-hfb-above-header-display":"","ast-hfb-below-header-display":"","ast-hfb-mobile-header-display":"","site-post-title":"","ast-breadcrumbs-content":"","ast-featured-img":"","footer-sml-layout":"","theme-transparent-header-meta":"","adv-header-id-meta":"","stick-header-meta":"","header-above-stick-meta":"","header-main-stick-meta":"","header-below-stick-meta":""},"pwb-brand":[36],"product_cat":[38],"product_tag":[],"class_list":{"0":"post-83888","1":"product","2":"type-product","3":"status-publish","5":"pwb-brand-mapco","6":"product_cat-koiranluu","7":"desktop-align-left","8":"tablet-align-left","9":"mobile-align-left","11":"first","12":"instock","13":"product-type-external"},"brands":[{"id":36,"name":"MAPCO","slug":"mapco"}],"_links":{"self":[{"href":"https:\/\/www.autonvaraosahaku.fi\/index.php?rest_route=\/wp\/v2\/product\/83888","targetHints":{"allow":["GET"]}}],"collection":[{"href":"https:\/\/www.autonvaraosahaku.fi\/index.php?rest_route=\/wp\/v2\/product"}],"about":[{"href":"https:\/\/www.autonvaraosahaku.fi\/index.php?rest_route=\/wp\/v2\/types\/product"}],"wp:attachment":[{"href":"https:\/\/www.autonvaraosahaku.fi\/index.php?rest_route=%2Fwp%2Fv2%2Fmedia&parent=83888"}],"wp:term":[{"taxonomy":"pwb-brand","embeddable":true,"href":"https:\/\/www.autonvaraosahaku.fi\/index.php?rest_route=%2Fwp%2Fv2%2Fpwb-brand&post=83888"},{"taxonomy":"product_cat","embeddable":true,"href":"https:\/\/www.autonvaraosahaku.fi\/index.php?rest_route=%2Fwp%2Fv2%2Fproduct_cat&post=83888"},{"taxonomy":"product_tag","embeddable":true,"href":"https:\/\/www.autonvaraosahaku.fi\/index.php?rest_route=%2Fwp%2Fv2%2Fproduct_tag&post=83888"}],"curies":[{"name":"wp","href":"https:\/\/api.w.org\/{rel}","templated":true}]}}