{"id":83914,"date":"2021-02-21T20:32:18","date_gmt":"2021-02-21T20:32:18","guid":{"rendered":"https:\/\/www.autonvaraosahaku.fi\/?product=sachs-6283-600-545-kytkimen-tyosylinteri"},"modified":"2021-02-21T20:32:20","modified_gmt":"2021-02-21T20:32:20","slug":"sachs-6283-600-545-kytkimen-tyosylinteri","status":"publish","type":"product","link":"https:\/\/www.autonvaraosahaku.fi\/?product=sachs-6283-600-545-kytkimen-tyosylinteri","title":{"rendered":"SACHS 6283 600 545 Kytkimen ty\u00f6sylinteri"},"content":{"rendered":"<p>Vaihteistomalli: Schaltgetriebe 5 Gang; CITRO\u00cbN: C5 III Break TD_,C3 Picasso,C5 III RD_,C4 II B7,DS4,C-ELYSEE; PEUGEOT: 207 WA_, WC_,207 CC WD_,207 SW WK_,208,508 SW,2008,508,301; DS: DS 4 \/ DS 4 CROSSBACK; 2182E1, 2182J5, 9683750580, 2182E1, 2182J5, 9683750580, 2182E1, 2182J5, 9683750580; Ty\u00f6sylinteri, Kytkin<\/p>\n","protected":false},"excerpt":{"rendered":"<p>SACHS Kytkimen Ty\u00f6sylinteri 6283 600 545 Ty\u00f6sylinteri, Kytkin CITRO\u00cbN,PEUGEOT,DS,C5 III Break TD_,C3 Picasso,C5 III RD_,C4 II B7,DS4,C-ELYSEE<\/p>\n","protected":false},"featured_media":0,"template":"","meta":{"site-sidebar-layout":"default","site-content-layout":"default","ast-global-header-display":"","ast-main-header-display":"","ast-hfb-above-header-display":"","ast-hfb-below-header-display":"","ast-hfb-mobile-header-display":"","site-post-title":"","ast-breadcrumbs-content":"","ast-featured-img":"","footer-sml-layout":"","theme-transparent-header-meta":"","adv-header-id-meta":"","stick-header-meta":"","header-above-stick-meta":"","header-main-stick-meta":"","header-below-stick-meta":""},"pwb-brand":[91],"product_cat":[310],"product_tag":[],"class_list":{"0":"post-83914","1":"product","2":"type-product","3":"status-publish","5":"pwb-brand-sachs","6":"product_cat-kytkimen-tyosylinteri","7":"desktop-align-left","8":"tablet-align-left","9":"mobile-align-left","11":"first","12":"instock","13":"product-type-external"},"brands":[{"id":91,"name":"SACHS","slug":"sachs"}],"_links":{"self":[{"href":"https:\/\/www.autonvaraosahaku.fi\/index.php?rest_route=\/wp\/v2\/product\/83914","targetHints":{"allow":["GET"]}}],"collection":[{"href":"https:\/\/www.autonvaraosahaku.fi\/index.php?rest_route=\/wp\/v2\/product"}],"about":[{"href":"https:\/\/www.autonvaraosahaku.fi\/index.php?rest_route=\/wp\/v2\/types\/product"}],"wp:attachment":[{"href":"https:\/\/www.autonvaraosahaku.fi\/index.php?rest_route=%2Fwp%2Fv2%2Fmedia&parent=83914"}],"wp:term":[{"taxonomy":"pwb-brand","embeddable":true,"href":"https:\/\/www.autonvaraosahaku.fi\/index.php?rest_route=%2Fwp%2Fv2%2Fpwb-brand&post=83914"},{"taxonomy":"product_cat","embeddable":true,"href":"https:\/\/www.autonvaraosahaku.fi\/index.php?rest_route=%2Fwp%2Fv2%2Fproduct_cat&post=83914"},{"taxonomy":"product_tag","embeddable":true,"href":"https:\/\/www.autonvaraosahaku.fi\/index.php?rest_route=%2Fwp%2Fv2%2Fproduct_tag&post=83914"}],"curies":[{"name":"wp","href":"https:\/\/api.w.org\/{rel}","templated":true}]}}