{"id":83917,"date":"2021-02-21T20:32:18","date_gmt":"2021-02-21T20:32:18","guid":{"rendered":"https:\/\/www.autonvaraosahaku.fi\/?product=johns-67-16-37-81-sivupeilin-lasi"},"modified":"2021-02-21T20:32:21","modified_gmt":"2021-02-21T20:32:21","slug":"johns-67-16-37-81-sivupeilin-lasi","status":"publish","type":"product","link":"https:\/\/www.autonvaraosahaku.fi\/?product=johns-67-16-37-81-sivupeilin-lasi","title":{"rendered":"JOHNS 67 16 37-81 Sivupeilin lasi"},"content":{"rendered":"<p>Asennuspuoli: Vasen; Ulko-\/sis\u00e4peili: Kupera, L\u00e4mmitett\u00e4v\u00e4; Valmistusvuosi alkaen: 04\/2009; SEAT: LEON 1P1,IBIZA V 6J5, 6P5,IBIZA V ST 6J8, 6P8,EXEO ST 3R5,IBIZA V SPORTCOUPE 6J1, 6P1,EXEO 3R2; 6J0857521, 6J0857521D, 6J0857521H, 6J0857521K; Peililasi, Ulkopeili<\/p>\n","protected":false},"excerpt":{"rendered":"<p>JOHNS Sivupeilin Lasi 67 16 37-81 Peililasi, Ulkopeili SEAT,LEON 1P1,IBIZA V 6J5, 6P5,IBIZA V ST 6J8, 6P8,EXEO ST 3R5,IBIZA V SPORTCOUPE 6J1, 6P1<\/p>\n","protected":false},"featured_media":0,"template":"","meta":{"site-sidebar-layout":"default","site-content-layout":"default","ast-global-header-display":"","ast-main-header-display":"","ast-hfb-above-header-display":"","ast-hfb-below-header-display":"","ast-hfb-mobile-header-display":"","site-post-title":"","ast-breadcrumbs-content":"","ast-featured-img":"","footer-sml-layout":"","theme-transparent-header-meta":"","adv-header-id-meta":"","stick-header-meta":"","header-above-stick-meta":"","header-main-stick-meta":"","header-below-stick-meta":""},"pwb-brand":[214],"product_cat":[196],"product_tag":[],"class_list":{"0":"post-83917","1":"product","2":"type-product","3":"status-publish","5":"pwb-brand-johns","6":"product_cat-sivupeilin-lasi","7":"desktop-align-left","8":"tablet-align-left","9":"mobile-align-left","11":"first","12":"instock","13":"product-type-external"},"brands":[{"id":214,"name":"JOHNS","slug":"johns"}],"_links":{"self":[{"href":"https:\/\/www.autonvaraosahaku.fi\/index.php?rest_route=\/wp\/v2\/product\/83917","targetHints":{"allow":["GET"]}}],"collection":[{"href":"https:\/\/www.autonvaraosahaku.fi\/index.php?rest_route=\/wp\/v2\/product"}],"about":[{"href":"https:\/\/www.autonvaraosahaku.fi\/index.php?rest_route=\/wp\/v2\/types\/product"}],"wp:attachment":[{"href":"https:\/\/www.autonvaraosahaku.fi\/index.php?rest_route=%2Fwp%2Fv2%2Fmedia&parent=83917"}],"wp:term":[{"taxonomy":"pwb-brand","embeddable":true,"href":"https:\/\/www.autonvaraosahaku.fi\/index.php?rest_route=%2Fwp%2Fv2%2Fpwb-brand&post=83917"},{"taxonomy":"product_cat","embeddable":true,"href":"https:\/\/www.autonvaraosahaku.fi\/index.php?rest_route=%2Fwp%2Fv2%2Fproduct_cat&post=83917"},{"taxonomy":"product_tag","embeddable":true,"href":"https:\/\/www.autonvaraosahaku.fi\/index.php?rest_route=%2Fwp%2Fv2%2Fproduct_tag&post=83917"}],"curies":[{"name":"wp","href":"https:\/\/api.w.org\/{rel}","templated":true}]}}