{"id":83959,"date":"2021-02-21T20:32:33","date_gmt":"2021-02-21T20:32:33","guid":{"rendered":"https:\/\/www.autonvaraosahaku.fi\/?product=nrf-50542-jaahdytin"},"modified":"2021-02-21T20:32:36","modified_gmt":"2021-02-21T20:32:36","slug":"nrf-50542-jaahdytin","status":"publish","type":"product","link":"https:\/\/www.autonvaraosahaku.fi\/?product=nrf-50542-jaahdytin","title":{"rendered":"NRF 50542 J\u00e4\u00e4hdytin"},"content":{"rendered":"<p>Materiaali: Alumiini; Verkon pituus [mm]: 415; Verkon leveys [mm]: 635; Verkon syvyys [mm]: 23; J\u00e4\u00e4hdytintyyppi: J\u00e4\u00e4hdytysrivat mekaan. kiinnitetyt; Varusteet: f\u00fcr Fahrzeuge mit\/ohne Klimaanlage; VW: POLO 9N_,FOX 5Z1, 5Z3,POLO CLASSIC 6KV2,POLO Stufenheck 9A4,POLO Stufenheck 9N4; SKODA: FABIA Combi 6Y5,FABIA,FABIA 6Y2,FABIA Combi,ROOMSTER 5J,FABIA Stufenheck 6Y3,ROOMSTER Praktik 5J,FABIA Praktik; SEAT: IBIZA IV 6L1,CORDOBA 6L2; 6LL121253, 6Q0121253AD, 6Q0121253L, 6Q0121253M, 6Q0121253Q, 6Q0121253R, 6LL121253, 6Q0121253AD, 6Q0121253L, 6Q0121253M, 6Q0121253Q, 6Q0121253R, 6LL121253, 6Q0121253AD, 6Q0121253L, 6Q0121253M, 6Q0121253Q, 6Q0121253R, 6QE121253A; Syyl\u00e4ri,J\u00e4\u00e4hdytin,Moottorin J\u00e4\u00e4hdytys<\/p>\n","protected":false},"excerpt":{"rendered":"<p>NRF J\u00e4\u00e4hdytin 50542 Syyl\u00e4ri,J\u00e4\u00e4hdytin,Moottorin J\u00e4\u00e4hdytys VW,SKODA,SEAT,POLO 9N_,FOX 5Z1, 5Z3,POLO CLASSIC 6KV2,POLO Stufenheck 9A4<\/p>\n","protected":false},"featured_media":0,"template":"","meta":{"site-sidebar-layout":"default","site-content-layout":"default","ast-global-header-display":"","ast-main-header-display":"","ast-hfb-above-header-display":"","ast-hfb-below-header-display":"","ast-hfb-mobile-header-display":"","site-post-title":"","ast-breadcrumbs-content":"","ast-featured-img":"","footer-sml-layout":"","theme-transparent-header-meta":"","adv-header-id-meta":"","stick-header-meta":"","header-above-stick-meta":"","header-main-stick-meta":"","header-below-stick-meta":""},"pwb-brand":[85],"product_cat":[421],"product_tag":[],"class_list":{"0":"post-83959","1":"product","2":"type-product","3":"status-publish","5":"pwb-brand-nrf","6":"product_cat-jaahdytin","7":"desktop-align-left","8":"tablet-align-left","9":"mobile-align-left","11":"first","12":"instock","13":"product-type-external"},"brands":[{"id":85,"name":"NRF","slug":"nrf"}],"_links":{"self":[{"href":"https:\/\/www.autonvaraosahaku.fi\/index.php?rest_route=\/wp\/v2\/product\/83959","targetHints":{"allow":["GET"]}}],"collection":[{"href":"https:\/\/www.autonvaraosahaku.fi\/index.php?rest_route=\/wp\/v2\/product"}],"about":[{"href":"https:\/\/www.autonvaraosahaku.fi\/index.php?rest_route=\/wp\/v2\/types\/product"}],"wp:attachment":[{"href":"https:\/\/www.autonvaraosahaku.fi\/index.php?rest_route=%2Fwp%2Fv2%2Fmedia&parent=83959"}],"wp:term":[{"taxonomy":"pwb-brand","embeddable":true,"href":"https:\/\/www.autonvaraosahaku.fi\/index.php?rest_route=%2Fwp%2Fv2%2Fpwb-brand&post=83959"},{"taxonomy":"product_cat","embeddable":true,"href":"https:\/\/www.autonvaraosahaku.fi\/index.php?rest_route=%2Fwp%2Fv2%2Fproduct_cat&post=83959"},{"taxonomy":"product_tag","embeddable":true,"href":"https:\/\/www.autonvaraosahaku.fi\/index.php?rest_route=%2Fwp%2Fv2%2Fproduct_tag&post=83959"}],"curies":[{"name":"wp","href":"https:\/\/api.w.org\/{rel}","templated":true}]}}