{"id":83962,"date":"2021-02-21T20:32:33","date_gmt":"2021-02-21T20:32:33","guid":{"rendered":"https:\/\/www.autonvaraosahaku.fi\/?product=topran-722-261-raitisilmasuodatin"},"modified":"2021-02-21T20:32:37","modified_gmt":"2021-02-21T20:32:37","slug":"topran-722-261-raitisilmasuodatin","status":"publish","type":"product","link":"https:\/\/www.autonvaraosahaku.fi\/?product=topran-722-261-raitisilmasuodatin","title":{"rendered":"TOPRAN 722 261 Raitisilmasuodatin"},"content":{"rendered":"<p>Suodatintyyppi: Aktiivihiilisuodatin, hajuja poistava vaikutus, Suodatinpanos; M\u00e4\u00e4r\u00e4: 2; T\u00e4yssarja: ; Pituus (mm): 293; Leveys (mm): 95; Korkeus (mm): 30; Runkomateriaali: Huopa; Muoto: suorakulmainen (rectangular); Varusteet: f\u00fcr Fahrzeuge mit Klimaautomatik; OPEL: GRANDLAND X A18; TOYOTA: PROACE Bus MPY_,PROACE Kasten MDZ_,PROACE Pritsche\/Fahrgestell MDZ_; CITRO\u00cbN: BERLINGO B9,C4 Picasso I UD_,C4 Grand Picasso I UA_,BERLINGO Kasten B9,C4 Grand Picasso II,C4 Picasso II,DS5,JUMPY Kasten,SPACETOURER; PEUGEOT: 5008,3008,PARTNER Tepee,PARTNER Kasten,3008 SUV,EXPERT Kasten,5008 II,TRAVELLER; DS: DS5; VAUXHALL: GRANDLAND X A18; 6447XG, 647993, 9801448180, 9807746480, 6447XG, 647993, 9801448180, 9807746480, 6447XG, 6447XG, 647993, 9801448180, 9807746480, SU001A6185, 6447XG; Sis\u00e4ilmansuodatin,Suodatin, Sis\u00e4ilma<\/p>\n","protected":false},"excerpt":{"rendered":"<p>TOPRAN Raitisilmasuodatin 722 261 Sis\u00e4ilmansuodatin,Suodatin, Sis\u00e4ilma OPEL,TOYOTA,CITRO\u00cbN,GRANDLAND X A18,PROACE Bus MPY_,PROACE Kasten MDZ_<\/p>\n","protected":false},"featured_media":0,"template":"","meta":{"site-sidebar-layout":"default","site-content-layout":"default","ast-global-header-display":"","ast-main-header-display":"","ast-hfb-above-header-display":"","ast-hfb-below-header-display":"","ast-hfb-mobile-header-display":"","site-post-title":"","ast-breadcrumbs-content":"","ast-featured-img":"","footer-sml-layout":"","theme-transparent-header-meta":"","adv-header-id-meta":"","stick-header-meta":"","header-above-stick-meta":"","header-main-stick-meta":"","header-below-stick-meta":""},"pwb-brand":[18],"product_cat":[19],"product_tag":[],"class_list":{"0":"post-83962","1":"product","2":"type-product","3":"status-publish","5":"pwb-brand-topran","6":"product_cat-raitisilmasuodatin","7":"desktop-align-left","8":"tablet-align-left","9":"mobile-align-left","11":"first","12":"instock","13":"product-type-external"},"brands":[{"id":18,"name":"TOPRAN","slug":"topran"}],"_links":{"self":[{"href":"https:\/\/www.autonvaraosahaku.fi\/index.php?rest_route=\/wp\/v2\/product\/83962","targetHints":{"allow":["GET"]}}],"collection":[{"href":"https:\/\/www.autonvaraosahaku.fi\/index.php?rest_route=\/wp\/v2\/product"}],"about":[{"href":"https:\/\/www.autonvaraosahaku.fi\/index.php?rest_route=\/wp\/v2\/types\/product"}],"wp:attachment":[{"href":"https:\/\/www.autonvaraosahaku.fi\/index.php?rest_route=%2Fwp%2Fv2%2Fmedia&parent=83962"}],"wp:term":[{"taxonomy":"pwb-brand","embeddable":true,"href":"https:\/\/www.autonvaraosahaku.fi\/index.php?rest_route=%2Fwp%2Fv2%2Fpwb-brand&post=83962"},{"taxonomy":"product_cat","embeddable":true,"href":"https:\/\/www.autonvaraosahaku.fi\/index.php?rest_route=%2Fwp%2Fv2%2Fproduct_cat&post=83962"},{"taxonomy":"product_tag","embeddable":true,"href":"https:\/\/www.autonvaraosahaku.fi\/index.php?rest_route=%2Fwp%2Fv2%2Fproduct_tag&post=83962"}],"curies":[{"name":"wp","href":"https:\/\/api.w.org\/{rel}","templated":true}]}}