{"id":83965,"date":"2021-02-21T20:32:33","date_gmt":"2021-02-21T20:32:33","guid":{"rendered":"https:\/\/www.autonvaraosahaku.fi\/?product=nrf-33021-ilmastoinnin-kuivain"},"modified":"2021-02-21T20:32:38","modified_gmt":"2021-02-21T20:32:38","slug":"nrf-33021-ilmastoinnin-kuivain","status":"publish","type":"product","link":"https:\/\/www.autonvaraosahaku.fi\/?product=nrf-33021-ilmastoinnin-kuivain","title":{"rendered":"NRF 33021 Ilmastoinnin kuivain"},"content":{"rendered":"<p>Kylm\u00e4aine: R 134a; Materiaali: Alumiini; Sis\u00e4\u00e4ntulol\u00e4pimitta [mm]: 13; Ulostulon l\u00e4pimitta [mm]: 13; L\u00e4pimitta [mm]: 98; Korkeus (mm): 98; Laatu \/ luokka: Easy Fit; Valmistusvuoteen: 06\/1997; BMW: 3 Compact E36,3 E36,3 Coupe E36,Z3 E36,3 Cabriolet E36,3 Touring E36,Z3 Coupe E36; 1393869, 64531393869, 64538353039, 64538372977, 64538391313, 8353039, 8372977, 8391313; Kuivain, Ilmastointilaite<\/p>\n","protected":false},"excerpt":{"rendered":"<p>NRF Ilmastoinnin Kuivain EASY FIT 33021 Kuivain, Ilmastointilaite BMW,3 Compact E36,3 E36,3 Coupe E36,Z3 E36,3 Cabriolet E36,3 Touring E36<\/p>\n","protected":false},"featured_media":0,"template":"","meta":{"site-sidebar-layout":"default","site-content-layout":"default","ast-global-header-display":"","ast-main-header-display":"","ast-hfb-above-header-display":"","ast-hfb-below-header-display":"","ast-hfb-mobile-header-display":"","site-post-title":"","ast-breadcrumbs-content":"","ast-featured-img":"","footer-sml-layout":"","theme-transparent-header-meta":"","adv-header-id-meta":"","stick-header-meta":"","header-above-stick-meta":"","header-main-stick-meta":"","header-below-stick-meta":""},"pwb-brand":[85],"product_cat":[318],"product_tag":[],"class_list":{"0":"post-83965","1":"product","2":"type-product","3":"status-publish","5":"pwb-brand-nrf","6":"product_cat-ilmastoinnin-kuivain","7":"desktop-align-left","8":"tablet-align-left","9":"mobile-align-left","11":"first","12":"instock","13":"product-type-external"},"brands":[{"id":85,"name":"NRF","slug":"nrf"}],"_links":{"self":[{"href":"https:\/\/www.autonvaraosahaku.fi\/index.php?rest_route=\/wp\/v2\/product\/83965","targetHints":{"allow":["GET"]}}],"collection":[{"href":"https:\/\/www.autonvaraosahaku.fi\/index.php?rest_route=\/wp\/v2\/product"}],"about":[{"href":"https:\/\/www.autonvaraosahaku.fi\/index.php?rest_route=\/wp\/v2\/types\/product"}],"wp:attachment":[{"href":"https:\/\/www.autonvaraosahaku.fi\/index.php?rest_route=%2Fwp%2Fv2%2Fmedia&parent=83965"}],"wp:term":[{"taxonomy":"pwb-brand","embeddable":true,"href":"https:\/\/www.autonvaraosahaku.fi\/index.php?rest_route=%2Fwp%2Fv2%2Fpwb-brand&post=83965"},{"taxonomy":"product_cat","embeddable":true,"href":"https:\/\/www.autonvaraosahaku.fi\/index.php?rest_route=%2Fwp%2Fv2%2Fproduct_cat&post=83965"},{"taxonomy":"product_tag","embeddable":true,"href":"https:\/\/www.autonvaraosahaku.fi\/index.php?rest_route=%2Fwp%2Fv2%2Fproduct_tag&post=83965"}],"curies":[{"name":"wp","href":"https:\/\/api.w.org\/{rel}","templated":true}]}}