{"id":83966,"date":"2021-02-21T20:32:33","date_gmt":"2021-02-21T20:32:33","guid":{"rendered":"https:\/\/www.autonvaraosahaku.fi\/?product=topran-721-139-hammastangon-suojakumi"},"modified":"2021-02-21T20:32:38","modified_gmt":"2021-02-21T20:32:38","slug":"topran-721-139-hammastangon-suojakumi","status":"publish","type":"product","link":"https:\/\/www.autonvaraosahaku.fi\/?product=topran-721-139-hammastangon-suojakumi","title":{"rendered":"TOPRAN 721 139 Hammastangon suojakumi"},"content":{"rendered":"<p>Asennuspuoli: Vasen; Pituus (mm): 150; Sis\u00e4l\u00e4pimitta 1 [mm]: 11; Sis\u00e4l\u00e4pimitta 2 [mm]: 43; Korkeus (mm): 150; Paljekumin materiaali: Kumi; Varusteet: f\u00fcr Fahrzeuge ohne Servolenkung; CITRO\u00cbN: BERLINGO MF,XSARA PICASSO N68,BERLINGO Kasten M_,XSARA N1,XSARA Break N2,ZX N2,ZX Break N2; PEUGEOT: 306 Schr\u00e4gheck 7A, 7C, N3, N5,306 Cabriolet 7D, N3, N5,PARTNER Combispace 5F,PARTNER Kasten 5,306 Break 7E, N3, N5,306 7B, N3, N5; 406643, 406643; Paljekumi, Ohjaus<\/p>\n","protected":false},"excerpt":{"rendered":"<p>TOPRAN Hammastangon Suojakumi 721 139 Paljekumi, Ohjaus CITRO\u00cbN,PEUGEOT,BERLINGO MF,XSARA PICASSO N68,BERLINGO Kasten M_,XSARA N1,XSARA Break N2,ZX N2<\/p>\n","protected":false},"featured_media":0,"template":"","meta":{"site-sidebar-layout":"default","site-content-layout":"default","ast-global-header-display":"","ast-main-header-display":"","ast-hfb-above-header-display":"","ast-hfb-below-header-display":"","ast-hfb-mobile-header-display":"","site-post-title":"","ast-breadcrumbs-content":"","ast-featured-img":"","footer-sml-layout":"","theme-transparent-header-meta":"","adv-header-id-meta":"","stick-header-meta":"","header-above-stick-meta":"","header-main-stick-meta":"","header-below-stick-meta":""},"pwb-brand":[18],"product_cat":[81],"product_tag":[],"class_list":{"0":"post-83966","1":"product","2":"type-product","3":"status-publish","5":"pwb-brand-topran","6":"product_cat-hammastangon-suojakumi","7":"desktop-align-left","8":"tablet-align-left","9":"mobile-align-left","11":"first","12":"instock","13":"product-type-external"},"brands":[{"id":18,"name":"TOPRAN","slug":"topran"}],"_links":{"self":[{"href":"https:\/\/www.autonvaraosahaku.fi\/index.php?rest_route=\/wp\/v2\/product\/83966","targetHints":{"allow":["GET"]}}],"collection":[{"href":"https:\/\/www.autonvaraosahaku.fi\/index.php?rest_route=\/wp\/v2\/product"}],"about":[{"href":"https:\/\/www.autonvaraosahaku.fi\/index.php?rest_route=\/wp\/v2\/types\/product"}],"wp:attachment":[{"href":"https:\/\/www.autonvaraosahaku.fi\/index.php?rest_route=%2Fwp%2Fv2%2Fmedia&parent=83966"}],"wp:term":[{"taxonomy":"pwb-brand","embeddable":true,"href":"https:\/\/www.autonvaraosahaku.fi\/index.php?rest_route=%2Fwp%2Fv2%2Fpwb-brand&post=83966"},{"taxonomy":"product_cat","embeddable":true,"href":"https:\/\/www.autonvaraosahaku.fi\/index.php?rest_route=%2Fwp%2Fv2%2Fproduct_cat&post=83966"},{"taxonomy":"product_tag","embeddable":true,"href":"https:\/\/www.autonvaraosahaku.fi\/index.php?rest_route=%2Fwp%2Fv2%2Fproduct_tag&post=83966"}],"curies":[{"name":"wp","href":"https:\/\/api.w.org\/{rel}","templated":true}]}}