{"id":83974,"date":"2021-02-21T20:32:40","date_gmt":"2021-02-21T20:32:40","guid":{"rendered":"https:\/\/www.autonvaraosahaku.fi\/?product=topran-700-336-paisuntasailio"},"modified":"2021-02-21T20:32:42","modified_gmt":"2021-02-21T20:32:42","slug":"topran-700-336-paisuntasailio","status":"publish","type":"product","link":"https:\/\/www.autonvaraosahaku.fi\/?product=topran-700-336-paisuntasailio","title":{"rendered":"TOPRAN 700 336 Paisuntas\u00e4ili\u00f6"},"content":{"rendered":"<p>Materiaali: Muovi; Huomioi j\u00e4rjestelm\u00e4-t\u00e4ytt\u00f6m\u00e4\u00e4r\u00e4: ; Korvaava tuote\/korvaava tiedote 2: Kannella; Moottorinumero: KC01\/D7F 726; RENAULT: CLIO II BB0\/1\/2_, CB0\/1\/2_,KANGOO Express FC0\/1_,CLIO II Kasten SB0\/1\/2_; 7701471925; Nestes\u00e4ili\u00f6, J\u00e4\u00e4hdytysneste<\/p>\n","protected":false},"excerpt":{"rendered":"<p>TOPRAN Paisuntas\u00e4ili\u00f6 700 336 Nestes\u00e4ili\u00f6, J\u00e4\u00e4hdytysneste RENAULT,CLIO II BB0\/1\/2_, CB0\/1\/2_,KANGOO Express FC0\/1_,CLIO II Kasten SB0\/1\/2_<\/p>\n","protected":false},"featured_media":0,"template":"","meta":{"site-sidebar-layout":"default","site-content-layout":"default","ast-global-header-display":"","ast-main-header-display":"","ast-hfb-above-header-display":"","ast-hfb-below-header-display":"","ast-hfb-mobile-header-display":"","site-post-title":"","ast-breadcrumbs-content":"","ast-featured-img":"","footer-sml-layout":"","theme-transparent-header-meta":"","adv-header-id-meta":"","stick-header-meta":"","header-above-stick-meta":"","header-main-stick-meta":"","header-below-stick-meta":""},"pwb-brand":[18],"product_cat":[127],"product_tag":[],"class_list":{"0":"post-83974","1":"product","2":"type-product","3":"status-publish","5":"pwb-brand-topran","6":"product_cat-paisuntasailio","7":"desktop-align-left","8":"tablet-align-left","9":"mobile-align-left","11":"first","12":"instock","13":"product-type-external"},"brands":[{"id":18,"name":"TOPRAN","slug":"topran"}],"_links":{"self":[{"href":"https:\/\/www.autonvaraosahaku.fi\/index.php?rest_route=\/wp\/v2\/product\/83974","targetHints":{"allow":["GET"]}}],"collection":[{"href":"https:\/\/www.autonvaraosahaku.fi\/index.php?rest_route=\/wp\/v2\/product"}],"about":[{"href":"https:\/\/www.autonvaraosahaku.fi\/index.php?rest_route=\/wp\/v2\/types\/product"}],"wp:attachment":[{"href":"https:\/\/www.autonvaraosahaku.fi\/index.php?rest_route=%2Fwp%2Fv2%2Fmedia&parent=83974"}],"wp:term":[{"taxonomy":"pwb-brand","embeddable":true,"href":"https:\/\/www.autonvaraosahaku.fi\/index.php?rest_route=%2Fwp%2Fv2%2Fpwb-brand&post=83974"},{"taxonomy":"product_cat","embeddable":true,"href":"https:\/\/www.autonvaraosahaku.fi\/index.php?rest_route=%2Fwp%2Fv2%2Fproduct_cat&post=83974"},{"taxonomy":"product_tag","embeddable":true,"href":"https:\/\/www.autonvaraosahaku.fi\/index.php?rest_route=%2Fwp%2Fv2%2Fproduct_tag&post=83974"}],"curies":[{"name":"wp","href":"https:\/\/api.w.org\/{rel}","templated":true}]}}