{"id":83977,"date":"2021-02-21T20:32:40","date_gmt":"2021-02-21T20:32:40","guid":{"rendered":"https:\/\/www.autonvaraosahaku.fi\/?product=van-wezel-2781922-takavalot"},"modified":"2021-02-21T20:32:43","modified_gmt":"2021-02-21T20:32:43","slug":"van-wezel-2781922-takavalot","status":"publish","type":"product","link":"https:\/\/www.autonvaraosahaku.fi\/?product=van-wezel-2781922-takavalot","title":{"rendered":"VAN WEZEL 2781922 Takavalot"},"content":{"rendered":"<p>Asennuspuoli: Oikea; V\u00e4ri: Kromi; Lasin v\u00e4ri, vilkkulyhty: Keltainen; Osa: Keski osa; Lis\u00e4tarvike\/lis\u00e4tieto: Lampun kannalla; parilliset tuotenumerot: 2781921; Vuosimalliin: 2009; MAZDA: BT-50 CD, UN,BT-50 Pritsche\/Fahrgestell CD, UN; UR5651150, UR5651150C, UR5651170C; Takavalo<\/p>\n","protected":false},"excerpt":{"rendered":"<p>VAN WEZEL Takavalot 2781922 Takavalo MAZDA,BT-50 CD, UN,BT-50 Pritsche\/Fahrgestell CD, UN<\/p>\n","protected":false},"featured_media":0,"template":"","meta":{"site-sidebar-layout":"default","site-content-layout":"default","ast-global-header-display":"","ast-main-header-display":"","ast-hfb-above-header-display":"","ast-hfb-below-header-display":"","ast-hfb-mobile-header-display":"","site-post-title":"","ast-breadcrumbs-content":"","ast-featured-img":"","footer-sml-layout":"","theme-transparent-header-meta":"","adv-header-id-meta":"","stick-header-meta":"","header-above-stick-meta":"","header-main-stick-meta":"","header-below-stick-meta":""},"pwb-brand":[54],"product_cat":[159],"product_tag":[],"class_list":{"0":"post-83977","1":"product","2":"type-product","3":"status-publish","5":"pwb-brand-van-wezel","6":"product_cat-takavalot","7":"desktop-align-left","8":"tablet-align-left","9":"mobile-align-left","11":"first","12":"instock","13":"product-type-external"},"brands":[{"id":54,"name":"VAN WEZEL","slug":"van-wezel"}],"_links":{"self":[{"href":"https:\/\/www.autonvaraosahaku.fi\/index.php?rest_route=\/wp\/v2\/product\/83977","targetHints":{"allow":["GET"]}}],"collection":[{"href":"https:\/\/www.autonvaraosahaku.fi\/index.php?rest_route=\/wp\/v2\/product"}],"about":[{"href":"https:\/\/www.autonvaraosahaku.fi\/index.php?rest_route=\/wp\/v2\/types\/product"}],"wp:attachment":[{"href":"https:\/\/www.autonvaraosahaku.fi\/index.php?rest_route=%2Fwp%2Fv2%2Fmedia&parent=83977"}],"wp:term":[{"taxonomy":"pwb-brand","embeddable":true,"href":"https:\/\/www.autonvaraosahaku.fi\/index.php?rest_route=%2Fwp%2Fv2%2Fpwb-brand&post=83977"},{"taxonomy":"product_cat","embeddable":true,"href":"https:\/\/www.autonvaraosahaku.fi\/index.php?rest_route=%2Fwp%2Fv2%2Fproduct_cat&post=83977"},{"taxonomy":"product_tag","embeddable":true,"href":"https:\/\/www.autonvaraosahaku.fi\/index.php?rest_route=%2Fwp%2Fv2%2Fproduct_tag&post=83977"}],"curies":[{"name":"wp","href":"https:\/\/api.w.org\/{rel}","templated":true}]}}