{"id":83993,"date":"2021-02-21T20:32:48","date_gmt":"2021-02-21T20:32:48","guid":{"rendered":"https:\/\/www.autonvaraosahaku.fi\/?product=topran-206-001-jousijalan-tukilaakeri"},"modified":"2021-02-21T20:32:49","modified_gmt":"2021-02-21T20:32:49","slug":"topran-206-001-jousijalan-tukilaakeri","status":"publish","type":"product","link":"https:\/\/www.autonvaraosahaku.fi\/?product=topran-206-001-jousijalan-tukilaakeri","title":{"rendered":"TOPRAN 206 001 Jousijalan tukilaakeri"},"content":{"rendered":"<p>Asennuspuoli: etuakseli molemminpuoleinen; Korvaava tuote\/korvaava tiedote 2: Vierint\u00e4laakerilla; Lukum\u00e4\u00e4r\u00e4 akselille: 2; Yksitt\u00e4isosat luettelossa: ; OPEL: OMEGA A 16_, 17_, 19_,OMEGA B Caravan 21_, 22_, 23_,OMEGA B 25_, 26_, 27_,SENATOR B 29_,OMEGA A Caravan 66_, 67_; VAUXHALL: OMEGA B,OMEGA B Estate,CARLTON Mk III; 0344511S, 0344512S, 344511S, 344512S, 90251358S, 90288206S; Iskarin Yl\u00e4p\u00e4\u00e4,Iskunvaimentimen Yl\u00e4p\u00e4\u00e4<\/p>\n","protected":false},"excerpt":{"rendered":"<p>TOPRAN Jousijalan Tukilaakeri 206 001 Iskarin Yl\u00e4p\u00e4\u00e4,Iskunvaimentimen Yl\u00e4p\u00e4\u00e4 OPEL,VAUXHALL,OMEGA A 16_, 17_, 19_,OMEGA B Caravan 21_, 22_, 23_<\/p>\n","protected":false},"featured_media":0,"template":"","meta":{"site-sidebar-layout":"default","site-content-layout":"default","ast-global-header-display":"","ast-main-header-display":"","ast-hfb-above-header-display":"","ast-hfb-below-header-display":"","ast-hfb-mobile-header-display":"","site-post-title":"","ast-breadcrumbs-content":"","ast-featured-img":"","footer-sml-layout":"","theme-transparent-header-meta":"","adv-header-id-meta":"","stick-header-meta":"","header-above-stick-meta":"","header-main-stick-meta":"","header-below-stick-meta":""},"pwb-brand":[18],"product_cat":[45],"product_tag":[],"class_list":{"0":"post-83993","1":"product","2":"type-product","3":"status-publish","5":"pwb-brand-topran","6":"product_cat-jousijalan-tukilaakeri","7":"desktop-align-left","8":"tablet-align-left","9":"mobile-align-left","11":"first","12":"instock","13":"product-type-external"},"brands":[{"id":18,"name":"TOPRAN","slug":"topran"}],"_links":{"self":[{"href":"https:\/\/www.autonvaraosahaku.fi\/index.php?rest_route=\/wp\/v2\/product\/83993","targetHints":{"allow":["GET"]}}],"collection":[{"href":"https:\/\/www.autonvaraosahaku.fi\/index.php?rest_route=\/wp\/v2\/product"}],"about":[{"href":"https:\/\/www.autonvaraosahaku.fi\/index.php?rest_route=\/wp\/v2\/types\/product"}],"wp:attachment":[{"href":"https:\/\/www.autonvaraosahaku.fi\/index.php?rest_route=%2Fwp%2Fv2%2Fmedia&parent=83993"}],"wp:term":[{"taxonomy":"pwb-brand","embeddable":true,"href":"https:\/\/www.autonvaraosahaku.fi\/index.php?rest_route=%2Fwp%2Fv2%2Fpwb-brand&post=83993"},{"taxonomy":"product_cat","embeddable":true,"href":"https:\/\/www.autonvaraosahaku.fi\/index.php?rest_route=%2Fwp%2Fv2%2Fproduct_cat&post=83993"},{"taxonomy":"product_tag","embeddable":true,"href":"https:\/\/www.autonvaraosahaku.fi\/index.php?rest_route=%2Fwp%2Fv2%2Fproduct_tag&post=83993"}],"curies":[{"name":"wp","href":"https:\/\/api.w.org\/{rel}","templated":true}]}}