{"id":84015,"date":"2021-02-21T20:32:55","date_gmt":"2021-02-21T20:32:55","guid":{"rendered":"https:\/\/www.autonvaraosahaku.fi\/?product=topran-207-122-painelaakeri"},"modified":"2021-02-21T20:32:57","modified_gmt":"2021-02-21T20:32:57","slug":"topran-207-122-painelaakeri","status":"publish","type":"product","link":"https:\/\/www.autonvaraosahaku.fi\/?product=topran-207-122-painelaakeri","title":{"rendered":"TOPRAN 207 122 Painelaakeri"},"content":{"rendered":"<p>K\u00e4ytt\u00f6: Hydraulinen; Kiinnitysreikien lukum\u00e4\u00e4r\u00e4: 3; Reik\u00e4-\u00d8 [mm]: 27; Vaihdelaatikon numero: PK1061; OPEL: VIVARO Kasten F7,VIVARO Combi J7,MOVANO Kasten F9,MOVANO Combi J9,VIVARO Pritsche\/Fahrgestell E7,MOVANO Pritsche\/Fahrgestell U9, E9; RENAULT: ESPACE IV JK0\/1_,LAGUNA II Grandtour KG0\/1_,ESPACE III JE0_,LAGUNA II BG0\/1_,TRAFIC II Bus JL,MASTER II Kasten FD,TRAFIC II Kasten FL,LAGUNA I B56_, 556_,LAGUNA I Grandtour K56_,MASTER II Pritsche\/Fahrgestell ED\/HD\/UD,MASTER II Bus JD,TRAFIC II Pritsche\/Fahrgestell EL; NISSAN: PRIMASTAR Bus X83,PRIMASTAR Kasten X83,INTERSTAR Kasten X70,INTERSTAR Bus X70,INTERSTAR Pritsche\/Fahrgestell; VAUXHALL: VIVARO Kasten F7,MOVANO Mk I A Van FD,MOVANO Mk I A Combi JD,VIVARO Combi J7,VIVARO Pritsche\/Fahrgestell E7; 3057000Q0D, 3057000Q0E, 3057000Q0L, 3057000QAA, 3057000QAC, 4402133, 4409897, 4413842, 4502299, 7700110348, 8200124021, 8200283479, 8200609202, 8200654810, 8200846748, 09110133, 09162581, 93160102, 93161282<\/p>\n","protected":false},"excerpt":{"rendered":"<p>TOPRAN Irroitusmekanismi Kytkin 207 122  OPEL,RENAULT,NISSAN,VIVARO Kasten F7,VIVARO Combi J7,MOVANO Kasten F9,MOVANO Combi J9<\/p>\n","protected":false},"featured_media":0,"template":"","meta":{"site-sidebar-layout":"default","site-content-layout":"default","ast-global-header-display":"","ast-main-header-display":"","ast-hfb-above-header-display":"","ast-hfb-below-header-display":"","ast-hfb-mobile-header-display":"","site-post-title":"","ast-breadcrumbs-content":"","ast-featured-img":"","footer-sml-layout":"","theme-transparent-header-meta":"","adv-header-id-meta":"","stick-header-meta":"","header-above-stick-meta":"","header-main-stick-meta":"","header-below-stick-meta":""},"pwb-brand":[18],"product_cat":[223],"product_tag":[],"class_list":{"0":"post-84015","1":"product","2":"type-product","3":"status-publish","5":"pwb-brand-topran","6":"product_cat-painelaakeri","7":"desktop-align-left","8":"tablet-align-left","9":"mobile-align-left","11":"first","12":"instock","13":"product-type-external"},"brands":[{"id":18,"name":"TOPRAN","slug":"topran"}],"_links":{"self":[{"href":"https:\/\/www.autonvaraosahaku.fi\/index.php?rest_route=\/wp\/v2\/product\/84015","targetHints":{"allow":["GET"]}}],"collection":[{"href":"https:\/\/www.autonvaraosahaku.fi\/index.php?rest_route=\/wp\/v2\/product"}],"about":[{"href":"https:\/\/www.autonvaraosahaku.fi\/index.php?rest_route=\/wp\/v2\/types\/product"}],"wp:attachment":[{"href":"https:\/\/www.autonvaraosahaku.fi\/index.php?rest_route=%2Fwp%2Fv2%2Fmedia&parent=84015"}],"wp:term":[{"taxonomy":"pwb-brand","embeddable":true,"href":"https:\/\/www.autonvaraosahaku.fi\/index.php?rest_route=%2Fwp%2Fv2%2Fpwb-brand&post=84015"},{"taxonomy":"product_cat","embeddable":true,"href":"https:\/\/www.autonvaraosahaku.fi\/index.php?rest_route=%2Fwp%2Fv2%2Fproduct_cat&post=84015"},{"taxonomy":"product_tag","embeddable":true,"href":"https:\/\/www.autonvaraosahaku.fi\/index.php?rest_route=%2Fwp%2Fv2%2Fproduct_tag&post=84015"}],"curies":[{"name":"wp","href":"https:\/\/api.w.org\/{rel}","templated":true}]}}