{"id":84021,"date":"2021-02-21T20:32:55","date_gmt":"2021-02-21T20:32:55","guid":{"rendered":"https:\/\/www.autonvaraosahaku.fi\/?product=hella-6pt-009-104-131-lampotila-anturi"},"modified":"2021-02-21T20:32:59","modified_gmt":"2021-02-21T20:32:59","slug":"hella-6pt-009-104-131-lampotila-anturi","status":"publish","type":"product","link":"https:\/\/www.autonvaraosahaku.fi\/?product=hella-6pt-009-104-131-lampotila-anturi","title":{"rendered":"HELLA 6PT 009 104-131 L\u00e4mp\u00f6tila-anturi"},"content":{"rendered":"<p>Nimellisj\u00e4nnite (V): 12; Vastus [Ohm]: 3400; Nimellisl\u00e4mp\u00f6tila (C): 20; Sensorien m\u00e4\u00e4r\u00e4: 1; Vastustyyppi: NTC-anturi; BMW: 5 E60,5 Touring E61,5 Touring F11,5 F10, F18,7 F01, F02, F03, F04,5 Gran Turismo F07,6 E63,6 Cabriolet E64,6 Coupe F13,6 Cabriolet F12; 64116920430, 6920430; Tunnistin, Sis\u00e4ilmal\u00e4mp\u00f6tila<\/p>\n","protected":false},"excerpt":{"rendered":"<p>HELLA L\u00e4mp\u00f6tila-Anturi 6PT 009 104-131 Tunnistin, Sis\u00e4ilmal\u00e4mp\u00f6tila BMW,5 E60,5 Touring E61,5 Touring F11,5 F10, F18,7 F01, F02, F03, F04<\/p>\n","protected":false},"featured_media":0,"template":"","meta":{"site-sidebar-layout":"default","site-content-layout":"default","ast-global-header-display":"","ast-main-header-display":"","ast-hfb-above-header-display":"","ast-hfb-below-header-display":"","ast-hfb-mobile-header-display":"","site-post-title":"","ast-breadcrumbs-content":"","ast-featured-img":"","footer-sml-layout":"","theme-transparent-header-meta":"","adv-header-id-meta":"","stick-header-meta":"","header-above-stick-meta":"","header-main-stick-meta":"","header-below-stick-meta":""},"pwb-brand":[24],"product_cat":[47],"product_tag":[],"class_list":{"0":"post-84021","1":"product","2":"type-product","3":"status-publish","5":"pwb-brand-hella","6":"product_cat-lampotila-anturi","7":"desktop-align-left","8":"tablet-align-left","9":"mobile-align-left","11":"first","12":"instock","13":"product-type-external"},"brands":[{"id":24,"name":"HELLA","slug":"hella"}],"_links":{"self":[{"href":"https:\/\/www.autonvaraosahaku.fi\/index.php?rest_route=\/wp\/v2\/product\/84021","targetHints":{"allow":["GET"]}}],"collection":[{"href":"https:\/\/www.autonvaraosahaku.fi\/index.php?rest_route=\/wp\/v2\/product"}],"about":[{"href":"https:\/\/www.autonvaraosahaku.fi\/index.php?rest_route=\/wp\/v2\/types\/product"}],"wp:attachment":[{"href":"https:\/\/www.autonvaraosahaku.fi\/index.php?rest_route=%2Fwp%2Fv2%2Fmedia&parent=84021"}],"wp:term":[{"taxonomy":"pwb-brand","embeddable":true,"href":"https:\/\/www.autonvaraosahaku.fi\/index.php?rest_route=%2Fwp%2Fv2%2Fpwb-brand&post=84021"},{"taxonomy":"product_cat","embeddable":true,"href":"https:\/\/www.autonvaraosahaku.fi\/index.php?rest_route=%2Fwp%2Fv2%2Fproduct_cat&post=84021"},{"taxonomy":"product_tag","embeddable":true,"href":"https:\/\/www.autonvaraosahaku.fi\/index.php?rest_route=%2Fwp%2Fv2%2Fproduct_tag&post=84021"}],"curies":[{"name":"wp","href":"https:\/\/api.w.org\/{rel}","templated":true}]}}