{"id":84025,"date":"2021-02-21T20:32:55","date_gmt":"2021-02-21T20:32:55","guid":{"rendered":"https:\/\/www.autonvaraosahaku.fi\/?product=skf-vkjp-1411-vetonivelen-suojakumi"},"modified":"2021-02-21T20:33:00","modified_gmt":"2021-02-21T20:33:00","slug":"skf-vkjp-1411-vetonivelen-suojakumi","status":"publish","type":"product","link":"https:\/\/www.autonvaraosahaku.fi\/?product=skf-vkjp-1411-vetonivelen-suojakumi","title":{"rendered":"SKF VKJP 1411 Vetonivelen suojakumi"},"content":{"rendered":"<p>Korkeus (mm): 136,2; Materiaali: Thermoplast; Sis\u00e4l\u00e4pimitta 1 [mm]: 31,5; Sis\u00e4l\u00e4pimitta 2 [mm]: 105,2; Asennuspuoli: radseitig; FIAT: DUCATO Kasten 250,DUCATO Pritsche\/Fahrgestell 250,DUCATO Bus 250; PEUGEOT: BOXER Kasten,BOXER Bus,BOXER Pritsche\/Fahrgestell; CITRO\u00cbN: JUMPER Kasten,JUMPER Bus,JUMPER Pritsche\/Fahrgestell; 1607740980, 3293E2, 46308305, 46308481, 46308482, 71771154, 71771155, 1607740980, 3293E2<\/p>\n","protected":false},"excerpt":{"rendered":"<p>SKF Paljekumisarja, Vetoakseli VKJP 1411  FIAT,PEUGEOT,CITRO\u00cbN,DUCATO Kasten 250,DUCATO Pritsche\/Fahrgestell 250,DUCATO Bus 250,BOXER Kasten,BOXER Bus<\/p>\n","protected":false},"featured_media":0,"template":"","meta":{"site-sidebar-layout":"default","site-content-layout":"default","ast-global-header-display":"","ast-main-header-display":"","ast-hfb-above-header-display":"","ast-hfb-below-header-display":"","ast-hfb-mobile-header-display":"","site-post-title":"","ast-breadcrumbs-content":"","ast-featured-img":"","footer-sml-layout":"","theme-transparent-header-meta":"","adv-header-id-meta":"","stick-header-meta":"","header-above-stick-meta":"","header-main-stick-meta":"","header-below-stick-meta":""},"pwb-brand":[237],"product_cat":[42],"product_tag":[],"class_list":{"0":"post-84025","1":"product","2":"type-product","3":"status-publish","5":"pwb-brand-skf","6":"product_cat-vetonivelen-suojakumi","7":"desktop-align-left","8":"tablet-align-left","9":"mobile-align-left","11":"first","12":"instock","13":"product-type-external"},"brands":[{"id":237,"name":"SKF","slug":"skf"}],"_links":{"self":[{"href":"https:\/\/www.autonvaraosahaku.fi\/index.php?rest_route=\/wp\/v2\/product\/84025","targetHints":{"allow":["GET"]}}],"collection":[{"href":"https:\/\/www.autonvaraosahaku.fi\/index.php?rest_route=\/wp\/v2\/product"}],"about":[{"href":"https:\/\/www.autonvaraosahaku.fi\/index.php?rest_route=\/wp\/v2\/types\/product"}],"wp:attachment":[{"href":"https:\/\/www.autonvaraosahaku.fi\/index.php?rest_route=%2Fwp%2Fv2%2Fmedia&parent=84025"}],"wp:term":[{"taxonomy":"pwb-brand","embeddable":true,"href":"https:\/\/www.autonvaraosahaku.fi\/index.php?rest_route=%2Fwp%2Fv2%2Fpwb-brand&post=84025"},{"taxonomy":"product_cat","embeddable":true,"href":"https:\/\/www.autonvaraosahaku.fi\/index.php?rest_route=%2Fwp%2Fv2%2Fproduct_cat&post=84025"},{"taxonomy":"product_tag","embeddable":true,"href":"https:\/\/www.autonvaraosahaku.fi\/index.php?rest_route=%2Fwp%2Fv2%2Fproduct_tag&post=84025"}],"curies":[{"name":"wp","href":"https:\/\/api.w.org\/{rel}","templated":true}]}}