{"id":84033,"date":"2021-02-21T20:33:03","date_gmt":"2021-02-21T20:33:03","guid":{"rendered":"https:\/\/www.autonvaraosahaku.fi\/?product=van-wezel-03002124-jaahdytin"},"modified":"2021-02-21T20:33:04","modified_gmt":"2021-02-21T20:33:04","slug":"van-wezel-03002124-jaahdytin","status":"publish","type":"product","link":"https:\/\/www.autonvaraosahaku.fi\/?product=van-wezel-03002124-jaahdytin","title":{"rendered":"VAN WEZEL 03002124 J\u00e4\u00e4hdytin"},"content":{"rendered":"<p>J\u00e4hdytysripamateriaali: Alumiini; J\u00e4\u00e4hdytintyyppi: J\u00e4\u00e4hdytysrivat mekaan. kiinnitetyt; Matriaali j\u00e4\u00e4hdyttimen s\u00e4ili\u00f6: Muovi; Lis\u00e4tarvike\/lis\u00e4tieto: Tiivisteill\u00e4; Korvaava tuote\/korvaava tiedote 2: tulpalla; Liittimet: QF; Verkon pituus [mm]: 630; Verkon leveys [mm]: 415; Verkon syvyys [mm]: 35; Laatu: IR PLUS; lis\u00e4tieto: *** IR PLUS ***; Vaihteistomalli: Schaltgetriebe; VW: PASSAT Variant 3B6,PASSAT Variant 3B5,PASSAT 3B2,PASSAT 3B3; AUDI: A4 8D2, B5,A6 Avant 4B5, C5,A4 Avant 8D5, B5,A6 4B2, C5; SKODA: SUPERB 3U4; 4B0121251AE, 4B0121251F, 8D0121251N, 8DO121251N; Syyl\u00e4ri,J\u00e4\u00e4hdytin,Moottorin J\u00e4\u00e4hdytys<\/p>\n","protected":false},"excerpt":{"rendered":"<p>VAN WEZEL J\u00e4\u00e4hdytin 03002124 Syyl\u00e4ri,J\u00e4\u00e4hdytin,Moottorin J\u00e4\u00e4hdytys VW,AUDI,SKODA,PASSAT Variant 3B6,PASSAT Variant 3B5,PASSAT 3B2,PASSAT 3B3<\/p>\n","protected":false},"featured_media":0,"template":"","meta":{"site-sidebar-layout":"default","site-content-layout":"default","ast-global-header-display":"","ast-main-header-display":"","ast-hfb-above-header-display":"","ast-hfb-below-header-display":"","ast-hfb-mobile-header-display":"","site-post-title":"","ast-breadcrumbs-content":"","ast-featured-img":"","footer-sml-layout":"","theme-transparent-header-meta":"","adv-header-id-meta":"","stick-header-meta":"","header-above-stick-meta":"","header-main-stick-meta":"","header-below-stick-meta":""},"pwb-brand":[54],"product_cat":[421],"product_tag":[],"class_list":{"0":"post-84033","1":"product","2":"type-product","3":"status-publish","5":"pwb-brand-van-wezel","6":"product_cat-jaahdytin","7":"desktop-align-left","8":"tablet-align-left","9":"mobile-align-left","11":"first","12":"instock","13":"product-type-external"},"brands":[{"id":54,"name":"VAN WEZEL","slug":"van-wezel"}],"_links":{"self":[{"href":"https:\/\/www.autonvaraosahaku.fi\/index.php?rest_route=\/wp\/v2\/product\/84033","targetHints":{"allow":["GET"]}}],"collection":[{"href":"https:\/\/www.autonvaraosahaku.fi\/index.php?rest_route=\/wp\/v2\/product"}],"about":[{"href":"https:\/\/www.autonvaraosahaku.fi\/index.php?rest_route=\/wp\/v2\/types\/product"}],"wp:attachment":[{"href":"https:\/\/www.autonvaraosahaku.fi\/index.php?rest_route=%2Fwp%2Fv2%2Fmedia&parent=84033"}],"wp:term":[{"taxonomy":"pwb-brand","embeddable":true,"href":"https:\/\/www.autonvaraosahaku.fi\/index.php?rest_route=%2Fwp%2Fv2%2Fpwb-brand&post=84033"},{"taxonomy":"product_cat","embeddable":true,"href":"https:\/\/www.autonvaraosahaku.fi\/index.php?rest_route=%2Fwp%2Fv2%2Fproduct_cat&post=84033"},{"taxonomy":"product_tag","embeddable":true,"href":"https:\/\/www.autonvaraosahaku.fi\/index.php?rest_route=%2Fwp%2Fv2%2Fproduct_tag&post=84033"}],"curies":[{"name":"wp","href":"https:\/\/api.w.org\/{rel}","templated":true}]}}