{"id":84038,"date":"2021-02-21T20:33:03","date_gmt":"2021-02-21T20:33:03","guid":{"rendered":"https:\/\/www.autonvaraosahaku.fi\/?product=budweg-caliper-344157-jarrusatula"},"modified":"2021-02-21T20:33:05","modified_gmt":"2021-02-21T20:33:05","slug":"budweg-caliper-344157-jarrusatula","status":"publish","type":"product","link":"https:\/\/www.autonvaraosahaku.fi\/?product=budweg-caliper-344157-jarrusatula","title":{"rendered":"BUDWEG CALIPER 344157 Jarrusatula"},"content":{"rendered":"<p>Parilliset tuotenumerot: 344156; Jarruj\u00e4rjestelm\u00e4: ATE; Jarrulevyn paksuus (mm): 12; Jarrusatulatyyppi: Jarrusatula (1-m\u00e4nt\u00e4); L\u00e4pimitta [mm]: 38; Asennuspuoli: Hinterachse; CITRO\u00cbN: C5 III Break TD_,C5 III RD_; 1610901080, 4400V6, 4400Y0<\/p>\n","protected":false},"excerpt":{"rendered":"<p>BUDWEG CALIPER Jarrusatula 344157  CITRO\u00cbN,C5 III Break TD_,C5 III RD_<\/p>\n","protected":false},"featured_media":0,"template":"","meta":{"site-sidebar-layout":"default","site-content-layout":"default","ast-global-header-display":"","ast-main-header-display":"","ast-hfb-above-header-display":"","ast-hfb-below-header-display":"","ast-hfb-mobile-header-display":"","site-post-title":"","ast-breadcrumbs-content":"","ast-featured-img":"","footer-sml-layout":"","theme-transparent-header-meta":"","adv-header-id-meta":"","stick-header-meta":"","header-above-stick-meta":"","header-main-stick-meta":"","header-below-stick-meta":""},"pwb-brand":[269],"product_cat":[177],"product_tag":[],"class_list":{"0":"post-84038","1":"product","2":"type-product","3":"status-publish","5":"pwb-brand-budweg-caliper","6":"product_cat-jarrusatula","7":"desktop-align-left","8":"tablet-align-left","9":"mobile-align-left","11":"first","12":"instock","13":"product-type-external"},"brands":[{"id":269,"name":"BUDWEG CALIPER","slug":"budweg-caliper"}],"_links":{"self":[{"href":"https:\/\/www.autonvaraosahaku.fi\/index.php?rest_route=\/wp\/v2\/product\/84038","targetHints":{"allow":["GET"]}}],"collection":[{"href":"https:\/\/www.autonvaraosahaku.fi\/index.php?rest_route=\/wp\/v2\/product"}],"about":[{"href":"https:\/\/www.autonvaraosahaku.fi\/index.php?rest_route=\/wp\/v2\/types\/product"}],"wp:attachment":[{"href":"https:\/\/www.autonvaraosahaku.fi\/index.php?rest_route=%2Fwp%2Fv2%2Fmedia&parent=84038"}],"wp:term":[{"taxonomy":"pwb-brand","embeddable":true,"href":"https:\/\/www.autonvaraosahaku.fi\/index.php?rest_route=%2Fwp%2Fv2%2Fpwb-brand&post=84038"},{"taxonomy":"product_cat","embeddable":true,"href":"https:\/\/www.autonvaraosahaku.fi\/index.php?rest_route=%2Fwp%2Fv2%2Fproduct_cat&post=84038"},{"taxonomy":"product_tag","embeddable":true,"href":"https:\/\/www.autonvaraosahaku.fi\/index.php?rest_route=%2Fwp%2Fv2%2Fproduct_tag&post=84038"}],"curies":[{"name":"wp","href":"https:\/\/api.w.org\/{rel}","templated":true}]}}