{"id":84049,"date":"2021-02-21T20:33:03","date_gmt":"2021-02-21T20:33:03","guid":{"rendered":"https:\/\/www.autonvaraosahaku.fi\/?product=ufi-24-416-00-polttoainesuodatin"},"modified":"2021-02-21T20:33:09","modified_gmt":"2021-02-21T20:33:09","slug":"ufi-24-416-00-polttoainesuodatin","status":"publish","type":"product","link":"https:\/\/www.autonvaraosahaku.fi\/?product=ufi-24-416-00-polttoainesuodatin","title":{"rendered":"UFI 24.416.00 Polttoainesuodatin"},"content":{"rendered":"<p>Ulkol\u00e4pimitta [mm]: 86,5; Sis\u00e4\u00e4ntulol\u00e4pimitta [mm]: 10,0; Korkeus (mm): 105,0; OE-numerolle: 611 090 08 52; MERCEDES-BENZ: A-CLASS W168,VANEO 414,VITO Bus 638,SPRINTER 3-t Kasten 903,SPRINTER 2-t Bus 901, 902,V-CLASS 638\/2,SPRINTER 2-t Kasten 901, 902,SPRINTER 3-t Bus 903,SPRINTER 3-t Pritsche\/Fahrgestell 903,VITO Kasten 638,SPRINTER 4-t Pritsche\/Fahrgestell 904,SPRINTER 2-t Pritsche\/Fahrgestell 901, 902,SPRINTER 4-t Kasten 904,SPRINTER 4-t Bus 904,SPRINTER 5-t Pritsche\/Fahrgestell 905,SPRINTER Kipper 905; 6110900852, 6110920201, 6110920601, 6680900152, 6680920101, 6680920201, A6110900852, A6110920201, A6110920601, A6680900152, A6680920101<\/p>\n","protected":false},"excerpt":{"rendered":"<p>UFI Polttoainesuodatin 24.416.00  MERCEDES-BENZ,A-CLASS W168,VANEO 414,VITO Bus 638,SPRINTER 3-t Kasten 903,SPRINTER 2-t Bus 901, 902,V-CLASS 638\/2<\/p>\n","protected":false},"featured_media":0,"template":"","meta":{"site-sidebar-layout":"default","site-content-layout":"default","ast-global-header-display":"","ast-main-header-display":"","ast-hfb-above-header-display":"","ast-hfb-below-header-display":"","ast-hfb-mobile-header-display":"","site-post-title":"","ast-breadcrumbs-content":"","ast-featured-img":"","footer-sml-layout":"","theme-transparent-header-meta":"","adv-header-id-meta":"","stick-header-meta":"","header-above-stick-meta":"","header-main-stick-meta":"","header-below-stick-meta":""},"pwb-brand":[109],"product_cat":[29],"product_tag":[],"class_list":{"0":"post-84049","1":"product","2":"type-product","3":"status-publish","5":"pwb-brand-ufi","6":"product_cat-polttoainesuodatin","7":"desktop-align-left","8":"tablet-align-left","9":"mobile-align-left","11":"first","12":"instock","13":"product-type-external"},"brands":[{"id":109,"name":"UFI","slug":"ufi"}],"_links":{"self":[{"href":"https:\/\/www.autonvaraosahaku.fi\/index.php?rest_route=\/wp\/v2\/product\/84049","targetHints":{"allow":["GET"]}}],"collection":[{"href":"https:\/\/www.autonvaraosahaku.fi\/index.php?rest_route=\/wp\/v2\/product"}],"about":[{"href":"https:\/\/www.autonvaraosahaku.fi\/index.php?rest_route=\/wp\/v2\/types\/product"}],"wp:attachment":[{"href":"https:\/\/www.autonvaraosahaku.fi\/index.php?rest_route=%2Fwp%2Fv2%2Fmedia&parent=84049"}],"wp:term":[{"taxonomy":"pwb-brand","embeddable":true,"href":"https:\/\/www.autonvaraosahaku.fi\/index.php?rest_route=%2Fwp%2Fv2%2Fpwb-brand&post=84049"},{"taxonomy":"product_cat","embeddable":true,"href":"https:\/\/www.autonvaraosahaku.fi\/index.php?rest_route=%2Fwp%2Fv2%2Fproduct_cat&post=84049"},{"taxonomy":"product_tag","embeddable":true,"href":"https:\/\/www.autonvaraosahaku.fi\/index.php?rest_route=%2Fwp%2Fv2%2Fproduct_tag&post=84049"}],"curies":[{"name":"wp","href":"https:\/\/api.w.org\/{rel}","templated":true}]}}