{"id":84056,"date":"2021-02-21T20:33:10","date_gmt":"2021-02-21T20:33:10","guid":{"rendered":"https:\/\/www.autonvaraosahaku.fi\/?product=ufi-23-461-00-oljynsuodatin"},"modified":"2021-02-21T20:33:12","modified_gmt":"2021-02-21T20:33:12","slug":"ufi-23-461-00-oljynsuodatin","status":"publish","type":"product","link":"https:\/\/www.autonvaraosahaku.fi\/?product=ufi-23-461-00-oljynsuodatin","title":{"rendered":"UFI 23.461.00 \u00d6ljynsuodatin"},"content":{"rendered":"<p>Ulkol\u00e4pimitta [mm]: 80,5; Sis\u00e4l\u00e4pimitta 1 [mm]: 57,0; Ulkol\u00e4pimitta 2 [mm]: 65,0; Ulkol\u00e4pimitta 1 [mm]: 81,5; Kierremitta: M 20 X 1,5; Korkeus (mm): 76,0; Avauspaine ohitusventtiili [bar]: 1,0; Korvaava tuote\/korvaava tiedote 2: yhdell\u00e4 peruutuksenestoventtiilill\u00e4; MAZDA: 6 Station Wagon GY,6 Kombi GH,323 F VI BJ,PREMACY CP,CX-7 ER,6 Hatchback GG,6 GG,3 BL,6 Schr\u00e4gheck GH,626 V Hatchback GF,6 GH,MPV II LW,626 V GF,626 V Station Wagon GW,323 P V BA,3 Stufenheck BL,FAMILIA VI BJ,323 III Hatchback BF,323 III BF; KIA: SORENTO I JC,CEE&#8217;D SW ED,CEE&#8217;D Schr\u00e4gheck ED,SPORTAGE JE_, KM_,VENGA YN,SORENTO II XM,CARENS II FJ,RIO III UB,RIO II JB,CEE&#8217;D JD,CARENS III UN,CARNIVAL \/ GRAND CARNIVAL III VQ,PRO CEE&#8217;D ED,SOUL AM,CERATO LD,MAGENTIS GD,MAGENTIS MG,PRO CEE\u00b4D JD,CERATO Stufenheck LD,RIO II Stufenheck JB,RIO III Stufenheck UB,SPORTAGE QL,CERATO II Stufenheck TD,CERATO YD Stufenheck; HYUNDAI: i30 FD,GETZ TB,i20 PB, PBT,TUCSON JM,i30 CW FD,SANTA F\u00c9 I SM,SANTA F\u00c9 II CM,MATRIX FC,TERRACAN HP,COUPE GK,TRAJET FO,SONATA V NF,SONATA IV EF,GENESIS Coupe,VELOSTER FS,ACCENT III MC,ELANTRA XD,ACCENT III Stufenheck MC,ELANTRA Stufenheck XD,TUCSON,ELANTRA Stufenheck MD, UD,SONATA VI YF,ACCENT IV Stufenheck RB,i30 PDE,IONIQ AE,i30 Kombi PDE,i30 FASTBACK PDE; MITSUBISHI: LANCER SPORTBACK CX_A,LANCER Stufenheck CY\/Z_A,SPACE WAGON N9_W, N8_W,SPACE RUNNER N6_W; 2630035500, 2630035501, 2630035502, 2630035503, 2630035504, 2630035505, 2630035502, 2630035504, 2630035505, RF0323802B, RF2143029A, RF2A14302A, RFY214302, RFY2143029A<\/p>\n","protected":false},"excerpt":{"rendered":"<p>UFI \u00d6ljynsuodatin 23.461.00  MAZDA,KIA,HYUNDAI,6 Station Wagon GY,6 Kombi GH,323 F VI BJ,PREMACY CP,CX-7 ER,6 Hatchback GG,6 GG,3 BL,6 Schr\u00e4gheck GH<\/p>\n","protected":false},"featured_media":0,"template":"","meta":{"site-sidebar-layout":"default","site-content-layout":"default","ast-global-header-display":"","ast-main-header-display":"","ast-hfb-above-header-display":"","ast-hfb-below-header-display":"","ast-hfb-mobile-header-display":"","site-post-title":"","ast-breadcrumbs-content":"","ast-featured-img":"","footer-sml-layout":"","theme-transparent-header-meta":"","adv-header-id-meta":"","stick-header-meta":"","header-above-stick-meta":"","header-main-stick-meta":"","header-below-stick-meta":""},"pwb-brand":[109],"product_cat":[30],"product_tag":[],"class_list":{"0":"post-84056","1":"product","2":"type-product","3":"status-publish","5":"pwb-brand-ufi","6":"product_cat-oljynsuodatin","7":"desktop-align-left","8":"tablet-align-left","9":"mobile-align-left","11":"first","12":"instock","13":"product-type-external"},"brands":[{"id":109,"name":"UFI","slug":"ufi"}],"_links":{"self":[{"href":"https:\/\/www.autonvaraosahaku.fi\/index.php?rest_route=\/wp\/v2\/product\/84056","targetHints":{"allow":["GET"]}}],"collection":[{"href":"https:\/\/www.autonvaraosahaku.fi\/index.php?rest_route=\/wp\/v2\/product"}],"about":[{"href":"https:\/\/www.autonvaraosahaku.fi\/index.php?rest_route=\/wp\/v2\/types\/product"}],"wp:attachment":[{"href":"https:\/\/www.autonvaraosahaku.fi\/index.php?rest_route=%2Fwp%2Fv2%2Fmedia&parent=84056"}],"wp:term":[{"taxonomy":"pwb-brand","embeddable":true,"href":"https:\/\/www.autonvaraosahaku.fi\/index.php?rest_route=%2Fwp%2Fv2%2Fpwb-brand&post=84056"},{"taxonomy":"product_cat","embeddable":true,"href":"https:\/\/www.autonvaraosahaku.fi\/index.php?rest_route=%2Fwp%2Fv2%2Fproduct_cat&post=84056"},{"taxonomy":"product_tag","embeddable":true,"href":"https:\/\/www.autonvaraosahaku.fi\/index.php?rest_route=%2Fwp%2Fv2%2Fproduct_tag&post=84056"}],"curies":[{"name":"wp","href":"https:\/\/api.w.org\/{rel}","templated":true}]}}