{"id":84064,"date":"2021-02-21T20:33:10","date_gmt":"2021-02-21T20:33:10","guid":{"rendered":"https:\/\/www.autonvaraosahaku.fi\/?product=calorstat-by-vernet-th6949-82j-termostaatti"},"modified":"2021-02-21T20:33:15","modified_gmt":"2021-02-21T20:33:15","slug":"calorstat-by-vernet-th6949-82j-termostaatti","status":"publish","type":"product","link":"https:\/\/www.autonvaraosahaku.fi\/?product=calorstat-by-vernet-th6949-82j-termostaatti","title":{"rendered":"CALORSTAT by Vernet TH6949.82J Termostaatti"},"content":{"rendered":"<p>Avausl\u00e4mp\u00f6tila [\u00b0C]: 82; Lis\u00e4tarvike\/lis\u00e4tieto: Tiivisteill\u00e4; Asennuspuoli: Motorblock; NISSAN: QASHQAI \/ QASHQAI +2 J10, JJ10,MICRA III K12,NOTE E11,JUKE F15,X-TRAIL T31,MICRA IV K13,NV200 EVALIA,MICRA C+C K12,NOTE E12,TIIDA Schr\u00e4gheck,NV200 Kasten,CUBE Z12,TIIDA Stufenheck SC11X,QASHQAI J11, J11_,X-TRAIL T32,PULSAR Schr\u00e4gheck C13,SENTRA B16,ALMERA N17,SENTRA B17,TIIDA Schr\u00e4gheck C12; KIA: SORENTO I JC,SPORTAGE SL,CEE&#8217;D SW ED,CEE&#8217;D Schr\u00e4gheck ED,VENGA YN,RIO III UB,CEE&#8217;D JD,CARENS III UN,PICANTO TA,CEE`D Sportswagon JD,PRO CEE&#8217;D ED,CARENS IV,SOUL AM,CERATO LD,PRO CEE\u00b4D JD,CERATO Stufenheck LD,RIO III Stufenheck UB,SPORTAGE QL,CERATO II Stufenheck TD,SOUL II PS,OPTIMA Sportswagon,CERATO KOUP TD,CERATO YD Stufenheck,RIO IV YB,OPTIMA,CEE&#8217;D Combi Van JD,PICANTO JA,STONIC YB,RIO IV Stufenheck SC, FB; DACIA: DUSTER,LODGY,DOKKER,DOKKER Express,DUSTER Kasten; HYUNDAI: ix35 LM, EL, ELH,i30 FD,i10 PA,i20 PB, PBT,i30 CW FD,i40 CW VF,i30 GD,ix20 JC,i30 CW GD,i30 Coupe,VELOSTER FS,i40 VF,H-1 Kasten,H-1 \/ STAREX,TUCSON,i10 IA,ELANTRA Stufenheck MD, UD,ACCENT IV RB,i20 GB,ELANTRA Stufenheck HD,ACCENT IV Stufenheck RB,i30 PDE,ELANTRA Coupe,i30 Kombi PDE,i20 ACTIVE GB,i20 Coupe,i10 Stufenheck,KONA OS,i30 FASTBACK PDE,ELANTRA Stufenheck AD,CRETA; RENAULT: CLIO III BR0\/1, CR0\/1,MEGANE III Grandtour KZ0\/1,SC\u00c9NIC III JZ0\/1_,LAGUNA III Grandtour KT0\/1,CLIO IV,MEGANE III Schr\u00e4gheck BZ0_,GRAND SC\u00c9NIC III JZ0\/1_,MEGANE III Coupe DZ0\/1_,LAGUNA III BT0\/1,MEGANE CC EZ0\/1_,FLUENCE L30_,LATITUDE L70_,DUSTER,MEGANE IV B9A\/M_,MEGANE IV Grandtour K9A\/M_,TALISMAN,MEGANE IV Stufenheck,SANDERO\/STEPWAY II,LOGAN II; 255002B000, 255002B400, 255002B001, 255002B400, 2550038400, 21200ED000, 21200ED00A, 21200ET000, 21200ET01A, 212007668R, 7701065352, 7701068770; Termostaatti, J\u00e4\u00e4hdytysneste<\/p>\n","protected":false},"excerpt":{"rendered":"<p>CALORSTAT by Vernet Termostaatti TH6949.82J Termostaatti, J\u00e4\u00e4hdytysneste NISSAN,KIA,DACIA,QASHQAI \/ QASHQAI +2 J10, JJ10,MICRA III K12,NOTE E11<\/p>\n","protected":false},"featured_media":0,"template":"","meta":{"site-sidebar-layout":"default","site-content-layout":"default","ast-global-header-display":"","ast-main-header-display":"","ast-hfb-above-header-display":"","ast-hfb-below-header-display":"","ast-hfb-mobile-header-display":"","site-post-title":"","ast-breadcrumbs-content":"","ast-featured-img":"","footer-sml-layout":"","theme-transparent-header-meta":"","adv-header-id-meta":"","stick-header-meta":"","header-above-stick-meta":"","header-main-stick-meta":"","header-below-stick-meta":""},"pwb-brand":[343],"product_cat":[174],"product_tag":[],"class_list":{"0":"post-84064","1":"product","2":"type-product","3":"status-publish","5":"pwb-brand-calorstat-by-vernet","6":"product_cat-termostaatti","7":"desktop-align-left","8":"tablet-align-left","9":"mobile-align-left","11":"first","12":"instock","13":"product-type-external"},"brands":[{"id":343,"name":"CALORSTAT by Vernet","slug":"calorstat-by-vernet"}],"_links":{"self":[{"href":"https:\/\/www.autonvaraosahaku.fi\/index.php?rest_route=\/wp\/v2\/product\/84064","targetHints":{"allow":["GET"]}}],"collection":[{"href":"https:\/\/www.autonvaraosahaku.fi\/index.php?rest_route=\/wp\/v2\/product"}],"about":[{"href":"https:\/\/www.autonvaraosahaku.fi\/index.php?rest_route=\/wp\/v2\/types\/product"}],"wp:attachment":[{"href":"https:\/\/www.autonvaraosahaku.fi\/index.php?rest_route=%2Fwp%2Fv2%2Fmedia&parent=84064"}],"wp:term":[{"taxonomy":"pwb-brand","embeddable":true,"href":"https:\/\/www.autonvaraosahaku.fi\/index.php?rest_route=%2Fwp%2Fv2%2Fpwb-brand&post=84064"},{"taxonomy":"product_cat","embeddable":true,"href":"https:\/\/www.autonvaraosahaku.fi\/index.php?rest_route=%2Fwp%2Fv2%2Fproduct_cat&post=84064"},{"taxonomy":"product_tag","embeddable":true,"href":"https:\/\/www.autonvaraosahaku.fi\/index.php?rest_route=%2Fwp%2Fv2%2Fproduct_tag&post=84064"}],"curies":[{"name":"wp","href":"https:\/\/api.w.org\/{rel}","templated":true}]}}