{"id":84069,"date":"2021-02-21T20:33:10","date_gmt":"2021-02-21T20:33:10","guid":{"rendered":"https:\/\/www.autonvaraosahaku.fi\/?product=valeo-587512-polttoainesuodatin"},"modified":"2021-02-21T20:33:16","modified_gmt":"2021-02-21T20:33:16","slug":"valeo-587512-polttoainesuodatin","status":"publish","type":"product","link":"https:\/\/www.autonvaraosahaku.fi\/?product=valeo-587512-polttoainesuodatin","title":{"rendered":"VALEO 587512 Polttoainesuodatin"},"content":{"rendered":"<p>Ulkol\u00e4pimitta [mm]: 88; Kierre sis\u00e4\u00e4ntulo: 8; Kierre ulostulo: 8; Korkeus (mm): 173; Suodatintyyppi: Letkusuodatin; Paino [kg]: 0,41; Moottorinumero: RT; VW: GOLF II 19E, 1G1,TRANSPORTER III Bus,POLO 86C, 80,POLO Coupe 86C, 80,LT 28-35 I Kasten 281-363,LT 28-35 I Bus 281-363,JETTA II 19E, 1G2, 165,TRANSPORTER III Kasten,POLO CLASSIC 86C, 80,LT 28-35 I Pritsche\/Fahrgestell 281-363,TRANSPORTER III Pritsche\/Fahrgestell,LT 40-55 I Pritsche\/Fahrgestell 293-909,LT 40-55 I Kasten 291-512; SEAT: TERRA Kasten 024A,TERRA 24; HONDA: CIVIC VI Hatchback EJ, EK,ACCORD VI CG, CK,CIVIC VI Fastback MA, MB,CIVIC VI Aerodeck MB, MC,ACCORD VI Hatchback CH,ACCORD V CE, CF; LAND ROVER: FREELANDER LN,FREELANDER Soft Top; ROVER: 25 RF,200 RF,45 Stufenheck RT,600 RH,45 RT,400 RT,400 Hatchback RT,STREETWISE; FORD: MONDEO II Kombi BNP,FIESTA III GFJ,MONDEO II BAP,ESCORT VII GAL, AAL, ABL,MONDEO II Stufenheck BFP,MONDEO I Kombi BNP,MONDEO I GBP,ESCORT IV GAF, AWF, ABFT,MONDEO I Stufenheck GBP,ESCORT V GAL,ESCORT VII Stufenheck GAL, AFL,FIESTA Kasten F3L, F5L,FIESTA Kasten FVD,ORION II AFF,ESCORT IV Kombi AWF, AVF,ESCORT &#8217;86 Express AVF,ESCORT V Kombi GAL, AVL,ESCORT &#8217;91 Express AVL,ORION III GAL; MG: MG ZR,MG ZS,MG ZS Hatchback; 1655556, 5017369, 5024861, 6176076, 16901S37E30, WJN000130, WJN10046, WJN000130, WJN10046, GFE5322, WJN000130, WJN10046, 191127401C<\/p>\n","protected":false},"excerpt":{"rendered":"<p>VALEO Polttoainesuodatin 587512  VW,SEAT,HONDA,GOLF II 19E, 1G1,TRANSPORTER III Bus,POLO 86C, 80,POLO Coupe 86C, 80,LT 28-35 I Kasten 281-363<\/p>\n","protected":false},"featured_media":0,"template":"","meta":{"site-sidebar-layout":"default","site-content-layout":"default","ast-global-header-display":"","ast-main-header-display":"","ast-hfb-above-header-display":"","ast-hfb-below-header-display":"","ast-hfb-mobile-header-display":"","site-post-title":"","ast-breadcrumbs-content":"","ast-featured-img":"","footer-sml-layout":"","theme-transparent-header-meta":"","adv-header-id-meta":"","stick-header-meta":"","header-above-stick-meta":"","header-main-stick-meta":"","header-below-stick-meta":""},"pwb-brand":[28],"product_cat":[29],"product_tag":[],"class_list":{"0":"post-84069","1":"product","2":"type-product","3":"status-publish","5":"pwb-brand-valeo","6":"product_cat-polttoainesuodatin","7":"desktop-align-left","8":"tablet-align-left","9":"mobile-align-left","11":"first","12":"instock","13":"product-type-external"},"brands":[{"id":28,"name":"VALEO","slug":"valeo"}],"_links":{"self":[{"href":"https:\/\/www.autonvaraosahaku.fi\/index.php?rest_route=\/wp\/v2\/product\/84069","targetHints":{"allow":["GET"]}}],"collection":[{"href":"https:\/\/www.autonvaraosahaku.fi\/index.php?rest_route=\/wp\/v2\/product"}],"about":[{"href":"https:\/\/www.autonvaraosahaku.fi\/index.php?rest_route=\/wp\/v2\/types\/product"}],"wp:attachment":[{"href":"https:\/\/www.autonvaraosahaku.fi\/index.php?rest_route=%2Fwp%2Fv2%2Fmedia&parent=84069"}],"wp:term":[{"taxonomy":"pwb-brand","embeddable":true,"href":"https:\/\/www.autonvaraosahaku.fi\/index.php?rest_route=%2Fwp%2Fv2%2Fpwb-brand&post=84069"},{"taxonomy":"product_cat","embeddable":true,"href":"https:\/\/www.autonvaraosahaku.fi\/index.php?rest_route=%2Fwp%2Fv2%2Fproduct_cat&post=84069"},{"taxonomy":"product_tag","embeddable":true,"href":"https:\/\/www.autonvaraosahaku.fi\/index.php?rest_route=%2Fwp%2Fv2%2Fproduct_tag&post=84069"}],"curies":[{"name":"wp","href":"https:\/\/api.w.org\/{rel}","templated":true}]}}