{"id":84075,"date":"2021-02-21T20:33:18","date_gmt":"2021-02-21T20:33:18","guid":{"rendered":"https:\/\/www.autonvaraosahaku.fi\/?product=abe-c1r043abe-jarrupalat"},"modified":"2021-02-21T20:33:20","modified_gmt":"2021-02-21T20:33:20","slug":"abe-c1r043abe-jarrupalat","status":"publish","type":"product","link":"https:\/\/www.autonvaraosahaku.fi\/?product=abe-c1r043abe-jarrupalat","title":{"rendered":"ABE C1R043ABE Jarrupalat"},"content":{"rendered":"<p>Paksuus [mm]: 18; Kulumisvaroittimia [pro Achse]: 1; Jarruj\u00e4rjestelm\u00e4: Brembo; Leveys (mm): 163,6; Korkeus (mm): 64,5; Asennuspuoli: Etuakseli, Vorderachse; M\u00e4\u00e4r\u00e4yksikk\u00f6: Akselisarja; OPEL: MOVANO B Kasten,MOVANO B Bus,MOVANO B Pritsche\/Fahrgestell; RENAULT: MASTER III Kasten FV,MASTER III Bus JV,MASTER III Pritsche\/Fahrgestell EV, HV, UV; NISSAN: NV400 Kasten,NV400 Bus,NV400 Pritsche\/Fahrgestell; VAUXHALL: MOVANO Mk II B VAN,MOVANO Mk II B Chassis\/Cab; 4419950, 93167551, 410604386R, 93167551; Jarrupalasarja,Jarrupala, Levyjarru<\/p>\n","protected":false},"excerpt":{"rendered":"<p>ABE Jarrupalat C1R043ABE Jarrupalasarja,Jarrupala, Levyjarru OPEL,RENAULT,NISSAN,MOVANO B Kasten,MOVANO B Bus,MOVANO B Pritsche\/Fahrgestell<\/p>\n","protected":false},"featured_media":0,"template":"","meta":{"site-sidebar-layout":"default","site-content-layout":"default","ast-global-header-display":"","ast-main-header-display":"","ast-hfb-above-header-display":"","ast-hfb-below-header-display":"","ast-hfb-mobile-header-display":"","site-post-title":"","ast-breadcrumbs-content":"","ast-featured-img":"","footer-sml-layout":"","theme-transparent-header-meta":"","adv-header-id-meta":"","stick-header-meta":"","header-above-stick-meta":"","header-main-stick-meta":"","header-below-stick-meta":""},"pwb-brand":[432],"product_cat":[100],"product_tag":[],"class_list":{"0":"post-84075","1":"product","2":"type-product","3":"status-publish","5":"pwb-brand-abe","6":"product_cat-jarrupalat","7":"desktop-align-left","8":"tablet-align-left","9":"mobile-align-left","11":"first","12":"instock","13":"product-type-external"},"brands":[{"id":432,"name":"ABE","slug":"abe"}],"_links":{"self":[{"href":"https:\/\/www.autonvaraosahaku.fi\/index.php?rest_route=\/wp\/v2\/product\/84075","targetHints":{"allow":["GET"]}}],"collection":[{"href":"https:\/\/www.autonvaraosahaku.fi\/index.php?rest_route=\/wp\/v2\/product"}],"about":[{"href":"https:\/\/www.autonvaraosahaku.fi\/index.php?rest_route=\/wp\/v2\/types\/product"}],"wp:attachment":[{"href":"https:\/\/www.autonvaraosahaku.fi\/index.php?rest_route=%2Fwp%2Fv2%2Fmedia&parent=84075"}],"wp:term":[{"taxonomy":"pwb-brand","embeddable":true,"href":"https:\/\/www.autonvaraosahaku.fi\/index.php?rest_route=%2Fwp%2Fv2%2Fpwb-brand&post=84075"},{"taxonomy":"product_cat","embeddable":true,"href":"https:\/\/www.autonvaraosahaku.fi\/index.php?rest_route=%2Fwp%2Fv2%2Fproduct_cat&post=84075"},{"taxonomy":"product_tag","embeddable":true,"href":"https:\/\/www.autonvaraosahaku.fi\/index.php?rest_route=%2Fwp%2Fv2%2Fproduct_tag&post=84075"}],"curies":[{"name":"wp","href":"https:\/\/api.w.org\/{rel}","templated":true}]}}