{"id":84080,"date":"2021-02-21T20:33:18","date_gmt":"2021-02-21T20:33:18","guid":{"rendered":"https:\/\/www.autonvaraosahaku.fi\/?product=topran-113-421-raidetangon-paa"},"modified":"2021-02-21T20:33:22","modified_gmt":"2021-02-21T20:33:22","slug":"topran-113-421-raidetangon-paa","status":"publish","type":"product","link":"https:\/\/www.autonvaraosahaku.fi\/?product=topran-113-421-raidetangon-paa","title":{"rendered":"TOPRAN 113 421 Raidetangon p\u00e4\u00e4"},"content":{"rendered":"<p>Asennuspuoli: etuakseli molemminpuoleinen; T\u00e4yssarja: ; Korvaava tuote\/korvaava tiedote 2: Kiinnitysmateriaalilla; lis\u00e4tieto: t+; Alustanumerosta: 4B-2-000001; AUDI: A6 Avant 4F5, C6,A4 Avant 8ED, B7,A6 Avant 4B5, C5,A6 4F2, C6,A6 4B2, C5,A4 8EC, B7; SKODA: SUPERB 3U4; SEAT: EXEO ST 3R5,EXEO 3R2; 4F0498811A, 4F0498811A, 4F0498811A<\/p>\n","protected":false},"excerpt":{"rendered":"<p>TOPRAN Raidetangon P\u00e4\u00e4 113 421  AUDI,SKODA,SEAT,A6 Avant 4F5, C6,A4 Avant 8ED, B7,A6 Avant 4B5, C5,A6 4F2, C6,A6 4B2, C5,A4 8EC, B7,SUPERB 3U4<\/p>\n","protected":false},"featured_media":0,"template":"","meta":{"site-sidebar-layout":"default","site-content-layout":"default","ast-global-header-display":"","ast-main-header-display":"","ast-hfb-above-header-display":"","ast-hfb-below-header-display":"","ast-hfb-mobile-header-display":"","site-post-title":"","ast-breadcrumbs-content":"","ast-featured-img":"","footer-sml-layout":"","theme-transparent-header-meta":"","adv-header-id-meta":"","stick-header-meta":"","header-above-stick-meta":"","header-main-stick-meta":"","header-below-stick-meta":""},"pwb-brand":[18],"product_cat":[96],"product_tag":[],"class_list":{"0":"post-84080","1":"product","2":"type-product","3":"status-publish","5":"pwb-brand-topran","6":"product_cat-raidetangon-paa","7":"desktop-align-left","8":"tablet-align-left","9":"mobile-align-left","11":"first","12":"instock","13":"product-type-external"},"brands":[{"id":18,"name":"TOPRAN","slug":"topran"}],"_links":{"self":[{"href":"https:\/\/www.autonvaraosahaku.fi\/index.php?rest_route=\/wp\/v2\/product\/84080","targetHints":{"allow":["GET"]}}],"collection":[{"href":"https:\/\/www.autonvaraosahaku.fi\/index.php?rest_route=\/wp\/v2\/product"}],"about":[{"href":"https:\/\/www.autonvaraosahaku.fi\/index.php?rest_route=\/wp\/v2\/types\/product"}],"wp:attachment":[{"href":"https:\/\/www.autonvaraosahaku.fi\/index.php?rest_route=%2Fwp%2Fv2%2Fmedia&parent=84080"}],"wp:term":[{"taxonomy":"pwb-brand","embeddable":true,"href":"https:\/\/www.autonvaraosahaku.fi\/index.php?rest_route=%2Fwp%2Fv2%2Fpwb-brand&post=84080"},{"taxonomy":"product_cat","embeddable":true,"href":"https:\/\/www.autonvaraosahaku.fi\/index.php?rest_route=%2Fwp%2Fv2%2Fproduct_cat&post=84080"},{"taxonomy":"product_tag","embeddable":true,"href":"https:\/\/www.autonvaraosahaku.fi\/index.php?rest_route=%2Fwp%2Fv2%2Fproduct_tag&post=84080"}],"curies":[{"name":"wp","href":"https:\/\/api.w.org\/{rel}","templated":true}]}}