{"id":84094,"date":"2021-02-21T20:33:25","date_gmt":"2021-02-21T20:33:25","guid":{"rendered":"https:\/\/www.autonvaraosahaku.fi\/?product=skf-vkjp-01017-vetonivelen-suojakumi"},"modified":"2021-02-21T20:33:27","modified_gmt":"2021-02-21T20:33:27","slug":"skf-vkjp-01017-vetonivelen-suojakumi","status":"publish","type":"product","link":"https:\/\/www.autonvaraosahaku.fi\/?product=skf-vkjp-01017-vetonivelen-suojakumi","title":{"rendered":"SKF VKJP 01017 Vetonivelen suojakumi"},"content":{"rendered":"<p>Korkeus (mm): 90; Materiaali: Kumi; Sis\u00e4l\u00e4pimitta 1 [mm]: 24; Sis\u00e4l\u00e4pimitta 2 [mm]: 74; Sis\u00e4l\u00e4pimitta 1 alkaen [mm]: 24; Sis\u00e4l\u00e4pimitta 1 enint\u00e4\u00e4n [mm]: 31; Sis\u00e4l\u00e4pimitta 2 alkaen [mm]: 74; Sis\u00e4l\u00e4pimitta 2 enint\u00e4\u00e4n [mm]: 86; Asennuspuoli: radseitig; TOYOTA: LAND CRUISER PZJ7_, KZJ7_, HZJ7_, BJ7_, LJ7_, RJ7_,LAND CRUISER 80 _J8_,HILUX VI Pick-up _N1_,LAND CRUISER _J6_,HILUX V Pick-up LN_, KZN1_, VZN1_,HILUX IV Pick-up _N5_, _N6_; HYUNDAI: PONY X-2,PONY \/ EXCEL Stufenheck X-2; MAZDA: 626 III GD,626 III Hatchback GD,626 III Coupe GD,626 III Station Wagon GV,626 II GC,626 II Hatchback GC; MITSUBISHI: PAJERO II V3_W, V2_W, V4_W,PAJERO I L04_G, L14_G,GALLOPER JK-01,PAJERO I Canvas Top L04_G,PAJERO II Canvas Top V2_W, V4_W<\/p>\n","protected":false},"excerpt":{"rendered":"<p>SKF Paljekumisarja, Vetoakseli VKJP 01017  TOYOTA,HYUNDAI,MAZDA,LAND CRUISER PZJ7_, KZJ7_, HZJ7_, BJ7_, LJ7_, RJ7_,LAND CRUISER 80 _J8_<\/p>\n","protected":false},"featured_media":0,"template":"","meta":{"site-sidebar-layout":"default","site-content-layout":"default","ast-global-header-display":"","ast-main-header-display":"","ast-hfb-above-header-display":"","ast-hfb-below-header-display":"","ast-hfb-mobile-header-display":"","site-post-title":"","ast-breadcrumbs-content":"","ast-featured-img":"","footer-sml-layout":"","theme-transparent-header-meta":"","adv-header-id-meta":"","stick-header-meta":"","header-above-stick-meta":"","header-main-stick-meta":"","header-below-stick-meta":""},"pwb-brand":[237],"product_cat":[42],"product_tag":[],"class_list":{"0":"post-84094","1":"product","2":"type-product","3":"status-publish","5":"pwb-brand-skf","6":"product_cat-vetonivelen-suojakumi","7":"desktop-align-left","8":"tablet-align-left","9":"mobile-align-left","11":"first","12":"instock","13":"product-type-external"},"brands":[{"id":237,"name":"SKF","slug":"skf"}],"_links":{"self":[{"href":"https:\/\/www.autonvaraosahaku.fi\/index.php?rest_route=\/wp\/v2\/product\/84094","targetHints":{"allow":["GET"]}}],"collection":[{"href":"https:\/\/www.autonvaraosahaku.fi\/index.php?rest_route=\/wp\/v2\/product"}],"about":[{"href":"https:\/\/www.autonvaraosahaku.fi\/index.php?rest_route=\/wp\/v2\/types\/product"}],"wp:attachment":[{"href":"https:\/\/www.autonvaraosahaku.fi\/index.php?rest_route=%2Fwp%2Fv2%2Fmedia&parent=84094"}],"wp:term":[{"taxonomy":"pwb-brand","embeddable":true,"href":"https:\/\/www.autonvaraosahaku.fi\/index.php?rest_route=%2Fwp%2Fv2%2Fpwb-brand&post=84094"},{"taxonomy":"product_cat","embeddable":true,"href":"https:\/\/www.autonvaraosahaku.fi\/index.php?rest_route=%2Fwp%2Fv2%2Fproduct_cat&post=84094"},{"taxonomy":"product_tag","embeddable":true,"href":"https:\/\/www.autonvaraosahaku.fi\/index.php?rest_route=%2Fwp%2Fv2%2Fproduct_tag&post=84094"}],"curies":[{"name":"wp","href":"https:\/\/api.w.org\/{rel}","templated":true}]}}