{"id":84099,"date":"2021-02-21T20:33:25","date_gmt":"2021-02-21T20:33:25","guid":{"rendered":"https:\/\/www.autonvaraosahaku.fi\/?product=triscan-8540-28412-abs-keha"},"modified":"2021-02-21T20:33:29","modified_gmt":"2021-02-21T20:33:29","slug":"triscan-8540-28412-abs-keha","status":"publish","type":"product","link":"https:\/\/www.autonvaraosahaku.fi\/?product=triscan-8540-28412-abs-keha","title":{"rendered":"TRISCAN 8540 28412 ABS keh\u00e4"},"content":{"rendered":"<p>Sis\u00e4l\u00e4pimitta [mm]: 63,4; Leveys (mm): 8,3; Ulkol\u00e4pimitta [mm]: 73; Korvaava tuote\/korvaava tiedote 2: sis\u00e4\u00e4nrakennetulla magneetti sensorirenkaalla; Napojen m\u00e4\u00e4r\u00e4: 96; Asennuspuoli: Hinterachse beidseitig; PEUGEOT: 206 Schr\u00e4gheck 2A\/C,206 CC 2D,207 WA_, WC_,207 CC WD_,307 CC 3B,307 3A\/C,207 SW WK_,206 SW 2E\/K,208,206+ T3E,307 Break 3E,1007 KM_,207 Stufenheck,206 Stufenheck,206 Van,301,207 Van; CITRO\u00cbN: C2 JM_,C3 I FC_,C4 I LC_,DS3,C3 Picasso,C3 II,C4 Coupe LA_,C3 Pluriel HB_,C4 Stufenheck L,DS3 Cabriolet,C2 ENTERPRISE,C-ELYSEE; GRUAU: MICROBUS; ABS Hammaskeh\u00e4,ABS Rengas,Anturirengas, ABS<\/p>\n","protected":false},"excerpt":{"rendered":"<p>TRISCAN ABS Keh\u00e4 8540 28412 ABS Hammaskeh\u00e4,ABS Rengas PEUGEOT,CITRO\u00cbN,GRUAU,206 Schr\u00e4gheck 2A\/C,206 CC 2D,207 WA_, WC_,207 CC WD_,307 CC 3B,307 3A\/C<\/p>\n","protected":false},"featured_media":0,"template":"","meta":{"site-sidebar-layout":"default","site-content-layout":"default","ast-global-header-display":"","ast-main-header-display":"","ast-hfb-above-header-display":"","ast-hfb-below-header-display":"","ast-hfb-mobile-header-display":"","site-post-title":"","ast-breadcrumbs-content":"","ast-featured-img":"","footer-sml-layout":"","theme-transparent-header-meta":"","adv-header-id-meta":"","stick-header-meta":"","header-above-stick-meta":"","header-main-stick-meta":"","header-below-stick-meta":""},"pwb-brand":[337],"product_cat":[273],"product_tag":[],"class_list":{"0":"post-84099","1":"product","2":"type-product","3":"status-publish","5":"pwb-brand-triscan","6":"product_cat-abs-keha","7":"desktop-align-left","8":"tablet-align-left","9":"mobile-align-left","11":"first","12":"instock","13":"product-type-external"},"brands":[{"id":337,"name":"TRISCAN","slug":"triscan"}],"_links":{"self":[{"href":"https:\/\/www.autonvaraosahaku.fi\/index.php?rest_route=\/wp\/v2\/product\/84099","targetHints":{"allow":["GET"]}}],"collection":[{"href":"https:\/\/www.autonvaraosahaku.fi\/index.php?rest_route=\/wp\/v2\/product"}],"about":[{"href":"https:\/\/www.autonvaraosahaku.fi\/index.php?rest_route=\/wp\/v2\/types\/product"}],"wp:attachment":[{"href":"https:\/\/www.autonvaraosahaku.fi\/index.php?rest_route=%2Fwp%2Fv2%2Fmedia&parent=84099"}],"wp:term":[{"taxonomy":"pwb-brand","embeddable":true,"href":"https:\/\/www.autonvaraosahaku.fi\/index.php?rest_route=%2Fwp%2Fv2%2Fpwb-brand&post=84099"},{"taxonomy":"product_cat","embeddable":true,"href":"https:\/\/www.autonvaraosahaku.fi\/index.php?rest_route=%2Fwp%2Fv2%2Fproduct_cat&post=84099"},{"taxonomy":"product_tag","embeddable":true,"href":"https:\/\/www.autonvaraosahaku.fi\/index.php?rest_route=%2Fwp%2Fv2%2Fproduct_tag&post=84099"}],"curies":[{"name":"wp","href":"https:\/\/api.w.org\/{rel}","templated":true}]}}