{"id":84129,"date":"2021-02-21T20:33:33","date_gmt":"2021-02-21T20:33:33","guid":{"rendered":"https:\/\/www.autonvaraosahaku.fi\/?product=pascal-g5b001pc-vetonivelen-suojakumi"},"modified":"2021-02-21T20:33:39","modified_gmt":"2021-02-21T20:33:39","slug":"pascal-g5b001pc-vetonivelen-suojakumi","status":"publish","type":"product","link":"https:\/\/www.autonvaraosahaku.fi\/?product=pascal-g5b001pc-vetonivelen-suojakumi","title":{"rendered":"PASCAL G5B001PC Vetonivelen suojakumi"},"content":{"rendered":"<p>Sis\u00e4l\u00e4pimitta 2 [mm]: 50; Korkeus (mm): 78; Sis\u00e4l\u00e4pimitta 1 [mm]: 22,5; Asennuspuoli: Py\u00f6r\u00e4n puoli, getriebeseitig; BMW: 02 E10,5 E28,3 E21,5 E12,02 Touring E6,02 Cabriolet E10; OPEL: SENATOR B 29_,SENATOR A 29_; FORD: SIERRA GBG, GB4,SIERRA Schr\u00e4gheck GBC, GBG,SIERRA Schr\u00e4gheck GBC,SIERRA Kombi BNG,SIERRA Kombi BNC; ALFA ROMEO: 147 937,159 Sportwagon 939,156 Sportwagon 932,GIULIETTA 940,MITO 955,156 932,159 939,GT 937,SPIDER 916S_,166 936,SPIDER 115,BRERA,GTV 916C_,SPIDER 939,75 162B,164 164,145 930,155 167,146 930,SPIDER 105,GIULIA,GT,33 907A,GTV 116,ALFETTA GT 116,1750-2000,33 905,ALFASUD Sprint 902.A,ALFETTA 116,MONTREAL,ALFASUD 901,GIULIETTA 116,33 Sportwagon 907B,GIULIA GT,33 Sportwagon 905A,6 119,GIULIETTA Sprint,90 162,SZ,2600 Spider 106,2600 Sprint,RZ,GTA Coupe,ALFASUD Giardinetta 904,AR 8 Kasten 280,AR 6 Bus 280,AR 6 Kasten 280,ARNA 920,AR 8 Pritsche\/Fahrgestell 280; 33211105446, 33211208443, 33219067909<\/p>\n","protected":false},"excerpt":{"rendered":"<p>PASCAL Paljekumisarja, Vetoakseli G5B001PC  BMW,OPEL,FORD,02 E10,5 E28,3 E21,5 E12,02 Touring E6,02 Cabriolet E10,SENATOR B 29_,SENATOR A 29_<\/p>\n","protected":false},"featured_media":0,"template":"","meta":{"site-sidebar-layout":"default","site-content-layout":"default","ast-global-header-display":"","ast-main-header-display":"","ast-hfb-above-header-display":"","ast-hfb-below-header-display":"","ast-hfb-mobile-header-display":"","site-post-title":"","ast-breadcrumbs-content":"","ast-featured-img":"","footer-sml-layout":"","theme-transparent-header-meta":"","adv-header-id-meta":"","stick-header-meta":"","header-above-stick-meta":"","header-main-stick-meta":"","header-below-stick-meta":""},"pwb-brand":[358],"product_cat":[42],"product_tag":[],"class_list":{"0":"post-84129","1":"product","2":"type-product","3":"status-publish","5":"pwb-brand-pascal","6":"product_cat-vetonivelen-suojakumi","7":"desktop-align-left","8":"tablet-align-left","9":"mobile-align-left","11":"first","12":"instock","13":"product-type-external"},"brands":[{"id":358,"name":"PASCAL","slug":"pascal"}],"_links":{"self":[{"href":"https:\/\/www.autonvaraosahaku.fi\/index.php?rest_route=\/wp\/v2\/product\/84129","targetHints":{"allow":["GET"]}}],"collection":[{"href":"https:\/\/www.autonvaraosahaku.fi\/index.php?rest_route=\/wp\/v2\/product"}],"about":[{"href":"https:\/\/www.autonvaraosahaku.fi\/index.php?rest_route=\/wp\/v2\/types\/product"}],"wp:attachment":[{"href":"https:\/\/www.autonvaraosahaku.fi\/index.php?rest_route=%2Fwp%2Fv2%2Fmedia&parent=84129"}],"wp:term":[{"taxonomy":"pwb-brand","embeddable":true,"href":"https:\/\/www.autonvaraosahaku.fi\/index.php?rest_route=%2Fwp%2Fv2%2Fpwb-brand&post=84129"},{"taxonomy":"product_cat","embeddable":true,"href":"https:\/\/www.autonvaraosahaku.fi\/index.php?rest_route=%2Fwp%2Fv2%2Fproduct_cat&post=84129"},{"taxonomy":"product_tag","embeddable":true,"href":"https:\/\/www.autonvaraosahaku.fi\/index.php?rest_route=%2Fwp%2Fv2%2Fproduct_tag&post=84129"}],"curies":[{"name":"wp","href":"https:\/\/api.w.org\/{rel}","templated":true}]}}