{"id":84133,"date":"2021-02-21T20:33:40","date_gmt":"2021-02-21T20:33:40","guid":{"rendered":"https:\/\/www.autonvaraosahaku.fi\/?product=ajusa-15039000-kampiakselin-tiiviste"},"modified":"2021-02-21T20:33:42","modified_gmt":"2021-02-21T20:33:42","slug":"ajusa-15039000-kampiakselin-tiiviste","status":"publish","type":"product","link":"https:\/\/www.autonvaraosahaku.fi\/?product=ajusa-15039000-kampiakselin-tiiviste","title":{"rendered":"AJUSA 15039000 Kampiakselin tiiviste"},"content":{"rendered":"<p>Sis\u00e4l\u00e4pimitta [mm]: 90; Ulkol\u00e4pimitta [mm]: 110; Korkeus (mm): 8,5; Asennuspuoli: getriebeseitig; MAZDA: 5 CR19,3 BK,6 Station Wagon GY,6 Kombi GH,323 F VI BJ,PREMACY CP,CX-7 ER,6 Hatchback GG,6 GG,3 BL,6 Schr\u00e4gheck GH,626 V Hatchback GF,3 Stufenheck BK,6 GH,MPV II LW,626 V GF,626 V Station Wagon GW,323 P V BA,3 Stufenheck BL,626 IV Hatchback GE,FAMILIA VI BJ,B-SERIE UN,BT-50 CD, UN,626 IV GE,FAMILIA V BG8,626 III GD,626 III Hatchback GD,626 III Coupe GD,E-SERIE Kasten SR2,626 III Station Wagon GV,626 II GC,626 II Hatchback GC,929 III HC,B-SERIE UF,MPV I LV,BT-50 Pritsche\/Fahrgestell CD, UN,929 II Coupe HB,929 II HB,626 II Coupe GC,MX-6 GD,B-SERIE Pritsche\/Fahrgestell UF,B-SERIE UD; KIA: SPORTAGE K00,RETONA CE,CLARUS K9A,BESTA Bus,K2700; FORD USA: PROBE I; SUZUKI: GRAND VITARA I FT,VITARA ET, TA; FORD: RANGER ES, ET,RANGER ER, EQ; TOYOTA: COROLLA Liftback _E8_,COROLLA FX Compact E8B,LITEACE Bus CM30_G, KM30_G,COROLLA Station Wagon _E7_,COROLLA _E7_,COROLLA _E8_,CAMRY Liftback _V1_,CAMRY Stufenheck _V1_,LITEACE Kasten CM3_V, KM3_V,LITEACE Kasten KM2_,LITEACE Wagon YM2_, CM2_, KM2_; ASIA MOTORS: ROCSTA; 1448522, 3595870, 3900720, 6M346424AA, F28511399A, F80111399, F80211399, FE5H11399, FE5H11399A, G60111399, WL5111399; Akselitiiviste, Kampiakseli<\/p>\n","protected":false},"excerpt":{"rendered":"<p>AJUSA Kampiakselin Tiiviste 15039000 Akselitiiviste, Kampiakseli MAZDA,KIA,FORD USA,5 CR19,3 BK,6 Station Wagon GY,6 Kombi GH,323 F VI BJ,PREMACY CP<\/p>\n","protected":false},"featured_media":0,"template":"","meta":{"site-sidebar-layout":"default","site-content-layout":"default","ast-global-header-display":"","ast-main-header-display":"","ast-hfb-above-header-display":"","ast-hfb-below-header-display":"","ast-hfb-mobile-header-display":"","site-post-title":"","ast-breadcrumbs-content":"","ast-featured-img":"","footer-sml-layout":"","theme-transparent-header-meta":"","adv-header-id-meta":"","stick-header-meta":"","header-above-stick-meta":"","header-main-stick-meta":"","header-below-stick-meta":""},"pwb-brand":[211],"product_cat":[88],"product_tag":[],"class_list":{"0":"post-84133","1":"product","2":"type-product","3":"status-publish","5":"pwb-brand-ajusa","6":"product_cat-kampiakselin-tiiviste","7":"desktop-align-left","8":"tablet-align-left","9":"mobile-align-left","11":"first","12":"instock","13":"product-type-external"},"brands":[{"id":211,"name":"AJUSA","slug":"ajusa"}],"_links":{"self":[{"href":"https:\/\/www.autonvaraosahaku.fi\/index.php?rest_route=\/wp\/v2\/product\/84133","targetHints":{"allow":["GET"]}}],"collection":[{"href":"https:\/\/www.autonvaraosahaku.fi\/index.php?rest_route=\/wp\/v2\/product"}],"about":[{"href":"https:\/\/www.autonvaraosahaku.fi\/index.php?rest_route=\/wp\/v2\/types\/product"}],"wp:attachment":[{"href":"https:\/\/www.autonvaraosahaku.fi\/index.php?rest_route=%2Fwp%2Fv2%2Fmedia&parent=84133"}],"wp:term":[{"taxonomy":"pwb-brand","embeddable":true,"href":"https:\/\/www.autonvaraosahaku.fi\/index.php?rest_route=%2Fwp%2Fv2%2Fpwb-brand&post=84133"},{"taxonomy":"product_cat","embeddable":true,"href":"https:\/\/www.autonvaraosahaku.fi\/index.php?rest_route=%2Fwp%2Fv2%2Fproduct_cat&post=84133"},{"taxonomy":"product_tag","embeddable":true,"href":"https:\/\/www.autonvaraosahaku.fi\/index.php?rest_route=%2Fwp%2Fv2%2Fproduct_tag&post=84133"}],"curies":[{"name":"wp","href":"https:\/\/api.w.org\/{rel}","templated":true}]}}