{"id":84136,"date":"2021-02-21T20:33:40","date_gmt":"2021-02-21T20:33:40","guid":{"rendered":"https:\/\/www.autonvaraosahaku.fi\/?product=ajusa-15034200-kampiakselin-tiiviste"},"modified":"2021-02-21T20:33:43","modified_gmt":"2021-02-21T20:33:43","slug":"ajusa-15034200-kampiakselin-tiiviste","status":"publish","type":"product","link":"https:\/\/www.autonvaraosahaku.fi\/?product=ajusa-15034200-kampiakselin-tiiviste","title":{"rendered":"AJUSA 15034200 Kampiakselin tiiviste"},"content":{"rendered":"<p>Sis\u00e4l\u00e4pimitta [mm]: 75; Ulkol\u00e4pimitta [mm]: 90; Korkeus (mm): 11,5; Asennuspuoli: stirnseitig; FIAT: DUCATO Kasten 280,DUCATO Pritsche\/Fahrgestell 280,DUCATO Panorama 280; CITRO\u00cbN: C25 Bus 280_, 290_,CX II,CX I MA,C25 Pritsche\/Fahrgestell 280_, 290_,C25 Kasten 280_, 290_,CX II Break,CX I Break MA; PEUGEOT: J5 Pritsche\/Fahrgestell 280L,J5 Pritsche\/Fahrgestell 290L,J5 Kasten 280L,J5 Bus 290P,J5 Kasten 290L,J5 Bus 280P; Akselitiiviste, Kampiakseli<\/p>\n","protected":false},"excerpt":{"rendered":"<p>AJUSA Kampiakselin Tiiviste 15034200 Akselitiiviste, Kampiakseli FIAT,CITRO\u00cbN,PEUGEOT,DUCATO Kasten 280,DUCATO Pritsche\/Fahrgestell 280<\/p>\n","protected":false},"featured_media":0,"template":"","meta":{"site-sidebar-layout":"default","site-content-layout":"default","ast-global-header-display":"","ast-main-header-display":"","ast-hfb-above-header-display":"","ast-hfb-below-header-display":"","ast-hfb-mobile-header-display":"","site-post-title":"","ast-breadcrumbs-content":"","ast-featured-img":"","footer-sml-layout":"","theme-transparent-header-meta":"","adv-header-id-meta":"","stick-header-meta":"","header-above-stick-meta":"","header-main-stick-meta":"","header-below-stick-meta":""},"pwb-brand":[211],"product_cat":[88],"product_tag":[],"class_list":{"0":"post-84136","1":"product","2":"type-product","3":"status-publish","5":"pwb-brand-ajusa","6":"product_cat-kampiakselin-tiiviste","7":"desktop-align-left","8":"tablet-align-left","9":"mobile-align-left","11":"first","12":"instock","13":"product-type-external"},"brands":[{"id":211,"name":"AJUSA","slug":"ajusa"}],"_links":{"self":[{"href":"https:\/\/www.autonvaraosahaku.fi\/index.php?rest_route=\/wp\/v2\/product\/84136","targetHints":{"allow":["GET"]}}],"collection":[{"href":"https:\/\/www.autonvaraosahaku.fi\/index.php?rest_route=\/wp\/v2\/product"}],"about":[{"href":"https:\/\/www.autonvaraosahaku.fi\/index.php?rest_route=\/wp\/v2\/types\/product"}],"wp:attachment":[{"href":"https:\/\/www.autonvaraosahaku.fi\/index.php?rest_route=%2Fwp%2Fv2%2Fmedia&parent=84136"}],"wp:term":[{"taxonomy":"pwb-brand","embeddable":true,"href":"https:\/\/www.autonvaraosahaku.fi\/index.php?rest_route=%2Fwp%2Fv2%2Fpwb-brand&post=84136"},{"taxonomy":"product_cat","embeddable":true,"href":"https:\/\/www.autonvaraosahaku.fi\/index.php?rest_route=%2Fwp%2Fv2%2Fproduct_cat&post=84136"},{"taxonomy":"product_tag","embeddable":true,"href":"https:\/\/www.autonvaraosahaku.fi\/index.php?rest_route=%2Fwp%2Fv2%2Fproduct_tag&post=84136"}],"curies":[{"name":"wp","href":"https:\/\/api.w.org\/{rel}","templated":true}]}}