{"id":84160,"date":"2021-02-21T20:33:48","date_gmt":"2021-02-21T20:33:48","guid":{"rendered":"https:\/\/www.autonvaraosahaku.fi\/?product=prasco-cn6055-lammityslaitteen-kenno"},"modified":"2021-02-21T20:33:51","modified_gmt":"2021-02-21T20:33:51","slug":"prasco-cn6055-lammityslaitteen-kenno","status":"publish","type":"product","link":"https:\/\/www.autonvaraosahaku.fi\/?product=prasco-cn6055-lammityslaitteen-kenno","title":{"rendered":"PRASCO CN6055 L\u00e4mmityslaitteen kenno"},"content":{"rendered":"<p>Valmistaja rajaus: Valeo; Materiaali: Alumiini, Muovi; Sis\u00e4\u00e4ntulol\u00e4pimitta [mm]: 22,5; Ulostulon l\u00e4pimitta [mm]: 22,5; J\u00e4\u00e4hdytintyyppi: J\u00e4\u00e4hdytysrivat mekaan. kiinnitetyt; Verkon pituus [mm]: 234; Verkon leveys [mm]: 158; Verkon syvyys [mm]: 42; Vasen \/ oikea liikenne: f\u00fcr Linkslenker; CITRO\u00cbN: BERLINGO MF,BERLINGO Kasten M_,XSARA N1,XSARA Break N2,XANTIA X2,XSARA Coupe N0,XANTIA X1,XANTIA Break X2,ZX N2,XANTIA Break X1,ZX Break N2,XSARA Kasten\/Schr\u00e4gheck; PEUGEOT: 306 Schr\u00e4gheck 7A, 7C, N3, N5,306 Cabriolet 7D, N3, N5,PARTNER Tepee,PARTNER Combispace 5F,PARTNER Kasten 5,306 Break 7E, N3, N5,306 7B, N3, N5,PARTNER Kasten,306 Van N_, 7_,306 Kasten\/Schr\u00e4gheck; 644878, 648878, 6488C8, 96103384, 644878, 648878, 6488C8, 96103384; L\u00e4mmityskenno<\/p>\n","protected":false},"excerpt":{"rendered":"<p>PRASCO L\u00e4mmityslaitteen Kenno CN6055 L\u00e4mmityskenno CITRO\u00cbN,PEUGEOT,BERLINGO MF,BERLINGO Kasten M_,XSARA N1,XSARA Break N2,XANTIA X2,XSARA Coupe N0<\/p>\n","protected":false},"featured_media":0,"template":"","meta":{"site-sidebar-layout":"default","site-content-layout":"default","ast-global-header-display":"","ast-main-header-display":"","ast-hfb-above-header-display":"","ast-hfb-below-header-display":"","ast-hfb-mobile-header-display":"","site-post-title":"","ast-breadcrumbs-content":"","ast-featured-img":"","footer-sml-layout":"","theme-transparent-header-meta":"","adv-header-id-meta":"","stick-header-meta":"","header-above-stick-meta":"","header-main-stick-meta":"","header-below-stick-meta":""},"pwb-brand":[406],"product_cat":[292],"product_tag":[],"class_list":{"0":"post-84160","1":"product","2":"type-product","3":"status-publish","5":"pwb-brand-prasco","6":"product_cat-lammityslaitteen-kenno","7":"desktop-align-left","8":"tablet-align-left","9":"mobile-align-left","11":"first","12":"instock","13":"product-type-external"},"brands":[{"id":406,"name":"PRASCO","slug":"prasco"}],"_links":{"self":[{"href":"https:\/\/www.autonvaraosahaku.fi\/index.php?rest_route=\/wp\/v2\/product\/84160","targetHints":{"allow":["GET"]}}],"collection":[{"href":"https:\/\/www.autonvaraosahaku.fi\/index.php?rest_route=\/wp\/v2\/product"}],"about":[{"href":"https:\/\/www.autonvaraosahaku.fi\/index.php?rest_route=\/wp\/v2\/types\/product"}],"wp:attachment":[{"href":"https:\/\/www.autonvaraosahaku.fi\/index.php?rest_route=%2Fwp%2Fv2%2Fmedia&parent=84160"}],"wp:term":[{"taxonomy":"pwb-brand","embeddable":true,"href":"https:\/\/www.autonvaraosahaku.fi\/index.php?rest_route=%2Fwp%2Fv2%2Fpwb-brand&post=84160"},{"taxonomy":"product_cat","embeddable":true,"href":"https:\/\/www.autonvaraosahaku.fi\/index.php?rest_route=%2Fwp%2Fv2%2Fproduct_cat&post=84160"},{"taxonomy":"product_tag","embeddable":true,"href":"https:\/\/www.autonvaraosahaku.fi\/index.php?rest_route=%2Fwp%2Fv2%2Fproduct_tag&post=84160"}],"curies":[{"name":"wp","href":"https:\/\/api.w.org\/{rel}","templated":true}]}}