{"id":84168,"date":"2021-02-21T20:33:48","date_gmt":"2021-02-21T20:33:48","guid":{"rendered":"https:\/\/www.autonvaraosahaku.fi\/?product=diederichs-2214527-vilkku"},"modified":"2021-02-21T20:33:54","modified_gmt":"2021-02-21T20:33:54","slug":"diederichs-2214527-vilkku","status":"publish","type":"product","link":"https:\/\/www.autonvaraosahaku.fi\/?product=diederichs-2214527-vilkku","title":{"rendered":"DIEDERICHS 2214527 Vilkku"},"content":{"rendered":"<p>Asennuspuoli: Vasen, Ulkopeili; V\u00e4ri: Valkoinen; Rekister\u00f6ity tyyppi: E-hyv\u00e4ksytty; Lyhdyn muoto: LED; VW: GOLF V 1K1,PASSAT Variant 3C5,GOLF PLUS 5M1, 521,PASSAT Variant 3B6,PASSAT 3C2,SHARAN 7M8, 7M9, 7M6,GOLF V Variant 1K5,EOS 1F7, 1F8,PASSAT 3B3,JETTA III 1K2; SKODA: SUPERB 3U4; SEAT: ALHAMBRA 7V8, 7V9; 1KD949101B, 1K0949101, 1KD949101B; Vilkkuvalo,Suuntavilkku<\/p>\n","protected":false},"excerpt":{"rendered":"<p>DIEDERICHS Vilkku 2214527 Vilkkuvalo,Suuntavilkku VW,SKODA,SEAT,GOLF V 1K1,PASSAT Variant 3C5,GOLF PLUS 5M1, 521,PASSAT Variant 3B6,PASSAT 3C2<\/p>\n","protected":false},"featured_media":0,"template":"","meta":{"site-sidebar-layout":"default","site-content-layout":"default","ast-global-header-display":"","ast-main-header-display":"","ast-hfb-above-header-display":"","ast-hfb-below-header-display":"","ast-hfb-mobile-header-display":"","site-post-title":"","ast-breadcrumbs-content":"","ast-featured-img":"","footer-sml-layout":"","theme-transparent-header-meta":"","adv-header-id-meta":"","stick-header-meta":"","header-above-stick-meta":"","header-main-stick-meta":"","header-below-stick-meta":""},"pwb-brand":[227],"product_cat":[149],"product_tag":[],"class_list":{"0":"post-84168","1":"product","2":"type-product","3":"status-publish","5":"pwb-brand-diederichs","6":"product_cat-vilkku","7":"desktop-align-left","8":"tablet-align-left","9":"mobile-align-left","11":"first","12":"instock","13":"product-type-external"},"brands":[{"id":227,"name":"DIEDERICHS","slug":"diederichs"}],"_links":{"self":[{"href":"https:\/\/www.autonvaraosahaku.fi\/index.php?rest_route=\/wp\/v2\/product\/84168","targetHints":{"allow":["GET"]}}],"collection":[{"href":"https:\/\/www.autonvaraosahaku.fi\/index.php?rest_route=\/wp\/v2\/product"}],"about":[{"href":"https:\/\/www.autonvaraosahaku.fi\/index.php?rest_route=\/wp\/v2\/types\/product"}],"wp:attachment":[{"href":"https:\/\/www.autonvaraosahaku.fi\/index.php?rest_route=%2Fwp%2Fv2%2Fmedia&parent=84168"}],"wp:term":[{"taxonomy":"pwb-brand","embeddable":true,"href":"https:\/\/www.autonvaraosahaku.fi\/index.php?rest_route=%2Fwp%2Fv2%2Fpwb-brand&post=84168"},{"taxonomy":"product_cat","embeddable":true,"href":"https:\/\/www.autonvaraosahaku.fi\/index.php?rest_route=%2Fwp%2Fv2%2Fproduct_cat&post=84168"},{"taxonomy":"product_tag","embeddable":true,"href":"https:\/\/www.autonvaraosahaku.fi\/index.php?rest_route=%2Fwp%2Fv2%2Fproduct_tag&post=84168"}],"curies":[{"name":"wp","href":"https:\/\/api.w.org\/{rel}","templated":true}]}}