{"id":8417,"date":"2021-02-21T14:02:57","date_gmt":"2021-02-21T14:02:57","guid":{"rendered":"https:\/\/www.autonvaraosahaku.fi\/?product=swf-262232-pyyhkijansulat"},"modified":"2021-02-21T14:02:59","modified_gmt":"2021-02-21T14:02:59","slug":"swf-262232-pyyhkijansulat","status":"publish","type":"product","link":"https:\/\/www.autonvaraosahaku.fi\/?product=swf-262232-pyyhkijansulat","title":{"rendered":"SWF 262232 Pyyhkij\u00e4nsulat"},"content":{"rendered":"<p>Asennuspuoli: Takana; M\u00e4\u00e4r\u00e4: 1; Pituus (mm): 335; Pituus (tuumaa): 13; Lis\u00e4adapteri: R,S,T; Paino [kg]: 0,07; Pyyhkij\u00e4nsulkatyyppi: Rungottomat; Oviluku: 5; VW: GOLF V 1K1,POLO 9N_,GOLF PLUS 5M1, 521,TIGUAN 5N_,TOURAN 1T3,TOUAREG 7LA, 7L6, 7L7,GOLF VI Variant AJ5,GOLF V Variant 1K5,SHARAN 7N1, 7N2,TOUAREG 7P5,PASSAT Variant 3G5,PASSAT ALLTRACK 3G5,T-ROC A11; AUDI: A3 Sportback 8VA,A3 8V1; MERCEDES-BENZ: CLS Shooting Brake X218,CLA Shooting Brake X117,GLC X253; BMW: X1 E84,X3 F25,X1 F48,5 Touring G31,X2 F39; FORD: S-MAX,GALAXY; SKODA: OCTAVIA Combi 5E5,ROOMSTER 5J,ROOMSTER Praktik 5J,FABIA NJ3,KODIAQ NS7,KAROQ NU7; SEAT: IBIZA V 6J5, 6P5,ALTEA 5P1,LEON 5F1,ALTEA XL 5P5, 5P8,LEON ST 5F8,IBIZA V ST 6J8, 6P8,EXEO ST 3R5,ALHAMBRA 710, 711,IBIZA V SPORTCOUPE 6J1, 6P1,LEON SC 5F5; VOLVO: V70 III BW,XC70 II,V90 II,XC60 II,XC40 536; PORSCHE: CAYENNE,CAYENNE 9YA,PANAMERA Sport Turismo 971; LAND ROVER: RANGE ROVER IV LG,RANGE ROVER VELAR L560,DISCOVERY V LR_; 4KE955425, 8R0955425, 8X3955425, 8X4955425, 974955427A; Tuulilasinpyyhkimet,Pyyhkij\u00e4t,Pyyhkij\u00e4nsulka<\/p>\n","protected":false},"excerpt":{"rendered":"<p>SWF Pyyhkij\u00e4nsulat 262232 Tuulilasinpyyhkimet,Pyyhkij\u00e4t VW,AUDI,MERCEDES-BENZ,GOLF V 1K1,POLO 9N_,GOLF PLUS 5M1, 521,TIGUAN 5N_,TOURAN 1T3<\/p>\n","protected":false},"featured_media":0,"template":"","meta":{"site-sidebar-layout":"default","site-content-layout":"default","ast-global-header-display":"","ast-main-header-display":"","ast-hfb-above-header-display":"","ast-hfb-below-header-display":"","ast-hfb-mobile-header-display":"","site-post-title":"","ast-breadcrumbs-content":"","ast-featured-img":"","footer-sml-layout":"","theme-transparent-header-meta":"","adv-header-id-meta":"","stick-header-meta":"","header-above-stick-meta":"","header-main-stick-meta":"","header-below-stick-meta":""},"pwb-brand":[204],"product_cat":[33],"product_tag":[],"class_list":{"0":"post-8417","1":"product","2":"type-product","3":"status-publish","5":"pwb-brand-swf","6":"product_cat-pyyhkijansulat","7":"desktop-align-left","8":"tablet-align-left","9":"mobile-align-left","11":"first","12":"instock","13":"product-type-external"},"brands":[{"id":204,"name":"SWF","slug":"swf"}],"_links":{"self":[{"href":"https:\/\/www.autonvaraosahaku.fi\/index.php?rest_route=\/wp\/v2\/product\/8417","targetHints":{"allow":["GET"]}}],"collection":[{"href":"https:\/\/www.autonvaraosahaku.fi\/index.php?rest_route=\/wp\/v2\/product"}],"about":[{"href":"https:\/\/www.autonvaraosahaku.fi\/index.php?rest_route=\/wp\/v2\/types\/product"}],"wp:attachment":[{"href":"https:\/\/www.autonvaraosahaku.fi\/index.php?rest_route=%2Fwp%2Fv2%2Fmedia&parent=8417"}],"wp:term":[{"taxonomy":"pwb-brand","embeddable":true,"href":"https:\/\/www.autonvaraosahaku.fi\/index.php?rest_route=%2Fwp%2Fv2%2Fpwb-brand&post=8417"},{"taxonomy":"product_cat","embeddable":true,"href":"https:\/\/www.autonvaraosahaku.fi\/index.php?rest_route=%2Fwp%2Fv2%2Fproduct_cat&post=8417"},{"taxonomy":"product_tag","embeddable":true,"href":"https:\/\/www.autonvaraosahaku.fi\/index.php?rest_route=%2Fwp%2Fv2%2Fproduct_tag&post=8417"}],"curies":[{"name":"wp","href":"https:\/\/api.w.org\/{rel}","templated":true}]}}