{"id":84171,"date":"2021-02-21T20:33:56","date_gmt":"2021-02-21T20:33:56","guid":{"rendered":"https:\/\/www.autonvaraosahaku.fi\/?product=mapco-52307hps-koiranluu"},"modified":"2021-02-21T20:33:56","modified_gmt":"2021-02-21T20:33:56","slug":"mapco-52307hps-koiranluu","status":"publish","type":"product","link":"https:\/\/www.autonvaraosahaku.fi\/?product=mapco-52307hps-koiranluu","title":{"rendered":"MAPCO 52307HPS Koiranluu"},"content":{"rendered":"<p>Laatu: HPS standard; Tanko \/ tuki: Yhdystanko; Asennuspuoli: Taka-akseli, molemminpuolinen; Pituus (mm): 90; Kierremitta: M10x1,25; Tarvittava kappalem\u00e4\u00e4r\u00e4: 2; SUBARU: LEGACY IV Station Wagon BL, BP, B13_,OUTBACK BL, BP,LEGACY III Station Wagon BE, BH,LEGACY IV BL, BP,OUTBACK BE, BH,LEGACY III BE, BH; 20470AE000, 20470AE001, 20470AE010; Kallistuksenvakaajan Yhdystanko,Tanko, Kallistuksenvaimennin<\/p>\n","protected":false},"excerpt":{"rendered":"<p>MAPCO Koiranluu 52307HPS Kallistuksenvakaajan Yhdystanko,Tanko, Kallistuksenvaimennin SUBARU,LEGACY IV Station Wagon BL, BP, B13_,OUTBACK BL, BP<\/p>\n","protected":false},"featured_media":0,"template":"","meta":{"site-sidebar-layout":"default","site-content-layout":"default","ast-global-header-display":"","ast-main-header-display":"","ast-hfb-above-header-display":"","ast-hfb-below-header-display":"","ast-hfb-mobile-header-display":"","site-post-title":"","ast-breadcrumbs-content":"","ast-featured-img":"","footer-sml-layout":"","theme-transparent-header-meta":"","adv-header-id-meta":"","stick-header-meta":"","header-above-stick-meta":"","header-main-stick-meta":"","header-below-stick-meta":""},"pwb-brand":[36],"product_cat":[38],"product_tag":[],"class_list":{"0":"post-84171","1":"product","2":"type-product","3":"status-publish","5":"pwb-brand-mapco","6":"product_cat-koiranluu","7":"desktop-align-left","8":"tablet-align-left","9":"mobile-align-left","11":"first","12":"instock","13":"product-type-external"},"brands":[{"id":36,"name":"MAPCO","slug":"mapco"}],"_links":{"self":[{"href":"https:\/\/www.autonvaraosahaku.fi\/index.php?rest_route=\/wp\/v2\/product\/84171","targetHints":{"allow":["GET"]}}],"collection":[{"href":"https:\/\/www.autonvaraosahaku.fi\/index.php?rest_route=\/wp\/v2\/product"}],"about":[{"href":"https:\/\/www.autonvaraosahaku.fi\/index.php?rest_route=\/wp\/v2\/types\/product"}],"wp:attachment":[{"href":"https:\/\/www.autonvaraosahaku.fi\/index.php?rest_route=%2Fwp%2Fv2%2Fmedia&parent=84171"}],"wp:term":[{"taxonomy":"pwb-brand","embeddable":true,"href":"https:\/\/www.autonvaraosahaku.fi\/index.php?rest_route=%2Fwp%2Fv2%2Fpwb-brand&post=84171"},{"taxonomy":"product_cat","embeddable":true,"href":"https:\/\/www.autonvaraosahaku.fi\/index.php?rest_route=%2Fwp%2Fv2%2Fproduct_cat&post=84171"},{"taxonomy":"product_tag","embeddable":true,"href":"https:\/\/www.autonvaraosahaku.fi\/index.php?rest_route=%2Fwp%2Fv2%2Fproduct_tag&post=84171"}],"curies":[{"name":"wp","href":"https:\/\/api.w.org\/{rel}","templated":true}]}}