{"id":84173,"date":"2021-02-21T20:33:56","date_gmt":"2021-02-21T20:33:56","guid":{"rendered":"https:\/\/www.autonvaraosahaku.fi\/?product=diederichs-1428981-ajovaloumpio"},"modified":"2021-02-21T20:33:57","modified_gmt":"2021-02-21T20:33:57","slug":"diederichs-1428981-ajovaloumpio","status":"publish","type":"product","link":"https:\/\/www.autonvaraosahaku.fi\/?product=diederichs-1428981-ajovaloumpio","title":{"rendered":"DIEDERICHS 1428981 Ajovaloumpio"},"content":{"rendered":"<p>Asennuspuoli: Vasen; Vasen \/ oikea liikenne: Oikeanpuoleiselle liikenteelle; Lamppumalli: H7, H1; Laatu: Depo \/ TYC; Lis\u00e4tarvike\/lis\u00e4tieto: S\u00e4hk\u00f6moottorilla; Varusteet: Valonsuuntaimella varustetuile (s\u00e4hk\u00f6); Rekister\u00f6ity tyyppi: E-hyv\u00e4ksytty; Valmistusvuoteen: 07\/2010; FORD: MONDEO IV Turnier BA7,MONDEO IV BA7,MONDEO IV Stufenheck BA7; 1457694, 1460560, 1478795, 1492386, 1512517, 1586985, 1586986, 1678016, 1708179, 1728158, 1751684, 1771287, 1812689, 7S7113101AB, 7S7113101AC, 7S7113101AD, 7S7113101AE, 7S7113101AF, 7S7113101AG, 7S7113101AH, 7S7113101AJ, 7S7113101AK; Ajovalot,Etuvalot,Ajovalo<\/p>\n","protected":false},"excerpt":{"rendered":"<p>DIEDERICHS Ajovaloumpio 1428981 Ajovalot,Etuvalot FORD,MONDEO IV Turnier BA7,MONDEO IV BA7,MONDEO IV Stufenheck BA7<\/p>\n","protected":false},"featured_media":0,"template":"","meta":{"site-sidebar-layout":"default","site-content-layout":"default","ast-global-header-display":"","ast-main-header-display":"","ast-hfb-above-header-display":"","ast-hfb-below-header-display":"","ast-hfb-mobile-header-display":"","site-post-title":"","ast-breadcrumbs-content":"","ast-featured-img":"","footer-sml-layout":"","theme-transparent-header-meta":"","adv-header-id-meta":"","stick-header-meta":"","header-above-stick-meta":"","header-main-stick-meta":"","header-below-stick-meta":""},"pwb-brand":[227],"product_cat":[185],"product_tag":[],"class_list":{"0":"post-84173","1":"product","2":"type-product","3":"status-publish","5":"pwb-brand-diederichs","6":"product_cat-ajovaloumpio","7":"desktop-align-left","8":"tablet-align-left","9":"mobile-align-left","11":"first","12":"instock","13":"product-type-external"},"brands":[{"id":227,"name":"DIEDERICHS","slug":"diederichs"}],"_links":{"self":[{"href":"https:\/\/www.autonvaraosahaku.fi\/index.php?rest_route=\/wp\/v2\/product\/84173","targetHints":{"allow":["GET"]}}],"collection":[{"href":"https:\/\/www.autonvaraosahaku.fi\/index.php?rest_route=\/wp\/v2\/product"}],"about":[{"href":"https:\/\/www.autonvaraosahaku.fi\/index.php?rest_route=\/wp\/v2\/types\/product"}],"wp:attachment":[{"href":"https:\/\/www.autonvaraosahaku.fi\/index.php?rest_route=%2Fwp%2Fv2%2Fmedia&parent=84173"}],"wp:term":[{"taxonomy":"pwb-brand","embeddable":true,"href":"https:\/\/www.autonvaraosahaku.fi\/index.php?rest_route=%2Fwp%2Fv2%2Fpwb-brand&post=84173"},{"taxonomy":"product_cat","embeddable":true,"href":"https:\/\/www.autonvaraosahaku.fi\/index.php?rest_route=%2Fwp%2Fv2%2Fproduct_cat&post=84173"},{"taxonomy":"product_tag","embeddable":true,"href":"https:\/\/www.autonvaraosahaku.fi\/index.php?rest_route=%2Fwp%2Fv2%2Fproduct_tag&post=84173"}],"curies":[{"name":"wp","href":"https:\/\/api.w.org\/{rel}","templated":true}]}}