{"id":84182,"date":"2021-02-21T20:33:56","date_gmt":"2021-02-21T20:33:56","guid":{"rendered":"https:\/\/www.autonvaraosahaku.fi\/?product=diederichs-4061008-sisalokasuoja"},"modified":"2021-02-21T20:34:00","modified_gmt":"2021-02-21T20:34:00","slug":"diederichs-4061008-sisalokasuoja","status":"publish","type":"product","link":"https:\/\/www.autonvaraosahaku.fi\/?product=diederichs-4061008-sisalokasuoja","title":{"rendered":"DIEDERICHS 4061008 Sis\u00e4lokasuoja"},"content":{"rendered":"<p>Asennuspuoli: Edess\u00e4, Etuakseli, oikea; CITRO\u00cbN: C5 I DC_,C5 I Break DE_; 7136AA, 7136AC, 7136L6, 7136L7, 7136T5, 7136Z9; Verhous, Sis\u00e4lokasuoja<\/p>\n","protected":false},"excerpt":{"rendered":"<p>DIEDERICHS Sis\u00e4lokasuoja 4061008 Verhous, Sis\u00e4lokasuoja CITRO\u00cbN,C5 I DC_,C5 I Break DE_<\/p>\n","protected":false},"featured_media":0,"template":"","meta":{"site-sidebar-layout":"default","site-content-layout":"default","ast-global-header-display":"","ast-main-header-display":"","ast-hfb-above-header-display":"","ast-hfb-below-header-display":"","ast-hfb-mobile-header-display":"","site-post-title":"","ast-breadcrumbs-content":"","ast-featured-img":"","footer-sml-layout":"","theme-transparent-header-meta":"","adv-header-id-meta":"","stick-header-meta":"","header-above-stick-meta":"","header-main-stick-meta":"","header-below-stick-meta":""},"pwb-brand":[227],"product_cat":[179],"product_tag":[],"class_list":{"0":"post-84182","1":"product","2":"type-product","3":"status-publish","5":"pwb-brand-diederichs","6":"product_cat-sisalokasuoja","7":"desktop-align-left","8":"tablet-align-left","9":"mobile-align-left","11":"first","12":"instock","13":"product-type-external"},"brands":[{"id":227,"name":"DIEDERICHS","slug":"diederichs"}],"_links":{"self":[{"href":"https:\/\/www.autonvaraosahaku.fi\/index.php?rest_route=\/wp\/v2\/product\/84182","targetHints":{"allow":["GET"]}}],"collection":[{"href":"https:\/\/www.autonvaraosahaku.fi\/index.php?rest_route=\/wp\/v2\/product"}],"about":[{"href":"https:\/\/www.autonvaraosahaku.fi\/index.php?rest_route=\/wp\/v2\/types\/product"}],"wp:attachment":[{"href":"https:\/\/www.autonvaraosahaku.fi\/index.php?rest_route=%2Fwp%2Fv2%2Fmedia&parent=84182"}],"wp:term":[{"taxonomy":"pwb-brand","embeddable":true,"href":"https:\/\/www.autonvaraosahaku.fi\/index.php?rest_route=%2Fwp%2Fv2%2Fpwb-brand&post=84182"},{"taxonomy":"product_cat","embeddable":true,"href":"https:\/\/www.autonvaraosahaku.fi\/index.php?rest_route=%2Fwp%2Fv2%2Fproduct_cat&post=84182"},{"taxonomy":"product_tag","embeddable":true,"href":"https:\/\/www.autonvaraosahaku.fi\/index.php?rest_route=%2Fwp%2Fv2%2Fproduct_tag&post=84182"}],"curies":[{"name":"wp","href":"https:\/\/api.w.org\/{rel}","templated":true}]}}