{"id":8420,"date":"2021-02-21T14:03:01","date_gmt":"2021-02-21T14:03:01","guid":{"rendered":"https:\/\/www.autonvaraosahaku.fi\/?product=master-sport-25507-pcs-ms-raidetangon-sisapaa"},"modified":"2021-02-21T14:03:01","modified_gmt":"2021-02-21T14:03:01","slug":"master-sport-25507-pcs-ms-raidetangon-sisapaa","status":"publish","type":"product","link":"https:\/\/www.autonvaraosahaku.fi\/?product=master-sport-25507-pcs-ms-raidetangon-sisapaa","title":{"rendered":"MASTER-SPORT 25507-PCS-MS Raidetangon sis\u00e4p\u00e4\u00e4"},"content":{"rendered":"<p>Asennuspuoli: Etuakseli, Molemminpuolin, Vaihteiston puoli, Py\u00f6r\u00e4n puoli; Pituus (mm): 237; Kierre 1: M12x1,0; kierre 2: M14x1,5; Nettopaino [kg]: 0,45; Bruttopaino [kg]: 0,5; Varusteet: f\u00fcr Fahrzeuge mit Servolenkung; CITRO\u00cbN: C2 JM_,C3 I FC_,C3 Pluriel HB_; PEUGEOT: 1007 KM_; 1607293380, 3812E1, 1607293380, 3812E1; Raidetangon P\u00e4\u00e4 Sisempi,Raidetangon P\u00e4\u00e4, Suora<\/p>\n","protected":false},"excerpt":{"rendered":"<p>MASTER-SPORT Raidetangon Sis\u00e4p\u00e4\u00e4 25507-PCS-MS Raidetangon P\u00e4\u00e4 Sisempi,Raidetangon P\u00e4\u00e4, Suora CITRO\u00cbN,PEUGEOT,C2 JM_,C3 I FC_,C3 Pluriel HB_,1007 KM_<\/p>\n","protected":false},"featured_media":0,"template":"","meta":{"site-sidebar-layout":"default","site-content-layout":"default","ast-global-header-display":"","ast-main-header-display":"","ast-hfb-above-header-display":"","ast-hfb-below-header-display":"","ast-hfb-mobile-header-display":"","site-post-title":"","ast-breadcrumbs-content":"","ast-featured-img":"","footer-sml-layout":"","theme-transparent-header-meta":"","adv-header-id-meta":"","stick-header-meta":"","header-above-stick-meta":"","header-main-stick-meta":"","header-below-stick-meta":""},"pwb-brand":[61],"product_cat":[208],"product_tag":[],"class_list":{"0":"post-8420","1":"product","2":"type-product","3":"status-publish","5":"pwb-brand-master-sport","6":"product_cat-raidetangon-sisapaa","7":"desktop-align-left","8":"tablet-align-left","9":"mobile-align-left","11":"first","12":"instock","13":"product-type-external"},"brands":[{"id":61,"name":"MASTER-SPORT","slug":"master-sport"}],"_links":{"self":[{"href":"https:\/\/www.autonvaraosahaku.fi\/index.php?rest_route=\/wp\/v2\/product\/8420","targetHints":{"allow":["GET"]}}],"collection":[{"href":"https:\/\/www.autonvaraosahaku.fi\/index.php?rest_route=\/wp\/v2\/product"}],"about":[{"href":"https:\/\/www.autonvaraosahaku.fi\/index.php?rest_route=\/wp\/v2\/types\/product"}],"wp:attachment":[{"href":"https:\/\/www.autonvaraosahaku.fi\/index.php?rest_route=%2Fwp%2Fv2%2Fmedia&parent=8420"}],"wp:term":[{"taxonomy":"pwb-brand","embeddable":true,"href":"https:\/\/www.autonvaraosahaku.fi\/index.php?rest_route=%2Fwp%2Fv2%2Fpwb-brand&post=8420"},{"taxonomy":"product_cat","embeddable":true,"href":"https:\/\/www.autonvaraosahaku.fi\/index.php?rest_route=%2Fwp%2Fv2%2Fproduct_cat&post=8420"},{"taxonomy":"product_tag","embeddable":true,"href":"https:\/\/www.autonvaraosahaku.fi\/index.php?rest_route=%2Fwp%2Fv2%2Fproduct_tag&post=8420"}],"curies":[{"name":"wp","href":"https:\/\/api.w.org\/{rel}","templated":true}]}}