{"id":84200,"date":"2021-02-21T20:34:03","date_gmt":"2021-02-21T20:34:03","guid":{"rendered":"https:\/\/www.autonvaraosahaku.fi\/?product=van-wezel-58003215-oljynjaahdytin"},"modified":"2021-02-21T20:34:07","modified_gmt":"2021-02-21T20:34:07","slug":"van-wezel-58003215-oljynjaahdytin","status":"publish","type":"product","link":"https:\/\/www.autonvaraosahaku.fi\/?product=van-wezel-58003215-oljynjaahdytin","title":{"rendered":"VAN WEZEL 58003215 \u00d6ljynj\u00e4\u00e4hdytin"},"content":{"rendered":"<p>J\u00e4hdytysripamateriaali: Alumiini; Lis\u00e4tarvike\/lis\u00e4tieto: Tarvikkeilla; Pituus (mm): 99,7; Leveys (mm): 92,0; Korkeus (mm): 19,9; OE-numerolle: 028 117 021 K\/B\/L; Verkon pituus [mm]: 90; Verkon leveys [mm]: 90; Verkon syvyys [mm]: 60; Laatu: IR PLUS; Valmistusvuosi alkaen: 05\/1999; VW: GOLF IV 1J1,GOLF V 1K1,POLO 9N_,TOURAN 1T1, 1T2,PASSAT Variant 3C5,GOLF PLUS 5M1, 521,PASSAT Variant 3B6,LUPO 6X1, 6E1,PASSAT 3C2,GOLF IV Variant 1J5,SHARAN 7M8, 7M9, 7M6,POLO 6N2,PASSAT Variant 3B5,TRANSPORTER V Bus 7HB, 7HJ, 7EB, 7EJ, 7EF,MULTIVAN V 7HM, 7HN, 7HF, 7EF, 7EM, 7EN,BORA 1J2,PASSAT 3B2,TRANSPORTER V Kasten 7HA, 7HH, 7EA, 7EH,NEW BEETLE 9C1, 1C1,PASSAT 3B3,GOLF Mk III Cabriolet 1E7,BORA Kombi 1J6,CRAFTER 30-50 Kasten 2E_,NEW BEETLE Cabriolet 1Y7,JETTA III 1K2,POLO Variant 6KV5,POLO CLASSIC 6KV2,CRAFTER 30-35 Bus 2E_,TRANSPORTER V Pritsche\/Fahrgestell 7JD, 7JE, 7JL, 7JY, 7JZ,,POLO Stufenheck 9A4,CRAFTER 30-50 Pritsche\/Fahrgestell 2F_; AUDI: A3 8P1,A3 8L1,A3 Sportback 8PA,A4 8D2, B5,A4 Avant 8E5, B6,A6 Avant 4B5, C5,A4 Avant 8D5, B5,A4 8E2, B6,A2 8Z0,A6 4B2, C5,A4 Cabriolet 8H7, B6, 8HE, B7,TT 8N3,TT Roadster 8N9; SKODA: OCTAVIA Combi 1Z5,FABIA Combi 6Y5,FABIA,FABIA 6Y2,OCTAVIA Combi 1U5,FABIA Combi,ROOMSTER 5J,SUPERB Kombi 3T5,OCTAVIA 1Z3,OCTAVIA 1U2,SUPERB 3U4,SUPERB 3T4,FABIA Stufenheck 6Y3,ROOMSTER Praktik 5J,FABIA Praktik; SEAT: IBIZA IV 6L1,LEON 1P1,LEON 1M1,AROSA 6H,ALHAMBRA 7V8, 7V9,EXEO ST 3R5,IBIZA II 6K1,TOLEDO II 1M2,EXEO 3R2,CORDOBA 6K1, 6K2,CORDOBA 6L2; 028117021B, 028117021K, 028117021L; \u00d6ljynlauhdutin,Moottori\u00f6ljyn J\u00e4\u00e4hdytin<\/p>\n","protected":false},"excerpt":{"rendered":"<p>VAN WEZEL \u00d6ljynj\u00e4\u00e4hdytin *** IR PLUS *** 58003215 \u00d6ljynlauhdutin,Moottori\u00f6ljyn J\u00e4\u00e4hdytin VW,AUDI,SKODA,GOLF IV 1J1,GOLF V 1K1,POLO 9N_,TOURAN 1T1, 1T2<\/p>\n","protected":false},"featured_media":0,"template":"","meta":{"site-sidebar-layout":"default","site-content-layout":"default","ast-global-header-display":"","ast-main-header-display":"","ast-hfb-above-header-display":"","ast-hfb-below-header-display":"","ast-hfb-mobile-header-display":"","site-post-title":"","ast-breadcrumbs-content":"","ast-featured-img":"","footer-sml-layout":"","theme-transparent-header-meta":"","adv-header-id-meta":"","stick-header-meta":"","header-above-stick-meta":"","header-main-stick-meta":"","header-below-stick-meta":""},"pwb-brand":[54],"product_cat":[244],"product_tag":[],"class_list":{"0":"post-84200","1":"product","2":"type-product","3":"status-publish","5":"pwb-brand-van-wezel","6":"product_cat-oljynjaahdytin","7":"desktop-align-left","8":"tablet-align-left","9":"mobile-align-left","11":"first","12":"instock","13":"product-type-external"},"brands":[{"id":54,"name":"VAN WEZEL","slug":"van-wezel"}],"_links":{"self":[{"href":"https:\/\/www.autonvaraosahaku.fi\/index.php?rest_route=\/wp\/v2\/product\/84200","targetHints":{"allow":["GET"]}}],"collection":[{"href":"https:\/\/www.autonvaraosahaku.fi\/index.php?rest_route=\/wp\/v2\/product"}],"about":[{"href":"https:\/\/www.autonvaraosahaku.fi\/index.php?rest_route=\/wp\/v2\/types\/product"}],"wp:attachment":[{"href":"https:\/\/www.autonvaraosahaku.fi\/index.php?rest_route=%2Fwp%2Fv2%2Fmedia&parent=84200"}],"wp:term":[{"taxonomy":"pwb-brand","embeddable":true,"href":"https:\/\/www.autonvaraosahaku.fi\/index.php?rest_route=%2Fwp%2Fv2%2Fpwb-brand&post=84200"},{"taxonomy":"product_cat","embeddable":true,"href":"https:\/\/www.autonvaraosahaku.fi\/index.php?rest_route=%2Fwp%2Fv2%2Fproduct_cat&post=84200"},{"taxonomy":"product_tag","embeddable":true,"href":"https:\/\/www.autonvaraosahaku.fi\/index.php?rest_route=%2Fwp%2Fv2%2Fproduct_tag&post=84200"}],"curies":[{"name":"wp","href":"https:\/\/api.w.org\/{rel}","templated":true}]}}