{"id":84219,"date":"2021-02-21T20:34:11","date_gmt":"2021-02-21T20:34:11","guid":{"rendered":"https:\/\/www.autonvaraosahaku.fi\/?product=febi-bilstein-39606-hammastangon-suojakumi"},"modified":"2021-02-21T20:34:14","modified_gmt":"2021-02-21T20:34:14","slug":"febi-bilstein-39606-hammastangon-suojakumi","status":"publish","type":"product","link":"https:\/\/www.autonvaraosahaku.fi\/?product=febi-bilstein-39606-hammastangon-suojakumi","title":{"rendered":"FEBI BILSTEIN 39606 Hammastangon suojakumi"},"content":{"rendered":"<p>Pituus (mm): 190; Vasen \/ oikea liikenne: Oikean-\/vasemmanpuolinen ohjaus; Materiaali: Thermoplast; Asennuspuoli: etuakseli molemminpuoleinen; Paino [kg]: 0,059; Sis\u00e4l\u00e4pimitta 1 [mm]: 16; Sis\u00e4l\u00e4pimitta 2 [mm]: 49; Huomioi huolto-ohjeet: , ; Varusteet: f\u00fcr Fahrzeuge mit hydraulischer Servolenkung; VW: GOLF IV 1J1,NEW BEETLE 9C1, 1C1; AUDI: A3 8L1,TT 8N3,TT Roadster 8N9; SEAT: LEON 1M1; CHEVROLET: CRUZE J300,CRUZE Station Wagon J308,CRUZE Schr\u00e4gheck J305; OPEL: ASTRA J Sports Tourer,ASTRA J,ASTRA J Stufenheck; VAUXHALL: ASTRA Mk V H CC,ASTRA Mk VI J,ASTRA Mk VI J Sedan,ASTRA Mk VI J Estate; 8N0422831, 8N0422831S1, 13278357, 00902010, 0902010, 902010, 8N0422831, 8N0422831S1, 013278357, 13278357, 8N0422831, 8N0422831S1<\/p>\n","protected":false},"excerpt":{"rendered":"<p>FEBI BILSTEIN Paljekumisarja, Ohjaus 39606  VW,AUDI,SEAT,GOLF IV 1J1,NEW BEETLE 9C1, 1C1,A3 8L1,TT 8N3,TT Roadster 8N9,LEON 1M1,CRUZE J300<\/p>\n","protected":false},"featured_media":0,"template":"","meta":{"site-sidebar-layout":"default","site-content-layout":"default","ast-global-header-display":"","ast-main-header-display":"","ast-hfb-above-header-display":"","ast-hfb-below-header-display":"","ast-hfb-mobile-header-display":"","site-post-title":"","ast-breadcrumbs-content":"","ast-featured-img":"","footer-sml-layout":"","theme-transparent-header-meta":"","adv-header-id-meta":"","stick-header-meta":"","header-above-stick-meta":"","header-main-stick-meta":"","header-below-stick-meta":""},"pwb-brand":[50],"product_cat":[81],"product_tag":[],"class_list":{"0":"post-84219","1":"product","2":"type-product","3":"status-publish","5":"pwb-brand-febi-bilstein","6":"product_cat-hammastangon-suojakumi","7":"desktop-align-left","8":"tablet-align-left","9":"mobile-align-left","11":"first","12":"instock","13":"product-type-external"},"brands":[{"id":50,"name":"FEBI BILSTEIN","slug":"febi-bilstein"}],"_links":{"self":[{"href":"https:\/\/www.autonvaraosahaku.fi\/index.php?rest_route=\/wp\/v2\/product\/84219","targetHints":{"allow":["GET"]}}],"collection":[{"href":"https:\/\/www.autonvaraosahaku.fi\/index.php?rest_route=\/wp\/v2\/product"}],"about":[{"href":"https:\/\/www.autonvaraosahaku.fi\/index.php?rest_route=\/wp\/v2\/types\/product"}],"wp:attachment":[{"href":"https:\/\/www.autonvaraosahaku.fi\/index.php?rest_route=%2Fwp%2Fv2%2Fmedia&parent=84219"}],"wp:term":[{"taxonomy":"pwb-brand","embeddable":true,"href":"https:\/\/www.autonvaraosahaku.fi\/index.php?rest_route=%2Fwp%2Fv2%2Fpwb-brand&post=84219"},{"taxonomy":"product_cat","embeddable":true,"href":"https:\/\/www.autonvaraosahaku.fi\/index.php?rest_route=%2Fwp%2Fv2%2Fproduct_cat&post=84219"},{"taxonomy":"product_tag","embeddable":true,"href":"https:\/\/www.autonvaraosahaku.fi\/index.php?rest_route=%2Fwp%2Fv2%2Fproduct_tag&post=84219"}],"curies":[{"name":"wp","href":"https:\/\/api.w.org\/{rel}","templated":true}]}}