{"id":84227,"date":"2021-02-21T20:34:11","date_gmt":"2021-02-21T20:34:11","guid":{"rendered":"https:\/\/www.autonvaraosahaku.fi\/?product=beru-zef472-sytytysjohto"},"modified":"2021-02-21T20:34:17","modified_gmt":"2021-02-21T20:34:17","slug":"beru-zef472-sytytysjohto","status":"publish","type":"product","link":"https:\/\/www.autonvaraosahaku.fi\/?product=beru-zef472-sytytysjohto","title":{"rendered":"BERU ZEF472 Sytytysjohto"},"content":{"rendered":"<p>DIN \/ ISO: C; Sytytystulppa: Liit\u00e4nt\u00e4 M4; Sytytyspuola: Liit\u00e4nt\u00e4 DIN; Virranjakaja: Liit\u00e4nt\u00e4 sahahammas; Pituus 1 (mm): 761; Pituus 2 (mm): 781; johtojen lukum\u00e4\u00e4r\u00e4: 9; Pituus 3 [mm]: 811; Pituus 4 [mm]: 811; Pituus 5 [mm]: 851; Pituus 6 [mm]: 871; Pituus 7 [mm]: 891; Pituus 8 [mm]: 911; Valmistusvuosi alkaen: 02\/1973; MERCEDES-BENZ: SL R107,S-CLASS W116,SL Coupe C107; 1161500118, A1161500118; Sytytysjohtosarja,Sytytyskaapeli<\/p>\n","protected":false},"excerpt":{"rendered":"<p>BERU Sytytysjohto ZEF472 Sytytysjohtosarja,Sytytyskaapeli MERCEDES-BENZ,SL R107,S-CLASS W116,SL Coupe C107<\/p>\n","protected":false},"featured_media":0,"template":"","meta":{"site-sidebar-layout":"default","site-content-layout":"default","ast-global-header-display":"","ast-main-header-display":"","ast-hfb-above-header-display":"","ast-hfb-below-header-display":"","ast-hfb-mobile-header-display":"","site-post-title":"","ast-breadcrumbs-content":"","ast-featured-img":"","footer-sml-layout":"","theme-transparent-header-meta":"","adv-header-id-meta":"","stick-header-meta":"","header-above-stick-meta":"","header-main-stick-meta":"","header-below-stick-meta":""},"pwb-brand":[327],"product_cat":[198],"product_tag":[],"class_list":{"0":"post-84227","1":"product","2":"type-product","3":"status-publish","5":"pwb-brand-beru","6":"product_cat-sytytysjohto","7":"desktop-align-left","8":"tablet-align-left","9":"mobile-align-left","11":"first","12":"instock","13":"product-type-external"},"brands":[{"id":327,"name":"BERU","slug":"beru"}],"_links":{"self":[{"href":"https:\/\/www.autonvaraosahaku.fi\/index.php?rest_route=\/wp\/v2\/product\/84227","targetHints":{"allow":["GET"]}}],"collection":[{"href":"https:\/\/www.autonvaraosahaku.fi\/index.php?rest_route=\/wp\/v2\/product"}],"about":[{"href":"https:\/\/www.autonvaraosahaku.fi\/index.php?rest_route=\/wp\/v2\/types\/product"}],"wp:attachment":[{"href":"https:\/\/www.autonvaraosahaku.fi\/index.php?rest_route=%2Fwp%2Fv2%2Fmedia&parent=84227"}],"wp:term":[{"taxonomy":"pwb-brand","embeddable":true,"href":"https:\/\/www.autonvaraosahaku.fi\/index.php?rest_route=%2Fwp%2Fv2%2Fpwb-brand&post=84227"},{"taxonomy":"product_cat","embeddable":true,"href":"https:\/\/www.autonvaraosahaku.fi\/index.php?rest_route=%2Fwp%2Fv2%2Fproduct_cat&post=84227"},{"taxonomy":"product_tag","embeddable":true,"href":"https:\/\/www.autonvaraosahaku.fi\/index.php?rest_route=%2Fwp%2Fv2%2Fproduct_tag&post=84227"}],"curies":[{"name":"wp","href":"https:\/\/api.w.org\/{rel}","templated":true}]}}