{"id":84248,"date":"2021-02-21T20:34:19","date_gmt":"2021-02-21T20:34:19","guid":{"rendered":"https:\/\/www.autonvaraosahaku.fi\/?product=febi-bilstein-38638-muut-luokat"},"modified":"2021-02-21T20:34:25","modified_gmt":"2021-02-21T20:34:25","slug":"febi-bilstein-38638-muut-luokat","status":"publish","type":"product","link":"https:\/\/www.autonvaraosahaku.fi\/?product=febi-bilstein-38638-muut-luokat","title":{"rendered":"FEBI BILSTEIN 38638 Muut luokat"},"content":{"rendered":"<p>Liittimi\u00e4: 8; Materiaali: Muovi; K\u00e4ytt\u00f6tapa: K\u00e4\u00e4nt\u00f6kytkin; Paino [kg]: 0,04, 0,04; Alustanumerosta: 1T-B-000 001; VW: GOLF V 1K1,TOURAN 1T1, 1T2,GOLF VI 5K1,GOLF PLUS 5M1, 521,CADDY III Kombi 2KB, 2KJ, 2CB, 2CJ,TOURAN 1T3,GOLF VI Variant AJ5,GOLF V Variant 1K5,CADDY III Kasten 2KA, 2KH, 2CA, 2CH,EOS 1F7, 1F8,SCIROCCO 137, 138,JETTA III 1K2,GOLF VI Cabriolet 517,BEETLE 5C1,JETTA IV 162, 163,BEETLE Cabriolet 5C7; AUDI: A3 8P1,A3 Sportback 8PA,TT 8J3,TT Roadster 8J9,A3 Cabriolet 8P7,R8 42,R8 Spyder; SKODA: OCTAVIA Combi 1Z5,YETI 5L,SUPERB Kombi 3T5,OCTAVIA 1Z3,SUPERB 3T4; 1K0905849A, 1K0905849B, 1K0905865B, 5K0953521AN9B9, 5K0953521AR9B9, 5K0953521BJ9B9, 5K0953521BM9B9, 1K0905849A, 1K0905849B, 1K5953503EC9B9, 1K5953503EE9B9, 1K5953503ET9B9, 1K5953503FB9B9, 1K5953503FP9B9, 1K5953503FR9B9, 1K5953507M9B9, 1K5953507N9B9, 1K5953507P9B9, 1K5953507Q9B9, 5K0953507AB9B9, 5K0953507AC9B9, 5K0953507AD9B9, 5K0953507AE9B9, 5K0953507AR9B9, 5K0953507AS9B9, 5K0953507AT9B9, 5K0953507BA9B9, 1K0905849A, 1K0905849B, 1K0905865B, 5K0905865, 5K0953521AN9B9, 5K0953521AR9B9, 5K0953521BJ9B9, 5K0953521BM9B9<\/p>\n","protected":false},"excerpt":{"rendered":"<p>FEBI BILSTEIN Virtalukko febi Plus 38638  VW,AUDI,SKODA,GOLF V 1K1,TOURAN 1T1, 1T2,GOLF VI 5K1,GOLF PLUS 5M1, 521,CADDY III Kombi 2KB, 2KJ, 2CB, 2CJ<\/p>\n","protected":false},"featured_media":0,"template":"","meta":{"site-sidebar-layout":"default","site-content-layout":"default","ast-global-header-display":"","ast-main-header-display":"","ast-hfb-above-header-display":"","ast-hfb-below-header-display":"","ast-hfb-mobile-header-display":"","site-post-title":"","ast-breadcrumbs-content":"","ast-featured-img":"","footer-sml-layout":"","theme-transparent-header-meta":"","adv-header-id-meta":"","stick-header-meta":"","header-above-stick-meta":"","header-main-stick-meta":"","header-below-stick-meta":""},"pwb-brand":[50],"product_cat":[37],"product_tag":[],"class_list":{"0":"post-84248","1":"product","2":"type-product","3":"status-publish","5":"pwb-brand-febi-bilstein","6":"product_cat-muut-luokat","7":"desktop-align-left","8":"tablet-align-left","9":"mobile-align-left","11":"first","12":"instock","13":"product-type-external"},"brands":[{"id":50,"name":"FEBI BILSTEIN","slug":"febi-bilstein"}],"_links":{"self":[{"href":"https:\/\/www.autonvaraosahaku.fi\/index.php?rest_route=\/wp\/v2\/product\/84248","targetHints":{"allow":["GET"]}}],"collection":[{"href":"https:\/\/www.autonvaraosahaku.fi\/index.php?rest_route=\/wp\/v2\/product"}],"about":[{"href":"https:\/\/www.autonvaraosahaku.fi\/index.php?rest_route=\/wp\/v2\/types\/product"}],"wp:attachment":[{"href":"https:\/\/www.autonvaraosahaku.fi\/index.php?rest_route=%2Fwp%2Fv2%2Fmedia&parent=84248"}],"wp:term":[{"taxonomy":"pwb-brand","embeddable":true,"href":"https:\/\/www.autonvaraosahaku.fi\/index.php?rest_route=%2Fwp%2Fv2%2Fpwb-brand&post=84248"},{"taxonomy":"product_cat","embeddable":true,"href":"https:\/\/www.autonvaraosahaku.fi\/index.php?rest_route=%2Fwp%2Fv2%2Fproduct_cat&post=84248"},{"taxonomy":"product_tag","embeddable":true,"href":"https:\/\/www.autonvaraosahaku.fi\/index.php?rest_route=%2Fwp%2Fv2%2Fproduct_tag&post=84248"}],"curies":[{"name":"wp","href":"https:\/\/api.w.org\/{rel}","templated":true}]}}