{"id":84254,"date":"2021-02-21T20:34:26","date_gmt":"2021-02-21T20:34:26","guid":{"rendered":"https:\/\/www.autonvaraosahaku.fi\/?product=vegaz-md-115-pakosarjan-tiivisteet"},"modified":"2021-02-21T20:34:28","modified_gmt":"2021-02-21T20:34:28","slug":"vegaz-md-115-pakosarjan-tiivisteet","status":"publish","type":"product","link":"https:\/\/www.autonvaraosahaku.fi\/?product=vegaz-md-115-pakosarjan-tiivisteet","title":{"rendered":"VEGAZ MD-115 Pakosarjan tiivisteet"},"content":{"rendered":"<p>Korkeus (mm): 19; Materiaali: Ter\u00e4s; Sis\u00e4l\u00e4pimitta [mm]: 55,5; Ulkol\u00e4pimitta [mm]: 69; Muoto: O-rengas; Paksuus [mm]: 19; Katalysaattorimalli: f\u00fcr Fahrzeuge ohne Katalysator; MERCEDES-BENZ: C-CLASS W203,C-CLASS T-Model S203,C-CLASS W202,SLK R170,C-CLASS Coupe CL203,Stufenheck W124,CLK C208,CLK C209,C-CLASS Kombi S202,KOMBI Kombi S124,E-CLASS W124,G-CLASS W463,VITO Bus 638,CLK Cabriolet A208,CLK Cabriolet A209,G-CLASS W460,E-CLASS Kombi S124,V-CLASS 638\/2,VITO Kasten 638,G-CLASS Cabrio W463; CHRYSLER: CROSSFIRE,CROSSFIRE Roadster; 1264920581, 2024900181, 2024920181<\/p>\n","protected":false},"excerpt":{"rendered":"<p>VEGAZ Tiivisterengas, Pakoputki MD-115  MERCEDES-BENZ,CHRYSLER,C-CLASS W203,C-CLASS T-Model S203,C-CLASS W202,SLK R170,C-CLASS Coupe CL203<\/p>\n","protected":false},"featured_media":0,"template":"","meta":{"site-sidebar-layout":"default","site-content-layout":"default","ast-global-header-display":"","ast-main-header-display":"","ast-hfb-above-header-display":"","ast-hfb-below-header-display":"","ast-hfb-mobile-header-display":"","site-post-title":"","ast-breadcrumbs-content":"","ast-featured-img":"","footer-sml-layout":"","theme-transparent-header-meta":"","adv-header-id-meta":"","stick-header-meta":"","header-above-stick-meta":"","header-main-stick-meta":"","header-below-stick-meta":""},"pwb-brand":[306],"product_cat":[123],"product_tag":[],"class_list":{"0":"post-84254","1":"product","2":"type-product","3":"status-publish","5":"pwb-brand-vegaz","6":"product_cat-pakosarjan-tiivisteet","7":"desktop-align-left","8":"tablet-align-left","9":"mobile-align-left","11":"first","12":"instock","13":"product-type-external"},"brands":[{"id":306,"name":"VEGAZ","slug":"vegaz"}],"_links":{"self":[{"href":"https:\/\/www.autonvaraosahaku.fi\/index.php?rest_route=\/wp\/v2\/product\/84254","targetHints":{"allow":["GET"]}}],"collection":[{"href":"https:\/\/www.autonvaraosahaku.fi\/index.php?rest_route=\/wp\/v2\/product"}],"about":[{"href":"https:\/\/www.autonvaraosahaku.fi\/index.php?rest_route=\/wp\/v2\/types\/product"}],"wp:attachment":[{"href":"https:\/\/www.autonvaraosahaku.fi\/index.php?rest_route=%2Fwp%2Fv2%2Fmedia&parent=84254"}],"wp:term":[{"taxonomy":"pwb-brand","embeddable":true,"href":"https:\/\/www.autonvaraosahaku.fi\/index.php?rest_route=%2Fwp%2Fv2%2Fpwb-brand&post=84254"},{"taxonomy":"product_cat","embeddable":true,"href":"https:\/\/www.autonvaraosahaku.fi\/index.php?rest_route=%2Fwp%2Fv2%2Fproduct_cat&post=84254"},{"taxonomy":"product_tag","embeddable":true,"href":"https:\/\/www.autonvaraosahaku.fi\/index.php?rest_route=%2Fwp%2Fv2%2Fproduct_tag&post=84254"}],"curies":[{"name":"wp","href":"https:\/\/api.w.org\/{rel}","templated":true}]}}