{"id":84258,"date":"2021-02-21T20:34:26","date_gmt":"2021-02-21T20:34:26","guid":{"rendered":"https:\/\/www.autonvaraosahaku.fi\/?product=optimal-f8-6772-tukivarren-hela"},"modified":"2021-02-21T20:34:29","modified_gmt":"2021-02-21T20:34:29","slug":"optimal-f8-6772-tukivarren-hela","status":"publish","type":"product","link":"https:\/\/www.autonvaraosahaku.fi\/?product=optimal-f8-6772-tukivarren-hela","title":{"rendered":"OPTIMAL F8-6772 Tukivarren hela"},"content":{"rendered":"<p>Asennuspuoli: Molemminpuolin, Taka-akseli; Korkeus (mm): 49,5; Sis\u00e4l\u00e4pimitta [mm]: 12,2; Ohjausmalli: Poikittaistukivarrelle; Kiinnitysmalli: Kumimetallilaakeri; Ulkol\u00e4pimitta 1 [mm]: 36,2; Ulkol\u00e4pimitta 2 [mm]: 34,7; VOLVO: V40 Kombi VW,S40 I VS; MITSUBISHI: COLT V CJ_, CP_,LANCER Stufenheck CS_A, CT0,COLT IV CA_A,LANCER VI CJ-CP_,LANCER V Station Wagon CB_W, CD_W,LANCER V CB\/D_A; 30620972, 30818103<\/p>\n","protected":false},"excerpt":{"rendered":"<p>OPTIMAL Tukivarren Hela F8-6772  VOLVO,MITSUBISHI,V40 Kombi VW,S40 I VS,COLT V CJ_, CP_,LANCER Stufenheck CS_A, CT0,COLT IV CA_A,LANCER VI CJ-CP_<\/p>\n","protected":false},"featured_media":0,"template":"","meta":{"site-sidebar-layout":"default","site-content-layout":"default","ast-global-header-display":"","ast-main-header-display":"","ast-hfb-above-header-display":"","ast-hfb-below-header-display":"","ast-hfb-mobile-header-display":"","site-post-title":"","ast-breadcrumbs-content":"","ast-featured-img":"","footer-sml-layout":"","theme-transparent-header-meta":"","adv-header-id-meta":"","stick-header-meta":"","header-above-stick-meta":"","header-main-stick-meta":"","header-below-stick-meta":""},"pwb-brand":[307],"product_cat":[115],"product_tag":[],"class_list":{"0":"post-84258","1":"product","2":"type-product","3":"status-publish","5":"pwb-brand-optimal","6":"product_cat-tukivarren-hela","7":"desktop-align-left","8":"tablet-align-left","9":"mobile-align-left","11":"first","12":"instock","13":"product-type-external"},"brands":[{"id":307,"name":"OPTIMAL","slug":"optimal"}],"_links":{"self":[{"href":"https:\/\/www.autonvaraosahaku.fi\/index.php?rest_route=\/wp\/v2\/product\/84258","targetHints":{"allow":["GET"]}}],"collection":[{"href":"https:\/\/www.autonvaraosahaku.fi\/index.php?rest_route=\/wp\/v2\/product"}],"about":[{"href":"https:\/\/www.autonvaraosahaku.fi\/index.php?rest_route=\/wp\/v2\/types\/product"}],"wp:attachment":[{"href":"https:\/\/www.autonvaraosahaku.fi\/index.php?rest_route=%2Fwp%2Fv2%2Fmedia&parent=84258"}],"wp:term":[{"taxonomy":"pwb-brand","embeddable":true,"href":"https:\/\/www.autonvaraosahaku.fi\/index.php?rest_route=%2Fwp%2Fv2%2Fpwb-brand&post=84258"},{"taxonomy":"product_cat","embeddable":true,"href":"https:\/\/www.autonvaraosahaku.fi\/index.php?rest_route=%2Fwp%2Fv2%2Fproduct_cat&post=84258"},{"taxonomy":"product_tag","embeddable":true,"href":"https:\/\/www.autonvaraosahaku.fi\/index.php?rest_route=%2Fwp%2Fv2%2Fproduct_tag&post=84258"}],"curies":[{"name":"wp","href":"https:\/\/api.w.org\/{rel}","templated":true}]}}