{"id":84290,"date":"2021-02-21T20:34:41","date_gmt":"2021-02-21T20:34:41","guid":{"rendered":"https:\/\/www.autonvaraosahaku.fi\/?product=febi-bilstein-27386-pyoranlaakerit"},"modified":"2021-02-21T20:34:42","modified_gmt":"2021-02-21T20:34:42","slug":"febi-bilstein-27386-pyoranlaakerit","status":"publish","type":"product","link":"https:\/\/www.autonvaraosahaku.fi\/?product=febi-bilstein-27386-pyoranlaakerit","title":{"rendered":"FEBI BILSTEIN 27386 Py\u00f6r\u00e4nlaakerit"},"content":{"rendered":"<p>Leveys (mm): 95,0; Sis\u00e4l\u00e4pimitta [mm]: 25,0; Ulkol\u00e4pimitta [mm]: 137,0; Reik\u00e4ympyr\u00e4-\u00d8 [mm]: 105; Liittimi\u00e4: 2; Reikien m\u00e4\u00e4r\u00e4: 5; Laakerityyppi: S\u00e4teitt\u00e4iskuulalaakeri; Korvaava tuote\/korvaava tiedote 2: Py\u00f6r\u00e4nlaakeri integroitu py\u00f6r\u00e4nnapaan; Asennuspuoli: etuakseli molemminpuoleinen; Paino [kg]: 3,42, 3,42; Vanne, aukkoja: 5; OPEL: ZAFIRA B A05,ASTRA H Caravan L35,ASTRA H L48,ASTRA H GTC L08,ASTRA H TwinTop L67,ASTRA H Stufenheck L69,ASTRA H Kasten L70; VAUXHALL: ZAFIRA Mk II B M75,ASTRA Mk V H CC,ASTRA Mk V H Estate,ASTRA Mk V H Convertible,ASTRAVAN Mk IV G,ASTRAVAN Mk V H; 01603254, 1603254, 093178652, 93178652; Py\u00f6r\u00e4nlaakerisarja<\/p>\n","protected":false},"excerpt":{"rendered":"<p>FEBI BILSTEIN Py\u00f6r\u00e4nlaakerit 27386 Py\u00f6r\u00e4nlaakerisarja OPEL,VAUXHALL,ZAFIRA B A05,ASTRA H Caravan L35,ASTRA H L48,ASTRA H GTC L08,ASTRA H TwinTop L67<\/p>\n","protected":false},"featured_media":0,"template":"","meta":{"site-sidebar-layout":"default","site-content-layout":"default","ast-global-header-display":"","ast-main-header-display":"","ast-hfb-above-header-display":"","ast-hfb-below-header-display":"","ast-hfb-mobile-header-display":"","site-post-title":"","ast-breadcrumbs-content":"","ast-featured-img":"","footer-sml-layout":"","theme-transparent-header-meta":"","adv-header-id-meta":"","stick-header-meta":"","header-above-stick-meta":"","header-main-stick-meta":"","header-below-stick-meta":""},"pwb-brand":[50],"product_cat":[83],"product_tag":[],"class_list":{"0":"post-84290","1":"product","2":"type-product","3":"status-publish","5":"pwb-brand-febi-bilstein","6":"product_cat-pyoranlaakerit","7":"desktop-align-left","8":"tablet-align-left","9":"mobile-align-left","11":"first","12":"instock","13":"product-type-external"},"brands":[{"id":50,"name":"FEBI BILSTEIN","slug":"febi-bilstein"}],"_links":{"self":[{"href":"https:\/\/www.autonvaraosahaku.fi\/index.php?rest_route=\/wp\/v2\/product\/84290","targetHints":{"allow":["GET"]}}],"collection":[{"href":"https:\/\/www.autonvaraosahaku.fi\/index.php?rest_route=\/wp\/v2\/product"}],"about":[{"href":"https:\/\/www.autonvaraosahaku.fi\/index.php?rest_route=\/wp\/v2\/types\/product"}],"wp:attachment":[{"href":"https:\/\/www.autonvaraosahaku.fi\/index.php?rest_route=%2Fwp%2Fv2%2Fmedia&parent=84290"}],"wp:term":[{"taxonomy":"pwb-brand","embeddable":true,"href":"https:\/\/www.autonvaraosahaku.fi\/index.php?rest_route=%2Fwp%2Fv2%2Fpwb-brand&post=84290"},{"taxonomy":"product_cat","embeddable":true,"href":"https:\/\/www.autonvaraosahaku.fi\/index.php?rest_route=%2Fwp%2Fv2%2Fproduct_cat&post=84290"},{"taxonomy":"product_tag","embeddable":true,"href":"https:\/\/www.autonvaraosahaku.fi\/index.php?rest_route=%2Fwp%2Fv2%2Fproduct_tag&post=84290"}],"curies":[{"name":"wp","href":"https:\/\/api.w.org\/{rel}","templated":true}]}}