{"id":84304,"date":"2021-02-21T20:34:41","date_gmt":"2021-02-21T20:34:41","guid":{"rendered":"https:\/\/www.autonvaraosahaku.fi\/?product=monroe-sp3858-jouset"},"modified":"2021-02-21T20:34:46","modified_gmt":"2021-02-21T20:34:46","slug":"monroe-sp3858-jouset","status":"publish","type":"product","link":"https:\/\/www.autonvaraosahaku.fi\/?product=monroe-sp3858-jouset","title":{"rendered":"MONROE SP3858 Jouset"},"content":{"rendered":"<p>Pituus (mm): 387; Paino [kg]: 2,800; Ulkol\u00e4pimitta [mm]: 155,0; Sis\u00e4l\u00e4pimitta 1 [mm]: 98,0; Sis\u00e4l\u00e4pimitta 2 [mm]: 132,0; Kierroslukum\u00e4\u00e4r\u00e4: 5,90; Pakkauspituus [cm]: 41,5; Pakkausleveys [cm]: 15,1; Pakkauskorkeus [mm]: 15,2; Johtimen l\u00e4pimitta [mm]: 13,3; Asennuspuoli: Vorderachse; FIAT: SEDICI; SUZUKI: SX4 EY, GY; 71744013, 4111179HJ0; Kierrejousi<\/p>\n","protected":false},"excerpt":{"rendered":"<p>MONROE Jousi MONROE OESpectrum SPRINGS SP3858 Kierrejousi FIAT,SUZUKI,SEDICI,SX4 EY, GY<\/p>\n","protected":false},"featured_media":0,"template":"","meta":{"site-sidebar-layout":"default","site-content-layout":"default","ast-global-header-display":"","ast-main-header-display":"","ast-hfb-above-header-display":"","ast-hfb-below-header-display":"","ast-hfb-mobile-header-display":"","site-post-title":"","ast-breadcrumbs-content":"","ast-featured-img":"","footer-sml-layout":"","theme-transparent-header-meta":"","adv-header-id-meta":"","stick-header-meta":"","header-above-stick-meta":"","header-main-stick-meta":"","header-below-stick-meta":""},"pwb-brand":[79],"product_cat":[171],"product_tag":[],"class_list":{"0":"post-84304","1":"product","2":"type-product","3":"status-publish","5":"pwb-brand-monroe","6":"product_cat-jouset","7":"desktop-align-left","8":"tablet-align-left","9":"mobile-align-left","11":"first","12":"instock","13":"product-type-external"},"brands":[{"id":79,"name":"MONROE","slug":"monroe"}],"_links":{"self":[{"href":"https:\/\/www.autonvaraosahaku.fi\/index.php?rest_route=\/wp\/v2\/product\/84304","targetHints":{"allow":["GET"]}}],"collection":[{"href":"https:\/\/www.autonvaraosahaku.fi\/index.php?rest_route=\/wp\/v2\/product"}],"about":[{"href":"https:\/\/www.autonvaraosahaku.fi\/index.php?rest_route=\/wp\/v2\/types\/product"}],"wp:attachment":[{"href":"https:\/\/www.autonvaraosahaku.fi\/index.php?rest_route=%2Fwp%2Fv2%2Fmedia&parent=84304"}],"wp:term":[{"taxonomy":"pwb-brand","embeddable":true,"href":"https:\/\/www.autonvaraosahaku.fi\/index.php?rest_route=%2Fwp%2Fv2%2Fpwb-brand&post=84304"},{"taxonomy":"product_cat","embeddable":true,"href":"https:\/\/www.autonvaraosahaku.fi\/index.php?rest_route=%2Fwp%2Fv2%2Fproduct_cat&post=84304"},{"taxonomy":"product_tag","embeddable":true,"href":"https:\/\/www.autonvaraosahaku.fi\/index.php?rest_route=%2Fwp%2Fv2%2Fproduct_tag&post=84304"}],"curies":[{"name":"wp","href":"https:\/\/api.w.org\/{rel}","templated":true}]}}