{"id":84318,"date":"2021-02-21T20:34:49","date_gmt":"2021-02-21T20:34:49","guid":{"rendered":"https:\/\/www.autonvaraosahaku.fi\/?product=corteco-80004330-kampiakselin-hihnapyora"},"modified":"2021-02-21T20:34:52","modified_gmt":"2021-02-21T20:34:52","slug":"corteco-80004330-kampiakselin-hihnapyora","status":"publish","type":"product","link":"https:\/\/www.autonvaraosahaku.fi\/?product=corteco-80004330-kampiakselin-hihnapyora","title":{"rendered":"CORTECO 80004330 Kampiakselin hihnapy\u00f6r\u00e4"},"content":{"rendered":"<p>Kiiloja: 5; Korvaava tuote\/korvaava tiedote 2: kytketty, Ruuvisarjalla, asennusohjeella; Tunnusluku: 6PK; Varusteet: Ajoneuvoille k\u00e4ynnistys-pys\u00e4ytys-toiminnolla, ajoneuvoille ilman k\u00e4ynnistys-pys\u00e4ytys-toimintoa; Organisaationumerosta: 10556; MAZDA: 2 DE,3 BL,5 CW,3 Stufenheck BL; VOLVO: V50 MW,V70 III BW,C30,V60,S40 II MS,V40 Schr\u00e4gheck,S80 II AS,S60 II; SUZUKI: SX4 EY, GY; FORD: FOCUS II Kombi DA_,FIESTA VI,MONDEO IV Turnier BA7,FOCUS II DA_,S-MAX WA6,FOCUS III Turnier,GALAXY WA6,C-MAX DM2,FOCUS III,C-MAX II,MONDEO IV BA7,GRAND C-MAX,FOCUS II Stufenheck DA_,B-MAX JK,ECOSPORT,PUMA EC_,FOCUS III Stufenheck,MONDEO IV Stufenheck BA7,TOURNEO CONNECT \/ GRAND TOURNEO CONNECT Kombi,FIESTA VI Van,TRANSIT CONNECT Kasten,MONDEO V Turnier,MONDEO V Schr\u00e4gheck,C-MAX II Van,TOURNEO COURIER Kombi,B-MAX Van,TRANSIT CONNECT Kombi,TRANSIT COURIER Kasten,TRANSIT COURIER Kombi; FIAT: SCUDO 270_,SCUDO Kasten 270_,SCUDO Pritsche\/Fahrgestell 270_; CITRO\u00cbN: BERLINGO MF,XSARA PICASSO N68,C2 JM_,C3 I FC_,BERLINGO B9,C5 III Break TD_,C4 Picasso I UD_,C4 Grand Picasso I UA_,C4 I LC_,DS3,BERLINGO Kasten M_,C5 II Break RE_,C3 Picasso,C5 III RD_,C3 II,C4 Coupe LA_,C3 Pluriel HB_,C4 II B7,C5 II RC_,JUMPY,BERLINGO Kasten B9,JUMPY Kasten,C4 Grand Picasso II,C4 Picasso II,DS4,NEMO Kasten AA_,DS5,C4 Stufenheck L,C4 AIRCROSS,NEMO Kombi,DS3 Cabriolet,C2 ENTERPRISE,BERLINGO Pritsche\/Fahrgestell B9,C-ELYSEE,C4 CACTUS; PEUGEOT: 206 Schr\u00e4gheck 2A\/C,206 CC 2D,207 WA_, WC_,307 SW 3H,207 CC WD_,407 SW 6E_,307 3A\/C,207 SW WK_,308 SW,206 SW 2E\/K,208,206+ T3E,308 4A_, 4C_,5008,307 Break 3E,508 SW,407 6D_,3008,PARTNER Tepee,308 CC,1007 KM_,PARTNER Combispace 5F,2008,PARTNER Kasten 5,508,EXPERT Tepee VF3V_,EXPERT Kasten VF3A_, VF3U_, VF3X_,PARTNER Kasten,206 Stufenheck,BIPPER AA_,308 II,BIPPER Tepee,206 Van,4008,301,308 SW II,207 Van,EXPERT Pritsche\/Fahrgestell,PARTNER Pritsche\/Fahrgestell; 0515T3, 1690296, AVQ66B319AA, 0515T3<\/p>\n","protected":false},"excerpt":{"rendered":"<p>CORTECO Hihnapy\u00f6r\u00e4sarja, Kampiakseli 80004330  MAZDA,VOLVO,SUZUKI,2 DE,3 BL,5 CW,3 Stufenheck BL,V50 MW,V70 III BW,C30,V60,S40 II MS,V40 Schr\u00e4gheck<\/p>\n","protected":false},"featured_media":0,"template":"","meta":{"site-sidebar-layout":"default","site-content-layout":"default","ast-global-header-display":"","ast-main-header-display":"","ast-hfb-above-header-display":"","ast-hfb-below-header-display":"","ast-hfb-mobile-header-display":"","site-post-title":"","ast-breadcrumbs-content":"","ast-featured-img":"","footer-sml-layout":"","theme-transparent-header-meta":"","adv-header-id-meta":"","stick-header-meta":"","header-above-stick-meta":"","header-main-stick-meta":"","header-below-stick-meta":""},"pwb-brand":[53],"product_cat":[219],"product_tag":[],"class_list":{"0":"post-84318","1":"product","2":"type-product","3":"status-publish","5":"pwb-brand-corteco","6":"product_cat-kampiakselin-hihnapyora","7":"desktop-align-left","8":"tablet-align-left","9":"mobile-align-left","11":"first","12":"instock","13":"product-type-external"},"brands":[{"id":53,"name":"CORTECO","slug":"corteco"}],"_links":{"self":[{"href":"https:\/\/www.autonvaraosahaku.fi\/index.php?rest_route=\/wp\/v2\/product\/84318","targetHints":{"allow":["GET"]}}],"collection":[{"href":"https:\/\/www.autonvaraosahaku.fi\/index.php?rest_route=\/wp\/v2\/product"}],"about":[{"href":"https:\/\/www.autonvaraosahaku.fi\/index.php?rest_route=\/wp\/v2\/types\/product"}],"wp:attachment":[{"href":"https:\/\/www.autonvaraosahaku.fi\/index.php?rest_route=%2Fwp%2Fv2%2Fmedia&parent=84318"}],"wp:term":[{"taxonomy":"pwb-brand","embeddable":true,"href":"https:\/\/www.autonvaraosahaku.fi\/index.php?rest_route=%2Fwp%2Fv2%2Fpwb-brand&post=84318"},{"taxonomy":"product_cat","embeddable":true,"href":"https:\/\/www.autonvaraosahaku.fi\/index.php?rest_route=%2Fwp%2Fv2%2Fproduct_cat&post=84318"},{"taxonomy":"product_tag","embeddable":true,"href":"https:\/\/www.autonvaraosahaku.fi\/index.php?rest_route=%2Fwp%2Fv2%2Fproduct_tag&post=84318"}],"curies":[{"name":"wp","href":"https:\/\/api.w.org\/{rel}","templated":true}]}}