{"id":84326,"date":"2021-02-21T20:34:49","date_gmt":"2021-02-21T20:34:49","guid":{"rendered":"https:\/\/www.autonvaraosahaku.fi\/?product=monroe-g8118-iskunvaimennin"},"modified":"2021-02-21T20:34:54","modified_gmt":"2021-02-21T20:34:54","slug":"monroe-g8118-iskunvaimennin","status":"publish","type":"product","link":"https:\/\/www.autonvaraosahaku.fi\/?product=monroe-g8118-iskunvaimennin","title":{"rendered":"MONROE G8118 Iskunvaimennin"},"content":{"rendered":"<p>Iskunvaimennin tyyppi: Kaasupaine; Iskunvaimennin malli: Joustintuki; Iskunvaimennusj\u00e4rjestelm\u00e4: Kaksiputki; Paino [kg]: 5,300; Reik\u00e4-\u00d8 [mm]: 32; suurin pituus [mm]: 540; v\u00e4h. pituus [mm]: 390; parilliset tuotenumerot: G8117; Pakkauspituus [cm]: 57,5; Pakkausleveys [cm]: 20,3; Pakkauskorkeus [mm]: 20,3; Tullitariffinumero: 87088035; Tappil\u00e4pimitta [mm]: 22; Asennuspuoli: Vorderachse; TOYOTA: RAV 4 III ACA3_, ACE_, ALA3_, GSA3_, ZSA3_,RAV 4 IV ZSA4_, ALA4_; 520846, 5208A2, 5208C8, 5208E1, 4852042160, 4852042180, 4852042190, 4852042310, 4852042311, 4852042320, 4852042360, 4852042370, 4852042371, 4852042390, 4852042410, 4852042411, 4852042420, 4852080071, 4852080072, 4852080074, 4852080195, 4852080196, 4852080299, 4852080313, 4852080314, 4852080315, 4852080316, 4852080346, 4852080347, 4852080349, 4852080413; Iskarit,Iskunvaimennin<\/p>\n","protected":false},"excerpt":{"rendered":"<p>MONROE Iskunvaimentimet MONROE ORIGINAL (Gas Technology) G8118 Iskarit,Iskunvaimennin TOYOTA,RAV 4 III ACA3_, ACE_, ALA3_, GSA3_, ZSA3_<\/p>\n","protected":false},"featured_media":0,"template":"","meta":{"site-sidebar-layout":"default","site-content-layout":"default","ast-global-header-display":"","ast-main-header-display":"","ast-hfb-above-header-display":"","ast-hfb-below-header-display":"","ast-hfb-mobile-header-display":"","site-post-title":"","ast-breadcrumbs-content":"","ast-featured-img":"","footer-sml-layout":"","theme-transparent-header-meta":"","adv-header-id-meta":"","stick-header-meta":"","header-above-stick-meta":"","header-main-stick-meta":"","header-below-stick-meta":""},"pwb-brand":[79],"product_cat":[80],"product_tag":[],"class_list":{"0":"post-84326","1":"product","2":"type-product","3":"status-publish","5":"pwb-brand-monroe","6":"product_cat-iskunvaimennin","7":"desktop-align-left","8":"tablet-align-left","9":"mobile-align-left","11":"first","12":"instock","13":"product-type-external"},"brands":[{"id":79,"name":"MONROE","slug":"monroe"}],"_links":{"self":[{"href":"https:\/\/www.autonvaraosahaku.fi\/index.php?rest_route=\/wp\/v2\/product\/84326","targetHints":{"allow":["GET"]}}],"collection":[{"href":"https:\/\/www.autonvaraosahaku.fi\/index.php?rest_route=\/wp\/v2\/product"}],"about":[{"href":"https:\/\/www.autonvaraosahaku.fi\/index.php?rest_route=\/wp\/v2\/types\/product"}],"wp:attachment":[{"href":"https:\/\/www.autonvaraosahaku.fi\/index.php?rest_route=%2Fwp%2Fv2%2Fmedia&parent=84326"}],"wp:term":[{"taxonomy":"pwb-brand","embeddable":true,"href":"https:\/\/www.autonvaraosahaku.fi\/index.php?rest_route=%2Fwp%2Fv2%2Fpwb-brand&post=84326"},{"taxonomy":"product_cat","embeddable":true,"href":"https:\/\/www.autonvaraosahaku.fi\/index.php?rest_route=%2Fwp%2Fv2%2Fproduct_cat&post=84326"},{"taxonomy":"product_tag","embeddable":true,"href":"https:\/\/www.autonvaraosahaku.fi\/index.php?rest_route=%2Fwp%2Fv2%2Fproduct_tag&post=84326"}],"curies":[{"name":"wp","href":"https:\/\/api.w.org\/{rel}","templated":true}]}}