{"id":84345,"date":"2021-02-21T20:34:56","date_gmt":"2021-02-21T20:34:56","guid":{"rendered":"https:\/\/www.autonvaraosahaku.fi\/?product=mahle-original-ox-79d-oljynsuodatin"},"modified":"2021-02-21T20:35:01","modified_gmt":"2021-02-21T20:35:01","slug":"mahle-original-ox-79d-oljynsuodatin","status":"publish","type":"product","link":"https:\/\/www.autonvaraosahaku.fi\/?product=mahle-original-ox-79d-oljynsuodatin","title":{"rendered":"MAHLE ORIGINAL OX 79D \u00d6ljynsuodatin"},"content":{"rendered":"<p>Suodatintyyppi: Suodatinpanos; Korkeus (mm): 109,8; Korkeus 1 (mm): 105,0; L\u00e4pimitta [mm]: 84,0; Ulkol\u00e4pimitta 1 [mm]: 83,8; Sis\u00e4l\u00e4pimitta 1 [mm]: 13,6; L\u00e4pimitta 3 [mm]: 13,6; Tiivisteen l\u00e4pimitta [mm]: 13,6; PORSCHE: 356 Coupe,912,356 Cabriolet\/Speedster,912 Targa; BORGWARD: ISABELLA; 33710530209, 0713069901, 0713069902, 711224U, 1121689, 1121694, 1123151, 1123152, 1403695, 1405639, 1685241, 1711791, 1711971, 1723382, 1733882, 1821552, 200136, 302496, 3113311, 3990068, 645635, 645638, 646535, 6473475, 647519, 649421, 654638, 731125, 808042, 852758, 861032, 8990041, 8990044, 8990068, 907630, 909335, 911208, HA302494, HA302496, J0302496, J0647345, J0909335, J3990068, J8990041, J8990068, SP302496, 40060883, 4502498, 4502499, 4734238, 4734248, 545240, 617966M, 74502499, 940955, B2499, B4844, CO2211, 0006731B, 1495703, 9N18632, 9N18649, 9N18662, 9N6714, 9N6731, A700X6731ADA, APN18649, APN6731B, G522126, 1595109, 1595509, 5570003, 5570015, 5570148, 5570224, 5572509, 5572748, 5573444, 5574470, 5576049, 5970295, 1909104, 9900591, 9900893, 9901090, 04463001040, 546078271, 5000255463, 7089340, 87958, 89340<\/p>\n","protected":false},"excerpt":{"rendered":"<p>MAHLE ORIGINAL \u00d6ljynsuodatin OX 79D  PORSCHE,BORGWARD,356 Coupe,912,356 Cabriolet\/Speedster,912 Targa,ISABELLA<\/p>\n","protected":false},"featured_media":0,"template":"","meta":{"site-sidebar-layout":"default","site-content-layout":"default","ast-global-header-display":"","ast-main-header-display":"","ast-hfb-above-header-display":"","ast-hfb-below-header-display":"","ast-hfb-mobile-header-display":"","site-post-title":"","ast-breadcrumbs-content":"","ast-featured-img":"","footer-sml-layout":"","theme-transparent-header-meta":"","adv-header-id-meta":"","stick-header-meta":"","header-above-stick-meta":"","header-main-stick-meta":"","header-below-stick-meta":""},"pwb-brand":[153],"product_cat":[30],"product_tag":[],"class_list":{"0":"post-84345","1":"product","2":"type-product","3":"status-publish","5":"pwb-brand-mahle-original","6":"product_cat-oljynsuodatin","7":"desktop-align-left","8":"tablet-align-left","9":"mobile-align-left","11":"first","12":"instock","13":"product-type-external"},"brands":[{"id":153,"name":"MAHLE ORIGINAL","slug":"mahle-original"}],"_links":{"self":[{"href":"https:\/\/www.autonvaraosahaku.fi\/index.php?rest_route=\/wp\/v2\/product\/84345","targetHints":{"allow":["GET"]}}],"collection":[{"href":"https:\/\/www.autonvaraosahaku.fi\/index.php?rest_route=\/wp\/v2\/product"}],"about":[{"href":"https:\/\/www.autonvaraosahaku.fi\/index.php?rest_route=\/wp\/v2\/types\/product"}],"wp:attachment":[{"href":"https:\/\/www.autonvaraosahaku.fi\/index.php?rest_route=%2Fwp%2Fv2%2Fmedia&parent=84345"}],"wp:term":[{"taxonomy":"pwb-brand","embeddable":true,"href":"https:\/\/www.autonvaraosahaku.fi\/index.php?rest_route=%2Fwp%2Fv2%2Fpwb-brand&post=84345"},{"taxonomy":"product_cat","embeddable":true,"href":"https:\/\/www.autonvaraosahaku.fi\/index.php?rest_route=%2Fwp%2Fv2%2Fproduct_cat&post=84345"},{"taxonomy":"product_tag","embeddable":true,"href":"https:\/\/www.autonvaraosahaku.fi\/index.php?rest_route=%2Fwp%2Fv2%2Fproduct_tag&post=84345"}],"curies":[{"name":"wp","href":"https:\/\/api.w.org\/{rel}","templated":true}]}}