{"id":84347,"date":"2021-02-21T20:34:56","date_gmt":"2021-02-21T20:34:56","guid":{"rendered":"https:\/\/www.autonvaraosahaku.fi\/?product=gates-t38071-ohjainrulla"},"modified":"2021-02-21T20:35:02","modified_gmt":"2021-02-21T20:35:02","slug":"gates-t38071-ohjainrulla","status":"publish","type":"product","link":"https:\/\/www.autonvaraosahaku.fi\/?product=gates-t38071-ohjainrulla","title":{"rendered":"GATES T38071 Ohjainrulla"},"content":{"rendered":"<p>Materiaali: Muovi; Rihloja (kpl): 0; Ulkol\u00e4pimitta [mm]: 70; Sis\u00e4l\u00e4pimitta [mm]: 10; Leveys (mm): 25; lis\u00e4tieto: PowerGrip\u00ae; Valmistusvuosi alkaen: 09\/1995; BMW: 3 E46,5 E39,X3 E83,5 Touring E39,3 Compact E36,3 E36,7 E38,3 Coupe E36,Z3 E36,5 E34,3 Cabriolet E36,3 Touring E36,5 Touring E34,Z3 Coupe E36; SKODA: FELICIA I 6U1,FELICIA II 6U1,FELICIA I Fun 797,FELICIA I Kombi 6U5,FELICIA II Kombi 6U5; 11281726343, 11281748131, 047145276B; Ohjainrulla, Moniurahihna<\/p>\n","protected":false},"excerpt":{"rendered":"<p>GATES Ohjainrulla T38071 Ohjainrulla, Moniurahihna BMW,SKODA,3 E46,5 E39,X3 E83,5 Touring E39,3 Compact E36,3 E36,7 E38,3 Coupe E36,Z3 E36,5 E34<\/p>\n","protected":false},"featured_media":0,"template":"","meta":{"site-sidebar-layout":"default","site-content-layout":"default","ast-global-header-display":"","ast-main-header-display":"","ast-hfb-above-header-display":"","ast-hfb-below-header-display":"","ast-hfb-mobile-header-display":"","site-post-title":"","ast-breadcrumbs-content":"","ast-featured-img":"","footer-sml-layout":"","theme-transparent-header-meta":"","adv-header-id-meta":"","stick-header-meta":"","header-above-stick-meta":"","header-main-stick-meta":"","header-below-stick-meta":""},"pwb-brand":[22],"product_cat":[308],"product_tag":[],"class_list":{"0":"post-84347","1":"product","2":"type-product","3":"status-publish","5":"pwb-brand-gates","6":"product_cat-ohjainrulla","7":"desktop-align-left","8":"tablet-align-left","9":"mobile-align-left","11":"first","12":"instock","13":"product-type-external"},"brands":[{"id":22,"name":"GATES","slug":"gates"}],"_links":{"self":[{"href":"https:\/\/www.autonvaraosahaku.fi\/index.php?rest_route=\/wp\/v2\/product\/84347","targetHints":{"allow":["GET"]}}],"collection":[{"href":"https:\/\/www.autonvaraosahaku.fi\/index.php?rest_route=\/wp\/v2\/product"}],"about":[{"href":"https:\/\/www.autonvaraosahaku.fi\/index.php?rest_route=\/wp\/v2\/types\/product"}],"wp:attachment":[{"href":"https:\/\/www.autonvaraosahaku.fi\/index.php?rest_route=%2Fwp%2Fv2%2Fmedia&parent=84347"}],"wp:term":[{"taxonomy":"pwb-brand","embeddable":true,"href":"https:\/\/www.autonvaraosahaku.fi\/index.php?rest_route=%2Fwp%2Fv2%2Fpwb-brand&post=84347"},{"taxonomy":"product_cat","embeddable":true,"href":"https:\/\/www.autonvaraosahaku.fi\/index.php?rest_route=%2Fwp%2Fv2%2Fproduct_cat&post=84347"},{"taxonomy":"product_tag","embeddable":true,"href":"https:\/\/www.autonvaraosahaku.fi\/index.php?rest_route=%2Fwp%2Fv2%2Fproduct_tag&post=84347"}],"curies":[{"name":"wp","href":"https:\/\/api.w.org\/{rel}","templated":true}]}}