{"id":84351,"date":"2021-02-21T20:35:04","date_gmt":"2021-02-21T20:35:04","guid":{"rendered":"https:\/\/www.autonvaraosahaku.fi\/?product=ae-v94044-pakoventtiili"},"modified":"2021-02-21T20:35:04","modified_gmt":"2021-02-21T20:35:04","slug":"ae-v94044-pakoventtiili","status":"publish","type":"product","link":"https:\/\/www.autonvaraosahaku.fi\/?product=ae-v94044-pakoventtiili","title":{"rendered":"AE V94044 Pakoventtiili"},"content":{"rendered":"<p>Pituus (mm): 103,300; Materiaali: Bimetalli, Kromi-mangani-nikkeliter\u00e4s; Korvaava tuote\/korvaava tiedote 2: venttiilinvarsi kromattu, Venttilivarren p\u00e4\u00e4 karkaistu; Venttiililautasen l\u00e4pimitta [mm]: 27,000; Venttiilinvarren l\u00e4pimitta [mm]: 7,000; venttiiliistukan kulma [astetta]: 45; Venttiilivarsimateriaali: Kromi-siliciumter\u00e4s; TECDOC-moottorinumero: 5042; VOLVO: V40 Kombi VW,V70 II SW,V50 MW,XC90 I,V70 I LV,S60 I,850 Kombi LW,V70 III BW,C30,S80 I TS, XY,S40 II MS,XC70 CROSS COUNTRY,S40 I VS,C70 II Cabriolet,S80 II AS,C70 I Cabriolet,C70 I Coupe,850 LS,960 II Kombi 965,S70 LS,960 II 964,V90 Kombi,960 Kombi 965,960 964,S90; RENAULT: LAGUNA I B56_, 556_,LAGUNA I Grandtour K56_,SAFRANE II B54_; 7438610008, 13668827<\/p>\n","protected":false},"excerpt":{"rendered":"<p>AE Pakoventtiili V94044  VOLVO,RENAULT,V40 Kombi VW,V70 II SW,V50 MW,XC90 I,V70 I LV,S60 I,850 Kombi LW,V70 III BW,C30,S80 I TS, XY,S40 II MS<\/p>\n","protected":false},"featured_media":0,"template":"","meta":{"site-sidebar-layout":"default","site-content-layout":"default","ast-global-header-display":"","ast-main-header-display":"","ast-hfb-above-header-display":"","ast-hfb-below-header-display":"","ast-hfb-mobile-header-display":"","site-post-title":"","ast-breadcrumbs-content":"","ast-featured-img":"","footer-sml-layout":"","theme-transparent-header-meta":"","adv-header-id-meta":"","stick-header-meta":"","header-above-stick-meta":"","header-main-stick-meta":"","header-below-stick-meta":""},"pwb-brand":[190],"product_cat":[209],"product_tag":[],"class_list":{"0":"post-84351","1":"product","2":"type-product","3":"status-publish","5":"pwb-brand-ae","6":"product_cat-pakoventtiili","7":"desktop-align-left","8":"tablet-align-left","9":"mobile-align-left","11":"first","12":"instock","13":"product-type-external"},"brands":[{"id":190,"name":"AE","slug":"ae"}],"_links":{"self":[{"href":"https:\/\/www.autonvaraosahaku.fi\/index.php?rest_route=\/wp\/v2\/product\/84351","targetHints":{"allow":["GET"]}}],"collection":[{"href":"https:\/\/www.autonvaraosahaku.fi\/index.php?rest_route=\/wp\/v2\/product"}],"about":[{"href":"https:\/\/www.autonvaraosahaku.fi\/index.php?rest_route=\/wp\/v2\/types\/product"}],"wp:attachment":[{"href":"https:\/\/www.autonvaraosahaku.fi\/index.php?rest_route=%2Fwp%2Fv2%2Fmedia&parent=84351"}],"wp:term":[{"taxonomy":"pwb-brand","embeddable":true,"href":"https:\/\/www.autonvaraosahaku.fi\/index.php?rest_route=%2Fwp%2Fv2%2Fpwb-brand&post=84351"},{"taxonomy":"product_cat","embeddable":true,"href":"https:\/\/www.autonvaraosahaku.fi\/index.php?rest_route=%2Fwp%2Fv2%2Fproduct_cat&post=84351"},{"taxonomy":"product_tag","embeddable":true,"href":"https:\/\/www.autonvaraosahaku.fi\/index.php?rest_route=%2Fwp%2Fv2%2Fproduct_tag&post=84351"}],"curies":[{"name":"wp","href":"https:\/\/api.w.org\/{rel}","templated":true}]}}