{"id":84404,"date":"2021-02-21T20:35:19","date_gmt":"2021-02-21T20:35:19","guid":{"rendered":"https:\/\/www.autonvaraosahaku.fi\/?product=reinz-81-34368-00-nokka-akselin-tiiviste"},"modified":"2021-02-21T20:35:24","modified_gmt":"2021-02-21T20:35:24","slug":"reinz-81-34368-00-nokka-akselin-tiiviste","status":"publish","type":"product","link":"https:\/\/www.autonvaraosahaku.fi\/?product=reinz-81-34368-00-nokka-akselin-tiiviste","title":{"rendered":"REINZ 81-34368-00 Nokka akselin tiiviste"},"content":{"rendered":"<p>Materiaali: PTFE (polytetrafluorietyleeni), ACM (polyakryyli-kautsu); Sis\u00e4l\u00e4pimitta [mm]: 32; Ulkol\u00e4pimitta [mm]: 47; Leveys (mm): 10; Akselitiivisteen malli: A SL; Rihlamalli: Vasen kierre; Asennuspuoli: getriebeseitig; VW: TRANSPORTER IV Bus 70XB, 70XC, 7DB, 7DW,TRANSPORTER IV Kasten 70XA,TOUAREG 7P5,TRANSPORTER IV Pritsche\/Fahrgestell 70XD,LT 28-46 II Kasten 2DA, 2DD, 2DH,LT 28-35 II Bus 2DB, 2DE, 2DK,LT 28-46 II Pritsche\/Fahrgestell 2DC, 2DF, 2DG, 2DL, 2DM; AUDI: A4 Avant 8D5, B5,Q7 4L,A8 4H_; LANCIA: DELTA I 831AB0,DEDRA 835,PRISMA 831AB0; 028103086, 028103086, 028103086, 028103086; Akselitiiviste, Nokka-Akseli<\/p>\n","protected":false},"excerpt":{"rendered":"<p>REINZ Nokka Akselin Tiiviste 81-34368-00 Akselitiiviste, Nokka-Akseli VW,AUDI,LANCIA,TRANSPORTER IV Bus 70XB, 70XC, 7DB, 7DW<\/p>\n","protected":false},"featured_media":0,"template":"","meta":{"site-sidebar-layout":"default","site-content-layout":"default","ast-global-header-display":"","ast-main-header-display":"","ast-hfb-above-header-display":"","ast-hfb-below-header-display":"","ast-hfb-mobile-header-display":"","site-post-title":"","ast-breadcrumbs-content":"","ast-featured-img":"","footer-sml-layout":"","theme-transparent-header-meta":"","adv-header-id-meta":"","stick-header-meta":"","header-above-stick-meta":"","header-main-stick-meta":"","header-below-stick-meta":""},"pwb-brand":[138],"product_cat":[122],"product_tag":[],"class_list":{"0":"post-84404","1":"product","2":"type-product","3":"status-publish","5":"pwb-brand-reinz","6":"product_cat-nokka-akselin-tiiviste","7":"desktop-align-left","8":"tablet-align-left","9":"mobile-align-left","11":"first","12":"instock","13":"product-type-external"},"brands":[{"id":138,"name":"REINZ","slug":"reinz"}],"_links":{"self":[{"href":"https:\/\/www.autonvaraosahaku.fi\/index.php?rest_route=\/wp\/v2\/product\/84404","targetHints":{"allow":["GET"]}}],"collection":[{"href":"https:\/\/www.autonvaraosahaku.fi\/index.php?rest_route=\/wp\/v2\/product"}],"about":[{"href":"https:\/\/www.autonvaraosahaku.fi\/index.php?rest_route=\/wp\/v2\/types\/product"}],"wp:attachment":[{"href":"https:\/\/www.autonvaraosahaku.fi\/index.php?rest_route=%2Fwp%2Fv2%2Fmedia&parent=84404"}],"wp:term":[{"taxonomy":"pwb-brand","embeddable":true,"href":"https:\/\/www.autonvaraosahaku.fi\/index.php?rest_route=%2Fwp%2Fv2%2Fpwb-brand&post=84404"},{"taxonomy":"product_cat","embeddable":true,"href":"https:\/\/www.autonvaraosahaku.fi\/index.php?rest_route=%2Fwp%2Fv2%2Fproduct_cat&post=84404"},{"taxonomy":"product_tag","embeddable":true,"href":"https:\/\/www.autonvaraosahaku.fi\/index.php?rest_route=%2Fwp%2Fv2%2Fproduct_tag&post=84404"}],"curies":[{"name":"wp","href":"https:\/\/api.w.org\/{rel}","templated":true}]}}