{"id":84415,"date":"2021-02-21T20:35:27","date_gmt":"2021-02-21T20:35:27","guid":{"rendered":"https:\/\/www.autonvaraosahaku.fi\/?product=topran-110-331-kampiakselin-tiiviste"},"modified":"2021-02-21T20:35:29","modified_gmt":"2021-02-21T20:35:29","slug":"topran-110-331-kampiakselin-tiiviste","status":"publish","type":"product","link":"https:\/\/www.autonvaraosahaku.fi\/?product=topran-110-331-kampiakselin-tiiviste","title":{"rendered":"TOPRAN 110 331 Kampiakselin tiiviste"},"content":{"rendered":"<p>Asennuspuoli: Vaihteiston puoli; Korkeus (mm): 11; Sis\u00e4l\u00e4pimitta [mm]: 85; Ulkol\u00e4pimitta [mm]: 105; Materiaali: PTFE (polytetrafluorietyleeni); Suojavaippa: Suojakumilla; TECDOC-moottorinumero: 5559; VW: GOLF IV 1J1,GOLF V 1K1,POLO 9N_,PASSAT Variant 3C5,PASSAT Variant 3B6,TRANSPORTER IV Bus 70XB, 70XC, 7DB, 7DW,PASSAT 3C2,POLO 6R, 6C,PASSAT Variant 365,GOLF IV Variant 1J5,SHARAN 7M8, 7M9, 7M6,PASSAT Variant 3B5,TRANSPORTER V Bus 7HB, 7HJ, 7EB, 7EJ, 7EF,FOX 5Z1, 5Z3,TOUAREG 7LA, 7L6, 7L7,BORA 1J2,PASSAT 3B2,TRANSPORTER IV Kasten 70XA,EOS 1F7, 1F8,TRANSPORTER V Kasten 7HA, 7HH, 7EA, 7EH,PASSAT CC 357,NEW BEETLE 9C1, 1C1,PASSAT 3B3,BORA Kombi 1J6,TOUAREG 7P5,PASSAT 362,CC 358,TRANSPORTER V Pritsche\/Fahrgestell 7JD, 7JE, 7JL, 7JY, 7JZ,; AUDI: Q7 4L,TT 8N3,TT 8J3,TT Roadster 8N9,TT Roadster 8J9; SKODA: FABIA,FABIA Combi,ROOMSTER 5J,SUPERB Kombi 3T5,SUPERB 3T4,RAPID Spaceback NH1,RAPID NH3; SEAT: IBIZA IV 6L1,LEON 1M1,ALHAMBRA 7V8, 7V9,IBIZA V ST 6J8, 6P8,TOLEDO II 1M2,IBIZA V SPORTCOUPE 6J1, 6P1,CORDOBA 6L2,TOLEDO IV KG3; FORD: GALAXY WGR; PORSCHE: CAYENNE 955,CAYENNE; 021103051, 021103051A, 021103051C, 1206326, YM216701AB, 95510105100, 021103051, 021103051A, 021103051C, 021103051, 021103051A, 021103051C, 021103051, 021103051A, 021103051C; Akselitiiviste, Kampiakseli<\/p>\n","protected":false},"excerpt":{"rendered":"<p>TOPRAN Kampiakselin Tiiviste 110 331 Akselitiiviste, Kampiakseli VW,AUDI,SKODA,GOLF IV 1J1,GOLF V 1K1,POLO 9N_,PASSAT Variant 3C5,PASSAT Variant 3B6<\/p>\n","protected":false},"featured_media":0,"template":"","meta":{"site-sidebar-layout":"default","site-content-layout":"default","ast-global-header-display":"","ast-main-header-display":"","ast-hfb-above-header-display":"","ast-hfb-below-header-display":"","ast-hfb-mobile-header-display":"","site-post-title":"","ast-breadcrumbs-content":"","ast-featured-img":"","footer-sml-layout":"","theme-transparent-header-meta":"","adv-header-id-meta":"","stick-header-meta":"","header-above-stick-meta":"","header-main-stick-meta":"","header-below-stick-meta":""},"pwb-brand":[18],"product_cat":[88],"product_tag":[],"class_list":{"0":"post-84415","1":"product","2":"type-product","3":"status-publish","5":"pwb-brand-topran","6":"product_cat-kampiakselin-tiiviste","7":"desktop-align-left","8":"tablet-align-left","9":"mobile-align-left","11":"first","12":"instock","13":"product-type-external"},"brands":[{"id":18,"name":"TOPRAN","slug":"topran"}],"_links":{"self":[{"href":"https:\/\/www.autonvaraosahaku.fi\/index.php?rest_route=\/wp\/v2\/product\/84415","targetHints":{"allow":["GET"]}}],"collection":[{"href":"https:\/\/www.autonvaraosahaku.fi\/index.php?rest_route=\/wp\/v2\/product"}],"about":[{"href":"https:\/\/www.autonvaraosahaku.fi\/index.php?rest_route=\/wp\/v2\/types\/product"}],"wp:attachment":[{"href":"https:\/\/www.autonvaraosahaku.fi\/index.php?rest_route=%2Fwp%2Fv2%2Fmedia&parent=84415"}],"wp:term":[{"taxonomy":"pwb-brand","embeddable":true,"href":"https:\/\/www.autonvaraosahaku.fi\/index.php?rest_route=%2Fwp%2Fv2%2Fpwb-brand&post=84415"},{"taxonomy":"product_cat","embeddable":true,"href":"https:\/\/www.autonvaraosahaku.fi\/index.php?rest_route=%2Fwp%2Fv2%2Fproduct_cat&post=84415"},{"taxonomy":"product_tag","embeddable":true,"href":"https:\/\/www.autonvaraosahaku.fi\/index.php?rest_route=%2Fwp%2Fv2%2Fproduct_tag&post=84415"}],"curies":[{"name":"wp","href":"https:\/\/api.w.org\/{rel}","templated":true}]}}