{"id":84445,"date":"2021-02-21T20:35:34","date_gmt":"2021-02-21T20:35:34","guid":{"rendered":"https:\/\/www.autonvaraosahaku.fi\/?product=topran-108-114-vetonivel"},"modified":"2021-02-21T20:35:39","modified_gmt":"2021-02-21T20:35:39","slug":"topran-108-114-vetonivel","status":"publish","type":"product","link":"https:\/\/www.autonvaraosahaku.fi\/?product=topran-108-114-vetonivel","title":{"rendered":"TOPRAN 108 114 Vetonivel"},"content":{"rendered":"<p>Asennuspuoli: Etuakseli, vasen, Py\u00f6r\u00e4n puoli, Etuakseli, oikea; Voitelu: Rasvavoitelulla; Nivelen l\u00e4pimitta [mm]: 87,9; T\u00e4yssarja: ; Lukum\u00e4\u00e4r\u00e4 akselille: 2; Nivelmalli: Vakionopeusnivel; Korvaava tuote\/korvaava tiedote 2: Poimusuojuksella, ABS-sensorirenkaalla; Lis\u00e4tarvike\/lis\u00e4tieto: Asennusmateriaalilla; Uusi osa: ; Rungonpalautus vapaaehtoinen: ; OE-numerolle: 8D0 498 099B; Moottorinumero: ADP; VW: PASSAT Variant 3B6,PASSAT Variant 3B5,PASSAT 3B2,PASSAT 3B3; AUDI: A4 8D2, B5,A6 Avant 4B5, C5,A4 Avant 8D5, B5,A6 4B2, C5; SKODA: SUPERB 3U4; 8D0498099, 8D0498099B, 8D0498099BV, 8D0498099BX, 8D0498099, 8D0498099B, 8D0498099BV, 8D0498099BX, 8D0498099, 8D0498099B, 8D0498099BV, 8D0498099BX; Nivelsarja, Vetoakseli<\/p>\n","protected":false},"excerpt":{"rendered":"<p>TOPRAN Vetonivel 108 114 Nivelsarja, Vetoakseli VW,AUDI,SKODA,PASSAT Variant 3B6,PASSAT Variant 3B5,PASSAT 3B2,PASSAT 3B3,A4 8D2, B5,A6 Avant 4B5, C5<\/p>\n","protected":false},"featured_media":0,"template":"","meta":{"site-sidebar-layout":"default","site-content-layout":"default","ast-global-header-display":"","ast-main-header-display":"","ast-hfb-above-header-display":"","ast-hfb-below-header-display":"","ast-hfb-mobile-header-display":"","site-post-title":"","ast-breadcrumbs-content":"","ast-featured-img":"","footer-sml-layout":"","theme-transparent-header-meta":"","adv-header-id-meta":"","stick-header-meta":"","header-above-stick-meta":"","header-main-stick-meta":"","header-below-stick-meta":""},"pwb-brand":[18],"product_cat":[175],"product_tag":[],"class_list":{"0":"post-84445","1":"product","2":"type-product","3":"status-publish","5":"pwb-brand-topran","6":"product_cat-vetonivel","7":"desktop-align-left","8":"tablet-align-left","9":"mobile-align-left","11":"first","12":"instock","13":"product-type-external"},"brands":[{"id":18,"name":"TOPRAN","slug":"topran"}],"_links":{"self":[{"href":"https:\/\/www.autonvaraosahaku.fi\/index.php?rest_route=\/wp\/v2\/product\/84445","targetHints":{"allow":["GET"]}}],"collection":[{"href":"https:\/\/www.autonvaraosahaku.fi\/index.php?rest_route=\/wp\/v2\/product"}],"about":[{"href":"https:\/\/www.autonvaraosahaku.fi\/index.php?rest_route=\/wp\/v2\/types\/product"}],"wp:attachment":[{"href":"https:\/\/www.autonvaraosahaku.fi\/index.php?rest_route=%2Fwp%2Fv2%2Fmedia&parent=84445"}],"wp:term":[{"taxonomy":"pwb-brand","embeddable":true,"href":"https:\/\/www.autonvaraosahaku.fi\/index.php?rest_route=%2Fwp%2Fv2%2Fpwb-brand&post=84445"},{"taxonomy":"product_cat","embeddable":true,"href":"https:\/\/www.autonvaraosahaku.fi\/index.php?rest_route=%2Fwp%2Fv2%2Fproduct_cat&post=84445"},{"taxonomy":"product_tag","embeddable":true,"href":"https:\/\/www.autonvaraosahaku.fi\/index.php?rest_route=%2Fwp%2Fv2%2Fproduct_tag&post=84445"}],"curies":[{"name":"wp","href":"https:\/\/api.w.org\/{rel}","templated":true}]}}