{"id":84448,"date":"2021-02-21T20:35:34","date_gmt":"2021-02-21T20:35:34","guid":{"rendered":"https:\/\/www.autonvaraosahaku.fi\/?product=dt-2-12461-oljynpaineanturi"},"modified":"2021-02-21T20:35:40","modified_gmt":"2021-02-21T20:35:40","slug":"dt-2-12461-oljynpaineanturi","status":"publish","type":"product","link":"https:\/\/www.autonvaraosahaku.fi\/?product=dt-2-12461-oljynpaineanturi","title":{"rendered":"DT 2.12461 \u00d6ljynpaineanturi"},"content":{"rendered":"<p>Paine alkaen (bar): 7; Paine asti (bar): 0; Liittimi\u00e4: 4; Paino [g]: 50; Korvaava tuote\/korvaava tiedote 2: Tiivisterenkaalla; Vaihtopiste enint. [bar]: 7; Kierremitta: M16 x 1,5; Napojen m\u00e4\u00e4r\u00e4: 4; VOLVO: FH,FH II,FH16,FM; 7420484678, 7420796740, 7420898038, 7421302639, 7421540602, 7421634024, 7485139619, 7420484678, 7420796740, 7420898038, 7421302639, 7421540602, 7421634024, 7485139619, 20375013, 20428456, 20484678, 20796740, 20886108, 20898038, 21302639, 21540602, 21634024, 85139619<\/p>\n","protected":false},"excerpt":{"rendered":"<p>DT Tunnistin, \u00d6ljynpaine 2.12461  VOLVO,FH,FH II,FH16,FM<\/p>\n","protected":false},"featured_media":0,"template":"","meta":{"site-sidebar-layout":"default","site-content-layout":"default","ast-global-header-display":"","ast-main-header-display":"","ast-hfb-above-header-display":"","ast-hfb-below-header-display":"","ast-hfb-mobile-header-display":"","site-post-title":"","ast-breadcrumbs-content":"","ast-featured-img":"","footer-sml-layout":"","theme-transparent-header-meta":"","adv-header-id-meta":"","stick-header-meta":"","header-above-stick-meta":"","header-main-stick-meta":"","header-below-stick-meta":""},"pwb-brand":[75],"product_cat":[235],"product_tag":[],"class_list":{"0":"post-84448","1":"product","2":"type-product","3":"status-publish","5":"pwb-brand-dt","6":"product_cat-oljynpaineanturi","7":"desktop-align-left","8":"tablet-align-left","9":"mobile-align-left","11":"first","12":"instock","13":"product-type-external"},"brands":[{"id":75,"name":"DT","slug":"dt"}],"_links":{"self":[{"href":"https:\/\/www.autonvaraosahaku.fi\/index.php?rest_route=\/wp\/v2\/product\/84448","targetHints":{"allow":["GET"]}}],"collection":[{"href":"https:\/\/www.autonvaraosahaku.fi\/index.php?rest_route=\/wp\/v2\/product"}],"about":[{"href":"https:\/\/www.autonvaraosahaku.fi\/index.php?rest_route=\/wp\/v2\/types\/product"}],"wp:attachment":[{"href":"https:\/\/www.autonvaraosahaku.fi\/index.php?rest_route=%2Fwp%2Fv2%2Fmedia&parent=84448"}],"wp:term":[{"taxonomy":"pwb-brand","embeddable":true,"href":"https:\/\/www.autonvaraosahaku.fi\/index.php?rest_route=%2Fwp%2Fv2%2Fpwb-brand&post=84448"},{"taxonomy":"product_cat","embeddable":true,"href":"https:\/\/www.autonvaraosahaku.fi\/index.php?rest_route=%2Fwp%2Fv2%2Fproduct_cat&post=84448"},{"taxonomy":"product_tag","embeddable":true,"href":"https:\/\/www.autonvaraosahaku.fi\/index.php?rest_route=%2Fwp%2Fv2%2Fproduct_tag&post=84448"}],"curies":[{"name":"wp","href":"https:\/\/api.w.org\/{rel}","templated":true}]}}